{"id":9504,"date":"2026-04-09T14:12:42","date_gmt":"2026-04-09T13:12:42","guid":{"rendered":"https:\/\/amian-collectioncars.com\/?post_type=product&#038;p=9504"},"modified":"2026-04-09T14:56:21","modified_gmt":"2026-04-09T13:56:21","slug":"porsche-911-992-gt3","status":"publish","type":"product","link":"https:\/\/amian-collectioncars.com\/en\/fahrzeuge\/porsche\/porsche-911-992-gt3\/","title":{"rendered":"Porsche 911 992 GT3"},"content":{"rendered":"<div class=\"flex flex-col text-sm pb-25\">\n<section class=\"text-token-text-primary w-full focus:outline-none [--shadow-height:45px] has-data-writing-block:pointer-events-none has-data-writing-block:-mt-(--shadow-height) has-data-writing-block:pt-(--shadow-height) [&amp;:has([data-writing-block])&gt;*]:pointer-events-auto scroll-mt-[calc(var(--header-height)+min(200px,max(70px,20svh)))]\" dir=\"auto\" data-turn-id=\"request-WEB:ee957a9c-50b7-47e4-8c3c-88cb3514d8bd-0\" data-testid=\"conversation-turn-2\" data-scroll-anchor=\"true\" data-turn=\"assistant\">\n<div class=\"text-base my-auto mx-auto pb-10 [--thread-content-margin:var(--thread-content-margin-xs,calc(var(--spacing)*4))] @w-sm\/main:[--thread-content-margin:var(--thread-content-margin-sm,calc(var(--spacing)*6))] @w-lg\/main:[--thread-content-margin:var(--thread-content-margin-lg,calc(var(--spacing)*16))] px-(--thread-content-margin)\">\n<div class=\"[--thread-content-max-width:40rem] @w-lg\/main:[--thread-content-max-width:48rem] mx-auto max-w-(--thread-content-max-width) flex-1 group\/turn-messages focus-visible:outline-hidden relative flex w-full min-w-0 flex-col agent-turn\">\n<div class=\"flex max-w-full flex-col gap-4 grow\">\n<div class=\"min-h-8 text-message relative flex w-full flex-col items-end gap-2 text-start break-words whitespace-normal outline-none keyboard-focused:focus-ring [.text-message+&amp;]:mt-1\" dir=\"auto\" tabindex=\"0\" data-message-author-role=\"assistant\" data-message-id=\"10b0cd6f-cbe4-491d-a63e-55a00780a098\" data-message-model-slug=\"gpt-5-3\" data-turn-start-message=\"true\">\n<div class=\"flex w-full flex-col gap-1 empty:hidden\">\n<div class=\"markdown prose dark:prose-invert w-full wrap-break-word light markdown-new-styling\">\n<p data-start=\"0\" data-end=\"209\">Der\u00a0Porsche 911 GT3 (992)\u00a0steht seit jeher f\u00fcr kompromisslose Performance, pr\u00e4zises Handling und echte Motorsport-DNA.<\/p>\n<p data-start=\"0\" data-end=\"209\">Dieser GT3 aus dem Jahr 2022 pr\u00e4sentiert sich in klassischem Schwarz, das seine markanten Linien und aerodynamischen Elemente zur Geltung bringt. Ein Highlight sind die goldenen Felgen, die einen starken Kontrast setzen. Im Innenraum trifft sportliche Funktionalit\u00e4t auf stilvolle Individualit\u00e4t: Schwarzes Interieur mit blauen Akzenten schafft eine dynamische, zugleich exklusive Atmosph\u00e4re.<\/p>\n<p data-start=\"0\" data-end=\"209\">Mit seinem 4,0-Liter-Saugmotor und 510 PS liefert der 911 GT3 ein Fahrerlebnis, das in dieser Form heute nahezu einzigartig ist. Der hochdrehende Boxer-Motor stammt direkt aus dem Motorsport und begeistert mit unmittelbarer Gasannahme, emotionalem Sound und beeindruckender Leistungsentfaltung \u2013 ganz ohne Turboaufladung. Diese Charakteristik macht den GT3 zu einem der puristischsten Sportwagen seiner Klasse.<\/p>\n<p data-start=\"0\" data-end=\"209\">Trotz seiner konsequenten Auslegung auf Performance \u00fcberzeugt der GT3 auch im Alltag mit hoher Verarbeitungsqualit\u00e4t und \u00fcberraschender Alltagstauglichkeit. Die Laufleistung von lediglich 17.626 Kilometern unterstreicht den sehr gepflegten Zustand des Fahrzeugs.<\/p>\n<p data-start=\"0\" data-end=\"209\">Der 992 GT3 markiert einen weiteren Meilenstein in der Entwicklung der GT-Modelle von Porsche: Mit Doppelquerlenker-Vorderachse und konsequentem Leichtbau setzt er neue Ma\u00dfst\u00e4be in Sachen Fahrdynamik.<\/p>\n<p data-start=\"0\" data-end=\"209\">Ein Fahrzeug f\u00fcr Kenner und Enthusiasten \u2013 puristisch, kompromisslos auf Fahrfreude ausgelegt.<\/p>\n<\/div>\n<\/div>\n<\/div>\n<\/div>\n<\/div>\n<\/div>\n<\/section>\n<\/div>\n","protected":false},"excerpt":{"rendered":"<p class=\"p1\"><strong>Vehicle data<br \/>\n<\/strong>Category: Used vehicle<br \/>\nPrevious owners: 1<br \/>\nBody: Coup\u00e9<br \/>\nFirst registration: 02\/2022<br \/>\nMileage: 10,952 mi<br \/>\nFuel type: Petrol<br \/>\nPower: 375 kW\/510 hp<br \/>\nTransmission: 7-speed dual-clutch transmission (PDK)<br \/>\nExterior colour: Black<br \/>\nConsumption: 12,4l\/100km<br \/>\nDoors: 2\/3<br \/>\nStatus: Available<br \/>\nPrice: \u20ac192,000<br \/>\nVAT: Not deductible<\/p>","protected":false},"featured_media":9505,"template":"","meta":{"_acf_changed":false,"inline_featured_image":false},"product_brand":[],"product_cat":[258],"product_tag":[501,251,284,504,542,512,292,551,538,510,509,275,404,670,264,550,494,265,250,540],"class_list":{"0":"post-9504","1":"product","2":"type-product","3":"status-publish","4":"has-post-thumbnail","6":"product_cat-porsche","7":"product_tag-amian","8":"product_tag-amian-collection-cars","9":"product_tag-cologne","10":"product_tag-dominik-amian","11":"product_tag-genf","12":"product_tag-hypercars-cologne","13":"product_tag-koeln","14":"product_tag-lake-como","15":"product_tag-london","16":"product_tag-luxury-dealership-cologne","17":"product_tag-luxusautohaus","18":"product_tag-porsche","19":"product_tag-porsche-911","20":"product_tag-porsche-911-992-gt3","21":"product_tag-strassensupersportwagen","22":"product_tag-supercar","23":"product_tag-supercars","24":"product_tag-supersportwagen","25":"product_tag-verkauf","26":"product_tag-wien","28":"first","29":"instock","30":"sold-individually","31":"shipping-taxable","32":"purchasable","33":"product-type-simple"},"acf":[],"yoast_head":"<!-- This site is optimized with the Yoast SEO plugin v27.3 - https:\/\/yoast.com\/product\/yoast-seo-wordpress\/ -->\n<title>Porsche 911 992 GT3 - Amian Collection Cars<\/title>\n<meta name=\"description\" content=\"Porsche (992) 911 Targa 4S Heritage Edition\" \/>\n<meta name=\"robots\" content=\"index, follow, max-snippet:-1, max-image-preview:large, max-video-preview:-1\" \/>\n<link rel=\"canonical\" href=\"https:\/\/amian-collectioncars.com\/en\/fahrzeuge\/porsche\/porsche-911-992-gt3\/\" \/>\n<meta property=\"og:locale\" content=\"en_GB\" \/>\n<meta property=\"og:type\" content=\"article\" \/>\n<meta property=\"og:title\" content=\"Porsche 911 992 GT3 - Amian Collection Cars\" \/>\n<meta property=\"og:description\" content=\"Porsche (992) 911 Targa 4S Heritage Edition\" \/>\n<meta property=\"og:url\" content=\"https:\/\/amian-collectioncars.com\/en\/fahrzeuge\/porsche\/porsche-911-992-gt3\/\" \/>\n<meta property=\"og:site_name\" content=\"Amian Collection Cars\" \/>\n<meta property=\"article:modified_time\" content=\"2026-04-09T13:56:21+00:00\" \/>\n<meta property=\"og:image\" content=\"https:\/\/amian-collectioncars.com\/wp-content\/uploads\/2026\/04\/R5102722-Bearbeitet.jpg\" \/>\n\t<meta property=\"og:image:width\" content=\"1600\" \/>\n\t<meta property=\"og:image:height\" content=\"1067\" \/>\n\t<meta property=\"og:image:type\" content=\"image\/jpeg\" \/>\n<meta name=\"twitter:card\" content=\"summary_large_image\" \/>\n<meta name=\"twitter:label1\" content=\"Estimated reading time\" \/>\n\t<meta name=\"twitter:data1\" content=\"2 minutes\" \/>\n<script type=\"application\/ld+json\" class=\"yoast-schema-graph\">{\"@context\":\"https:\\\/\\\/schema.org\",\"@graph\":[{\"@type\":\"WebPage\",\"@id\":\"https:\\\/\\\/amian-collectioncars.com\\\/fahrzeuge\\\/porsche\\\/porsche-911-992-gt3\\\/\",\"url\":\"https:\\\/\\\/amian-collectioncars.com\\\/fahrzeuge\\\/porsche\\\/porsche-911-992-gt3\\\/\",\"name\":\"Porsche 911 992 GT3 - Amian Collection Cars\",\"isPartOf\":{\"@id\":\"https:\\\/\\\/amian-collectioncars.com\\\/en\\\/#website\"},\"primaryImageOfPage\":{\"@id\":\"https:\\\/\\\/amian-collectioncars.com\\\/fahrzeuge\\\/porsche\\\/porsche-911-992-gt3\\\/#primaryimage\"},\"image\":{\"@id\":\"https:\\\/\\\/amian-collectioncars.com\\\/fahrzeuge\\\/porsche\\\/porsche-911-992-gt3\\\/#primaryimage\"},\"thumbnailUrl\":\"https:\\\/\\\/amian-collectioncars.com\\\/wp-content\\\/uploads\\\/2026\\\/04\\\/R5102722-Bearbeitet.jpg\",\"datePublished\":\"2026-04-09T13:12:42+00:00\",\"dateModified\":\"2026-04-09T13:56:21+00:00\",\"description\":\"Porsche (992) 911 Targa 4S Heritage Edition\",\"breadcrumb\":{\"@id\":\"https:\\\/\\\/amian-collectioncars.com\\\/fahrzeuge\\\/porsche\\\/porsche-911-992-gt3\\\/#breadcrumb\"},\"inLanguage\":\"en-GB\",\"potentialAction\":[{\"@type\":\"ReadAction\",\"target\":[\"https:\\\/\\\/amian-collectioncars.com\\\/fahrzeuge\\\/porsche\\\/porsche-911-992-gt3\\\/\"]}]},{\"@type\":\"ImageObject\",\"inLanguage\":\"en-GB\",\"@id\":\"https:\\\/\\\/amian-collectioncars.com\\\/fahrzeuge\\\/porsche\\\/porsche-911-992-gt3\\\/#primaryimage\",\"url\":\"https:\\\/\\\/amian-collectioncars.com\\\/wp-content\\\/uploads\\\/2026\\\/04\\\/R5102722-Bearbeitet.jpg\",\"contentUrl\":\"https:\\\/\\\/amian-collectioncars.com\\\/wp-content\\\/uploads\\\/2026\\\/04\\\/R5102722-Bearbeitet.jpg\",\"width\":1600,\"height\":1067,\"caption\":\"PORSCHE 911 992 GT3\"},{\"@type\":\"BreadcrumbList\",\"@id\":\"https:\\\/\\\/amian-collectioncars.com\\\/fahrzeuge\\\/porsche\\\/porsche-911-992-gt3\\\/#breadcrumb\",\"itemListElement\":[{\"@type\":\"ListItem\",\"position\":1,\"name\":\"Startseite\",\"item\":\"https:\\\/\\\/amian-collectioncars.com\\\/\"},{\"@type\":\"ListItem\",\"position\":2,\"name\":\"Fahrzeuge Deaktiviert\",\"item\":\"https:\\\/\\\/amian-collectioncars.com\\\/?page_id=6\"},{\"@type\":\"ListItem\",\"position\":3,\"name\":\"Porsche 911 992 GT3\"}]},{\"@type\":\"WebSite\",\"@id\":\"https:\\\/\\\/amian-collectioncars.com\\\/en\\\/#website\",\"url\":\"https:\\\/\\\/amian-collectioncars.com\\\/en\\\/\",\"name\":\"Amian Collection Cars\",\"description\":\"Amian Exclusive Cars aus K\u00f6ln\",\"potentialAction\":[{\"@type\":\"SearchAction\",\"target\":{\"@type\":\"EntryPoint\",\"urlTemplate\":\"https:\\\/\\\/amian-collectioncars.com\\\/en\\\/?s={search_term_string}\"},\"query-input\":{\"@type\":\"PropertyValueSpecification\",\"valueRequired\":true,\"valueName\":\"search_term_string\"}}],\"inLanguage\":\"en-GB\"}]}<\/script>\n<!-- \/ Yoast SEO plugin. -->","yoast_head_json":{"title":"Porsche 911 992 GT3 - Amian Collection Cars","description":"Porsche (992) 911 Targa 4S Heritage Edition","robots":{"index":"index","follow":"follow","max-snippet":"max-snippet:-1","max-image-preview":"max-image-preview:large","max-video-preview":"max-video-preview:-1"},"canonical":"https:\/\/amian-collectioncars.com\/en\/fahrzeuge\/porsche\/porsche-911-992-gt3\/","og_locale":"en_GB","og_type":"article","og_title":"Porsche 911 992 GT3 - Amian Collection Cars","og_description":"Porsche (992) 911 Targa 4S Heritage Edition","og_url":"https:\/\/amian-collectioncars.com\/en\/fahrzeuge\/porsche\/porsche-911-992-gt3\/","og_site_name":"Amian Collection Cars","article_modified_time":"2026-04-09T13:56:21+00:00","og_image":[{"width":1600,"height":1067,"url":"https:\/\/amian-collectioncars.com\/wp-content\/uploads\/2026\/04\/R5102722-Bearbeitet.jpg","type":"image\/jpeg"}],"twitter_card":"summary_large_image","twitter_misc":{"Estimated reading time":"2 minutes"},"schema":{"@context":"https:\/\/schema.org","@graph":[{"@type":"WebPage","@id":"https:\/\/amian-collectioncars.com\/fahrzeuge\/porsche\/porsche-911-992-gt3\/","url":"https:\/\/amian-collectioncars.com\/fahrzeuge\/porsche\/porsche-911-992-gt3\/","name":"Porsche 911 992 GT3 - Amian Collection Cars","isPartOf":{"@id":"https:\/\/amian-collectioncars.com\/en\/#website"},"primaryImageOfPage":{"@id":"https:\/\/amian-collectioncars.com\/fahrzeuge\/porsche\/porsche-911-992-gt3\/#primaryimage"},"image":{"@id":"https:\/\/amian-collectioncars.com\/fahrzeuge\/porsche\/porsche-911-992-gt3\/#primaryimage"},"thumbnailUrl":"https:\/\/amian-collectioncars.com\/wp-content\/uploads\/2026\/04\/R5102722-Bearbeitet.jpg","datePublished":"2026-04-09T13:12:42+00:00","dateModified":"2026-04-09T13:56:21+00:00","description":"Porsche (992) 911 Targa 4S Heritage Edition","breadcrumb":{"@id":"https:\/\/amian-collectioncars.com\/fahrzeuge\/porsche\/porsche-911-992-gt3\/#breadcrumb"},"inLanguage":"en-GB","potentialAction":[{"@type":"ReadAction","target":["https:\/\/amian-collectioncars.com\/fahrzeuge\/porsche\/porsche-911-992-gt3\/"]}]},{"@type":"ImageObject","inLanguage":"en-GB","@id":"https:\/\/amian-collectioncars.com\/fahrzeuge\/porsche\/porsche-911-992-gt3\/#primaryimage","url":"https:\/\/amian-collectioncars.com\/wp-content\/uploads\/2026\/04\/R5102722-Bearbeitet.jpg","contentUrl":"https:\/\/amian-collectioncars.com\/wp-content\/uploads\/2026\/04\/R5102722-Bearbeitet.jpg","width":1600,"height":1067,"caption":"PORSCHE 911 992 GT3"},{"@type":"BreadcrumbList","@id":"https:\/\/amian-collectioncars.com\/fahrzeuge\/porsche\/porsche-911-992-gt3\/#breadcrumb","itemListElement":[{"@type":"ListItem","position":1,"name":"Startseite","item":"https:\/\/amian-collectioncars.com\/"},{"@type":"ListItem","position":2,"name":"Fahrzeuge Deaktiviert","item":"https:\/\/amian-collectioncars.com\/?page_id=6"},{"@type":"ListItem","position":3,"name":"Porsche 911 992 GT3"}]},{"@type":"WebSite","@id":"https:\/\/amian-collectioncars.com\/en\/#website","url":"https:\/\/amian-collectioncars.com\/en\/","name":"Amian Collection Cars","description":"Amian Exclusive Cars aus K\u00f6ln","potentialAction":[{"@type":"SearchAction","target":{"@type":"EntryPoint","urlTemplate":"https:\/\/amian-collectioncars.com\/en\/?s={search_term_string}"},"query-input":{"@type":"PropertyValueSpecification","valueRequired":true,"valueName":"search_term_string"}}],"inLanguage":"en-GB"}]}},"jetpack_sharing_enabled":true,"_links":{"self":[{"href":"https:\/\/amian-collectioncars.com\/en\/wp-json\/wp\/v2\/product\/9504","targetHints":{"allow":["GET"]}}],"collection":[{"href":"https:\/\/amian-collectioncars.com\/en\/wp-json\/wp\/v2\/product"}],"about":[{"href":"https:\/\/amian-collectioncars.com\/en\/wp-json\/wp\/v2\/types\/product"}],"wp:featuredmedia":[{"embeddable":true,"href":"https:\/\/amian-collectioncars.com\/en\/wp-json\/wp\/v2\/media\/9505"}],"wp:attachment":[{"href":"https:\/\/amian-collectioncars.com\/en\/wp-json\/wp\/v2\/media?parent=9504"}],"wp:term":[{"taxonomy":"product_brand","embeddable":true,"href":"https:\/\/amian-collectioncars.com\/en\/wp-json\/wp\/v2\/product_brand?post=9504"},{"taxonomy":"product_cat","embeddable":true,"href":"https:\/\/amian-collectioncars.com\/en\/wp-json\/wp\/v2\/product_cat?post=9504"},{"taxonomy":"product_tag","embeddable":true,"href":"https:\/\/amian-collectioncars.com\/en\/wp-json\/wp\/v2\/product_tag?post=9504"}],"curies":[{"name":"wp","href":"https:\/\/api.w.org\/{rel}","templated":true}]}}