{"id":9459,"date":"2026-03-02T15:33:11","date_gmt":"2026-03-02T14:33:11","guid":{"rendered":"https:\/\/amian-collectioncars.com\/?post_type=product&#038;p=9459"},"modified":"2026-03-03T12:11:27","modified_gmt":"2026-03-03T11:11:27","slug":"porsche-911-s-t-2","status":"publish","type":"product","link":"https:\/\/amian-collectioncars.com\/en\/fahrzeuge\/porsche\/porsche-911-s-t-2\/","title":{"rendered":"Porsche 911 S\/T"},"content":{"rendered":"<article class=\"text-token-text-primary w-full focus:outline-none [--shadow-height:45px] has-data-writing-block:pointer-events-none has-data-writing-block:-mt-(--shadow-height) has-data-writing-block:pt-(--shadow-height) [&amp;:has([data-writing-block])&gt;*]:pointer-events-auto scroll-mt-(--header-height)\" dir=\"auto\" tabindex=\"-1\" data-turn-id=\"152202e3-e18c-4104-85cf-82940a0ccf10\" data-testid=\"conversation-turn-1\" data-scroll-anchor=\"false\" data-turn=\"user\"><\/article>\n<article class=\"text-token-text-primary w-full focus:outline-none [--shadow-height:45px] has-data-writing-block:pointer-events-none has-data-writing-block:-mt-(--shadow-height) has-data-writing-block:pt-(--shadow-height) [&amp;:has([data-writing-block])&gt;*]:pointer-events-auto scroll-mt-[calc(var(--header-height)+min(200px,max(70px,20svh)))]\" dir=\"auto\" tabindex=\"-1\" data-turn-id=\"request-WEB:fedcdbaa-9bd2-47c0-9fab-1953f31b17f6-0\" data-testid=\"conversation-turn-2\" data-scroll-anchor=\"true\" data-turn=\"assistant\">\n<div class=\"text-base my-auto mx-auto pb-10 [--thread-content-margin:--spacing(4)] @w-sm\/main:[--thread-content-margin:--spacing(6)] @w-lg\/main:[--thread-content-margin:--spacing(16)] px-(--thread-content-margin)\">\n<div class=\"[--thread-content-max-width:40rem] @w-lg\/main:[--thread-content-max-width:48rem] mx-auto max-w-(--thread-content-max-width) flex-1 group\/turn-messages focus-visible:outline-hidden relative flex w-full min-w-0 flex-col agent-turn\" tabindex=\"-1\">\n<div class=\"flex max-w-full flex-col grow\">\n<div class=\"min-h-8 text-message relative flex w-full flex-col items-end gap-2 text-start break-words whitespace-normal [.text-message+&amp;]:mt-1\" dir=\"auto\" data-message-author-role=\"assistant\" data-message-id=\"83880bdd-c1b9-49ad-9efd-6c2536fd4823\" data-message-model-slug=\"gpt-5-2\">\n<div class=\"flex w-full flex-col gap-1 empty:hidden first:pt-[1px]\">\n<div class=\"markdown prose dark:prose-invert w-full wrap-break-word light markdown-new-styling\">\n<p data-start=\"0\" data-end=\"101\"><strong data-start=\"0\" data-end=\"101\"><span class=\"hover:entity-accent entity-underline inline cursor-pointer align-baseline\"><span class=\"whitespace-normal\">Porsche 911 S\/T <\/span><\/span>\u2013 Purismus auf den Punkt gebracht<\/strong><\/p>\n<p data-start=\"103\" data-end=\"437\">Zum 60-j\u00e4hrigen Jubil\u00e4um der 911-Baureihe lancierte\u00a0Porsche\u00a0eine auf 1.963 Einheiten limitierte Sonderedition, die konsequent auf fahrdynamische Essenz reduziert ist: den 911 S\/T.<\/p>\n<p data-start=\"103\" data-end=\"437\">Angetrieben wird der S\/T von dem aus dem\u00a0Porsche 911 GT3 RS\u00a0abgeleiteten 4,0-Liter-Sechszylinder-Boxermotor mit 525 PS. Die Kraft\u00fcbertragung erfolgt \u00fcber ein kurz \u00fcbersetztes Sechsgang-Schaltgetriebe. Der Sprint auf 100 km\/h gelingt in 3,7 Sekunden, die Leistungsentfaltung ist hochdrehend und unmittelbar.<\/p>\n<p data-start=\"103\" data-end=\"437\">Mit einem DIN-Leergewicht von lediglich 1.380 Kilogramm ist der 911 S\/T das leichteste Derivat der Generation 992. M\u00f6glich wird dies durch umfassenden Leichtbau: Bauteile aus CfK (carbonfaserverst\u00e4rkter Kunststoff), Magnesium-Felgen sowie Leichtglas reduzieren die rotierenden und ungefederten Massen signifikant. Der bewusste Verzicht auf Hinterachslenkung sch\u00e4rft die R\u00fcckmeldung an der Vorderachse und sorgt f\u00fcr ein besonders lineares, analoges Handling. Die Auslegung ist klar stra\u00dfenorientiert \u2013 maximale Pr\u00e4zision ohne Rennstrecken-Fokus.<\/p>\n<p data-start=\"103\" data-end=\"437\">Optional verweist das Heritage Design Paket auf die historische DNA des Elfers \u2013 unter anderem mit exklusiven Farb- und Interieurkombinationen sowie klassischen Wappen.<\/p>\n<p data-start=\"103\" data-end=\"437\">Erg\u00e4nzend erschien der streng limitierte Chronograph 1 \u2013 911 S\/T von\u00a0Porsche Design, ebenfalls auf 1.963 Exemplare begrenzt. Das Titan-Geh\u00e4use und das hauseigene Manufakturkaliber greifen die technische Philosophie des Fahrzeugs pr\u00e4zise auf.<\/p>\n<p data-start=\"103\" data-end=\"437\">In Grau wirkt der 911 S\/T nicht laut, sondern konzentriert \u2013 ein Fahrerauto in seiner puristischsten Auspr\u00e4gung.<\/p>\n<\/div>\n<\/div>\n<\/div>\n<\/div>\n<\/div>\n<\/div>\n<\/article>\n","protected":false},"excerpt":{"rendered":"<p class=\"p1\"><strong>Vehicle data<br \/>\n<\/strong>Category: Used vehicle<br \/>\nPrevious owners: 1<br \/>\nBody: Coup\u00e9<br \/>\nFirst registration: 12\/2025<br \/>\nMileage: 17mi<br \/>\nFuel type: Petrol<br \/>\nPower: 386 kW \/ 525 hp<br \/>\nTransmission: Manual<br \/>\nColour: Grey<br \/>\nConsumption: 13,8l\/100km<br \/>\nDoors: 2\/3<br \/>\nStatus: Available<br \/>\nPrice: \u20ac420,000<br \/>\nVAT: Differential taxation<\/p>","protected":false},"featured_media":9463,"template":"","meta":{"_acf_changed":false,"inline_featured_image":false},"product_brand":[],"product_cat":[258],"product_tag":[667,501,251,284,504,542,512,292,551,538,510,509,275,404,264,550,494,265,250,540],"class_list":{"0":"post-9459","1":"product","2":"type-product","3":"status-publish","4":"has-post-thumbnail","6":"product_cat-porsche","7":"product_tag-911-s-t","8":"product_tag-amian","9":"product_tag-amian-collection-cars","10":"product_tag-cologne","11":"product_tag-dominik-amian","12":"product_tag-genf","13":"product_tag-hypercars-cologne","14":"product_tag-koeln","15":"product_tag-lake-como","16":"product_tag-london","17":"product_tag-luxury-dealership-cologne","18":"product_tag-luxusautohaus","19":"product_tag-porsche","20":"product_tag-porsche-911","21":"product_tag-strassensupersportwagen","22":"product_tag-supercar","23":"product_tag-supercars","24":"product_tag-supersportwagen","25":"product_tag-verkauf","26":"product_tag-wien","28":"first","29":"instock","30":"sold-individually","31":"shipping-taxable","32":"purchasable","33":"product-type-simple"},"acf":[],"yoast_head":"<!-- This site is optimized with the Yoast SEO plugin v27.3 - https:\/\/yoast.com\/product\/yoast-seo-wordpress\/ -->\n<title>Porsche 911 S\/T - Amian Collection Cars<\/title>\n<meta name=\"description\" content=\"Porsche (992) 911 Targa 4S Heritage Edition\" \/>\n<meta name=\"robots\" content=\"index, follow, max-snippet:-1, max-image-preview:large, max-video-preview:-1\" \/>\n<link rel=\"canonical\" href=\"https:\/\/amian-collectioncars.com\/en\/fahrzeuge\/porsche\/porsche-911-s-t-2\/\" \/>\n<meta property=\"og:locale\" content=\"en_GB\" \/>\n<meta property=\"og:type\" content=\"article\" \/>\n<meta property=\"og:title\" content=\"Porsche 911 S\/T - Amian Collection Cars\" \/>\n<meta property=\"og:description\" content=\"Porsche (992) 911 Targa 4S Heritage Edition\" \/>\n<meta property=\"og:url\" content=\"https:\/\/amian-collectioncars.com\/en\/fahrzeuge\/porsche\/porsche-911-s-t-2\/\" \/>\n<meta property=\"og:site_name\" content=\"Amian Collection Cars\" \/>\n<meta property=\"article:modified_time\" content=\"2026-03-03T11:11:27+00:00\" \/>\n<meta property=\"og:image\" content=\"https:\/\/amian-collectioncars.com\/wp-content\/uploads\/2026\/03\/R5101596-Bearbeitet.jpg\" \/>\n\t<meta property=\"og:image:width\" content=\"1600\" \/>\n\t<meta property=\"og:image:height\" content=\"1067\" \/>\n\t<meta property=\"og:image:type\" content=\"image\/jpeg\" \/>\n<meta name=\"twitter:card\" content=\"summary_large_image\" \/>\n<meta name=\"twitter:label1\" content=\"Estimated reading time\" \/>\n\t<meta name=\"twitter:data1\" content=\"2 minutes\" \/>\n<script type=\"application\/ld+json\" class=\"yoast-schema-graph\">{\"@context\":\"https:\\\/\\\/schema.org\",\"@graph\":[{\"@type\":\"WebPage\",\"@id\":\"https:\\\/\\\/amian-collectioncars.com\\\/fahrzeuge\\\/porsche\\\/porsche-911-s-t-2\\\/\",\"url\":\"https:\\\/\\\/amian-collectioncars.com\\\/fahrzeuge\\\/porsche\\\/porsche-911-s-t-2\\\/\",\"name\":\"Porsche 911 S\\\/T - Amian Collection Cars\",\"isPartOf\":{\"@id\":\"https:\\\/\\\/amian-collectioncars.com\\\/en\\\/#website\"},\"primaryImageOfPage\":{\"@id\":\"https:\\\/\\\/amian-collectioncars.com\\\/fahrzeuge\\\/porsche\\\/porsche-911-s-t-2\\\/#primaryimage\"},\"image\":{\"@id\":\"https:\\\/\\\/amian-collectioncars.com\\\/fahrzeuge\\\/porsche\\\/porsche-911-s-t-2\\\/#primaryimage\"},\"thumbnailUrl\":\"https:\\\/\\\/amian-collectioncars.com\\\/wp-content\\\/uploads\\\/2026\\\/03\\\/R5101596-Bearbeitet.jpg\",\"datePublished\":\"2026-03-02T14:33:11+00:00\",\"dateModified\":\"2026-03-03T11:11:27+00:00\",\"description\":\"Porsche (992) 911 Targa 4S Heritage Edition\",\"breadcrumb\":{\"@id\":\"https:\\\/\\\/amian-collectioncars.com\\\/fahrzeuge\\\/porsche\\\/porsche-911-s-t-2\\\/#breadcrumb\"},\"inLanguage\":\"en-GB\",\"potentialAction\":[{\"@type\":\"ReadAction\",\"target\":[\"https:\\\/\\\/amian-collectioncars.com\\\/fahrzeuge\\\/porsche\\\/porsche-911-s-t-2\\\/\"]}]},{\"@type\":\"ImageObject\",\"inLanguage\":\"en-GB\",\"@id\":\"https:\\\/\\\/amian-collectioncars.com\\\/fahrzeuge\\\/porsche\\\/porsche-911-s-t-2\\\/#primaryimage\",\"url\":\"https:\\\/\\\/amian-collectioncars.com\\\/wp-content\\\/uploads\\\/2026\\\/03\\\/R5101596-Bearbeitet.jpg\",\"contentUrl\":\"https:\\\/\\\/amian-collectioncars.com\\\/wp-content\\\/uploads\\\/2026\\\/03\\\/R5101596-Bearbeitet.jpg\",\"width\":1600,\"height\":1067,\"caption\":\"Porsche 911 S\\\/T\"},{\"@type\":\"BreadcrumbList\",\"@id\":\"https:\\\/\\\/amian-collectioncars.com\\\/fahrzeuge\\\/porsche\\\/porsche-911-s-t-2\\\/#breadcrumb\",\"itemListElement\":[{\"@type\":\"ListItem\",\"position\":1,\"name\":\"Startseite\",\"item\":\"https:\\\/\\\/amian-collectioncars.com\\\/\"},{\"@type\":\"ListItem\",\"position\":2,\"name\":\"Fahrzeuge Deaktiviert\",\"item\":\"https:\\\/\\\/amian-collectioncars.com\\\/?page_id=6\"},{\"@type\":\"ListItem\",\"position\":3,\"name\":\"Porsche 911 S\\\/T\"}]},{\"@type\":\"WebSite\",\"@id\":\"https:\\\/\\\/amian-collectioncars.com\\\/en\\\/#website\",\"url\":\"https:\\\/\\\/amian-collectioncars.com\\\/en\\\/\",\"name\":\"Amian Collection Cars\",\"description\":\"Amian Exclusive Cars aus K\u00f6ln\",\"potentialAction\":[{\"@type\":\"SearchAction\",\"target\":{\"@type\":\"EntryPoint\",\"urlTemplate\":\"https:\\\/\\\/amian-collectioncars.com\\\/en\\\/?s={search_term_string}\"},\"query-input\":{\"@type\":\"PropertyValueSpecification\",\"valueRequired\":true,\"valueName\":\"search_term_string\"}}],\"inLanguage\":\"en-GB\"}]}<\/script>\n<!-- \/ Yoast SEO plugin. -->","yoast_head_json":{"title":"Porsche 911 S\/T - Amian Collection Cars","description":"Porsche (992) 911 Targa 4S Heritage Edition","robots":{"index":"index","follow":"follow","max-snippet":"max-snippet:-1","max-image-preview":"max-image-preview:large","max-video-preview":"max-video-preview:-1"},"canonical":"https:\/\/amian-collectioncars.com\/en\/fahrzeuge\/porsche\/porsche-911-s-t-2\/","og_locale":"en_GB","og_type":"article","og_title":"Porsche 911 S\/T - Amian Collection Cars","og_description":"Porsche (992) 911 Targa 4S Heritage Edition","og_url":"https:\/\/amian-collectioncars.com\/en\/fahrzeuge\/porsche\/porsche-911-s-t-2\/","og_site_name":"Amian Collection Cars","article_modified_time":"2026-03-03T11:11:27+00:00","og_image":[{"width":1600,"height":1067,"url":"https:\/\/amian-collectioncars.com\/wp-content\/uploads\/2026\/03\/R5101596-Bearbeitet.jpg","type":"image\/jpeg"}],"twitter_card":"summary_large_image","twitter_misc":{"Estimated reading time":"2 minutes"},"schema":{"@context":"https:\/\/schema.org","@graph":[{"@type":"WebPage","@id":"https:\/\/amian-collectioncars.com\/fahrzeuge\/porsche\/porsche-911-s-t-2\/","url":"https:\/\/amian-collectioncars.com\/fahrzeuge\/porsche\/porsche-911-s-t-2\/","name":"Porsche 911 S\/T - Amian Collection Cars","isPartOf":{"@id":"https:\/\/amian-collectioncars.com\/en\/#website"},"primaryImageOfPage":{"@id":"https:\/\/amian-collectioncars.com\/fahrzeuge\/porsche\/porsche-911-s-t-2\/#primaryimage"},"image":{"@id":"https:\/\/amian-collectioncars.com\/fahrzeuge\/porsche\/porsche-911-s-t-2\/#primaryimage"},"thumbnailUrl":"https:\/\/amian-collectioncars.com\/wp-content\/uploads\/2026\/03\/R5101596-Bearbeitet.jpg","datePublished":"2026-03-02T14:33:11+00:00","dateModified":"2026-03-03T11:11:27+00:00","description":"Porsche (992) 911 Targa 4S Heritage Edition","breadcrumb":{"@id":"https:\/\/amian-collectioncars.com\/fahrzeuge\/porsche\/porsche-911-s-t-2\/#breadcrumb"},"inLanguage":"en-GB","potentialAction":[{"@type":"ReadAction","target":["https:\/\/amian-collectioncars.com\/fahrzeuge\/porsche\/porsche-911-s-t-2\/"]}]},{"@type":"ImageObject","inLanguage":"en-GB","@id":"https:\/\/amian-collectioncars.com\/fahrzeuge\/porsche\/porsche-911-s-t-2\/#primaryimage","url":"https:\/\/amian-collectioncars.com\/wp-content\/uploads\/2026\/03\/R5101596-Bearbeitet.jpg","contentUrl":"https:\/\/amian-collectioncars.com\/wp-content\/uploads\/2026\/03\/R5101596-Bearbeitet.jpg","width":1600,"height":1067,"caption":"Porsche 911 S\/T"},{"@type":"BreadcrumbList","@id":"https:\/\/amian-collectioncars.com\/fahrzeuge\/porsche\/porsche-911-s-t-2\/#breadcrumb","itemListElement":[{"@type":"ListItem","position":1,"name":"Startseite","item":"https:\/\/amian-collectioncars.com\/"},{"@type":"ListItem","position":2,"name":"Fahrzeuge Deaktiviert","item":"https:\/\/amian-collectioncars.com\/?page_id=6"},{"@type":"ListItem","position":3,"name":"Porsche 911 S\/T"}]},{"@type":"WebSite","@id":"https:\/\/amian-collectioncars.com\/en\/#website","url":"https:\/\/amian-collectioncars.com\/en\/","name":"Amian Collection Cars","description":"Amian Exclusive Cars aus K\u00f6ln","potentialAction":[{"@type":"SearchAction","target":{"@type":"EntryPoint","urlTemplate":"https:\/\/amian-collectioncars.com\/en\/?s={search_term_string}"},"query-input":{"@type":"PropertyValueSpecification","valueRequired":true,"valueName":"search_term_string"}}],"inLanguage":"en-GB"}]}},"jetpack_sharing_enabled":true,"_links":{"self":[{"href":"https:\/\/amian-collectioncars.com\/en\/wp-json\/wp\/v2\/product\/9459","targetHints":{"allow":["GET"]}}],"collection":[{"href":"https:\/\/amian-collectioncars.com\/en\/wp-json\/wp\/v2\/product"}],"about":[{"href":"https:\/\/amian-collectioncars.com\/en\/wp-json\/wp\/v2\/types\/product"}],"wp:featuredmedia":[{"embeddable":true,"href":"https:\/\/amian-collectioncars.com\/en\/wp-json\/wp\/v2\/media\/9463"}],"wp:attachment":[{"href":"https:\/\/amian-collectioncars.com\/en\/wp-json\/wp\/v2\/media?parent=9459"}],"wp:term":[{"taxonomy":"product_brand","embeddable":true,"href":"https:\/\/amian-collectioncars.com\/en\/wp-json\/wp\/v2\/product_brand?post=9459"},{"taxonomy":"product_cat","embeddable":true,"href":"https:\/\/amian-collectioncars.com\/en\/wp-json\/wp\/v2\/product_cat?post=9459"},{"taxonomy":"product_tag","embeddable":true,"href":"https:\/\/amian-collectioncars.com\/en\/wp-json\/wp\/v2\/product_tag?post=9459"}],"curies":[{"name":"wp","href":"https:\/\/api.w.org\/{rel}","templated":true}]}}