{"id":9430,"date":"2026-02-09T19:11:14","date_gmt":"2026-02-09T18:11:14","guid":{"rendered":"https:\/\/amian-collectioncars.com\/?post_type=product&#038;p=9430"},"modified":"2026-03-19T11:10:49","modified_gmt":"2026-03-19T10:10:49","slug":"porsche-911-targa-4s","status":"publish","type":"product","link":"https:\/\/amian-collectioncars.com\/en\/fahrzeuge\/porsche\/porsche-911-targa-4s\/","title":{"rendered":"Porsche 911 Targa 4S Heritage Edition"},"content":{"rendered":"<div class=\"flex flex-col text-sm pb-25\">\n<article class=\"text-token-text-primary w-full focus:outline-none [--shadow-height:45px] has-data-writing-block:pointer-events-none has-data-writing-block:-mt-(--shadow-height) has-data-writing-block:pt-(--shadow-height) [&amp;:has([data-writing-block])&gt;*]:pointer-events-auto scroll-mt-[calc(var(--header-height)+min(200px,max(70px,20svh)))]\" dir=\"auto\" tabindex=\"-1\" data-turn-id=\"request-WEB:b58eb7de-2d7b-40c2-98df-142e6e06d98d-1\" data-testid=\"conversation-turn-4\" data-scroll-anchor=\"true\" data-turn=\"assistant\">\n<div class=\"text-base my-auto mx-auto pb-10 [--thread-content-margin:--spacing(4)] @w-sm\/main:[--thread-content-margin:--spacing(6)] @w-lg\/main:[--thread-content-margin:--spacing(16)] px-(--thread-content-margin)\">\n<div class=\"[--thread-content-max-width:40rem] @w-lg\/main:[--thread-content-max-width:48rem] mx-auto max-w-(--thread-content-max-width) flex-1 group\/turn-messages focus-visible:outline-hidden relative flex w-full min-w-0 flex-col agent-turn\" tabindex=\"-1\">\n<div class=\"flex max-w-full flex-col grow\">\n<div class=\"min-h-8 text-message relative flex w-full flex-col items-end gap-2 text-start break-words whitespace-normal [.text-message+&amp;]:mt-1\" dir=\"auto\" data-message-author-role=\"assistant\" data-message-id=\"6428e073-f325-4896-992c-ff384cb997d8\" data-message-model-slug=\"gpt-5-2\">\n<div class=\"flex w-full flex-col gap-1 empty:hidden first:pt-[1px]\">\n<div class=\"markdown prose dark:prose-invert w-full wrap-break-word light markdown-new-styling\">\n<p data-start=\"0\" data-end=\"543\">Der Porsche 911 Targa 4S Heritage Design Edition der Baureihe 992.1 ist weit mehr als ein exklusives Sondermodell \u2013 er ist eine stilistische Hommage an die fr\u00fchen Jahrzehnte der Marke und gleichzeitig ein hochmoderner Sportwagen auf aktuellem Performance-Niveau. Als erstes Modell der Heritage Design Strategie von Porsche verbindet diese auf weltweit 992 Exemplare limitierte Edition historisches Design mit modernster Technik und richtet sich gezielt an Sammler und Enthusiasten, die Wert auf Authentizit\u00e4t, Seltenheit und Fahrdynamik legen.<\/p>\n<p data-start=\"545\" data-end=\"1302\">Die Heritage Design Edition wurde von der Porsche Exclusive Manufaktur entwickelt und greift bewusst Gestaltungselemente der 1950er- und fr\u00fchen 1960er-Jahre auf. Die ikonische Lackierung in Kirschrot Metallic erinnert an eine der popul\u00e4rsten Porsche-Farben dieser \u00c4ra und unterstreicht die klassische Linienf\u00fchrung der Targa-Karosserie. Goldfarbene Schriftz\u00fcge, historisch inspirierte Embleme sowie das originale Porsche-Wappen im Stil von 1963 schaffen eine authentische Verbindung zur Markenhistorie. Charakteristische Designelemente wie die wei\u00dfen Motorsport-Startnummernfelder auf den T\u00fcren, exklusive 20\/21-Zoll Carrera Exclusive Design R\u00e4der und der markante Targa-B\u00fcgel im klassischen Metall-Look verleihen dem Fahrzeug eine unverwechselbare Pr\u00e4senz.<\/p>\n<p>&nbsp;<\/p>\n<p data-start=\"545\" data-end=\"1302\">\n<\/div>\n<\/div>\n<div id=\"amian-gallery-1\" class=\"amian-gallery theme-lightbox\" data-columns=\"4\" style=\"--amian-gallery-columns: 4; --amian-gallery-gap: 10px;\"><figure class=\"amian-gallery__item amian-gallery__item--landscape\"><a href=\"https:\/\/amian-collectioncars.com\/wp-content\/uploads\/2026\/02\/R5104288-Bearbeitet-e1770669784540.jpg\" class=\"amian-gallery__link\" data-lightbox-gallery=\"amian-gallery-1\" title=\"\"><img decoding=\"async\" src=\"https:\/\/amian-collectioncars.com\/wp-content\/uploads\/2026\/02\/R5104288-Bearbeitet-e1770669784540-300x237.jpg\" alt=\"Porsche (992) 911 Targa 4S Heritage Edition\" class=\"amian-gallery__image\" loading=\"lazy\" \/><\/a><\/figure><figure class=\"amian-gallery__item amian-gallery__item--portrait\"><a href=\"https:\/\/amian-collectioncars.com\/wp-content\/uploads\/2026\/02\/R5104331.jpg\" class=\"amian-gallery__link\" data-lightbox-gallery=\"amian-gallery-1\" title=\"\"><img decoding=\"async\" src=\"https:\/\/amian-collectioncars.com\/wp-content\/uploads\/2026\/02\/R5104331-240x300.jpg\" alt=\"\" class=\"amian-gallery__image\" loading=\"lazy\" \/><\/a><\/figure><figure class=\"amian-gallery__item amian-gallery__item--portrait\"><a href=\"https:\/\/amian-collectioncars.com\/wp-content\/uploads\/2026\/02\/R5104248-Bearbeitet.jpg\" class=\"amian-gallery__link\" data-lightbox-gallery=\"amian-gallery-1\" title=\"\"><img decoding=\"async\" src=\"https:\/\/amian-collectioncars.com\/wp-content\/uploads\/2026\/02\/R5104248-Bearbeitet-240x300.jpg\" alt=\"\" class=\"amian-gallery__image\" loading=\"lazy\" \/><\/a><\/figure><\/div>\n<div class=\"flex w-full flex-col gap-1 empty:hidden first:pt-[1px]\">\n<div class=\"markdown prose dark:prose-invert w-full wrap-break-word light markdown-new-styling\">\n<p>&nbsp;<\/p>\n<p>Im Innenraum setzt sich das Heritage-Konzept konsequent fort. Hochwertige Lederausstattungen mit klassischen Farbkompositionen, Cord-Sitzmittelbahnen als Reminiszenz an fr\u00fche 911-Generationen sowie exklusive Pr\u00e4gungen und Heritage-Details sorgen f\u00fcr ein einzigartiges Ambiente. Eine individuelle Limitierungsplakette unterstreicht den Sammlercharakter dieses Sondermodells, w\u00e4hrend historische Designelemente im Kombiinstrument \u2013 inklusive klassisch gestalteter Anzeigen \u2013 das nostalgische Konzept stilvoll abrunden.<\/p>\n<p data-start=\"1822\" data-end=\"2613\">Technisch basiert die Heritage Design Edition auf dem 911 Targa 4S der Generation 992.1 und bietet damit modernste Sportwagentechnologie. Angetrieben wird das Fahrzeug von einem 3,0-Liter Sechszylinder-Boxermotor mit Biturbo-Aufladung, der 450 PS und ein maximales Drehmoment von 530 Nm entwickelt. In Kombination mit dem Porsche Doppelkupplungsgetriebe (PDK), dem serienm\u00e4\u00dfigen Allradantrieb Porsche Traction Management und dem adaptiven PASM-Fahrwerk erm\u00f6glicht der Targa 4S beeindruckende Fahrleistungen bei gleichzeitig hoher Alltagstauglichkeit. Die Beschleunigung von 0 auf 100 km\/h erfolgt in rund 3,6 Sekunden, w\u00e4hrend die H\u00f6chstgeschwindigkeit bei etwa 304 km\/h liegt \u2013 Werte, die eindrucksvoll zeigen, dass klassische \u00c4sthetik und moderne Performance keinen Widerspruch darstellen.<\/p>\n<p data-start=\"2615\" data-end=\"3055\">Die Targa-Karosserie nimmt innerhalb der 911-Familie eine besondere Stellung ein. Sie verbindet das offene Fahrgef\u00fchl eines Cabriolets mit der strukturellen Stabilit\u00e4t und Sicherheit eines Coup\u00e9s. Das vollautomatische Dachsystem erm\u00f6glicht in wenigen Sekunden ein unvergleichliches Freiheitsgef\u00fchl, ohne Kompromisse bei Komfort oder Schutz eingehen zu m\u00fcssen \u2013 eine Kombination, die seit Jahrzehnten das Markenzeichen der Targa-Modelle ist.<\/p>\n<p data-start=\"3057\" data-end=\"3550\" data-is-last-node=\"\" data-is-only-node=\"\">Als erstes Heritage Design Sondermodell der aktuellen 911-Generation gilt diese Edition bereits heute als gesuchte Sammlerikone mit hohem Wertstabilit\u00e4ts- und Investmentpotenzial. Die streng limitierte St\u00fcckzahl, die exklusive Fertigung durch die Porsche Exclusive Manufaktur sowie die au\u00dfergew\u00f6hnliche Verbindung aus historischem Design und moderner Hochleistungstechnik machen den 992.1 Targa 4S Heritage Design Edition zu einem au\u00dfergew\u00f6hnlichen Fahrzeug f\u00fcr Kenner und Liebhaber der Marke.<\/p>\n<\/div>\n<\/div>\n<\/div>\n<\/div>\n<\/div>\n<\/div>\n<\/article>\n<\/div>\n","protected":false},"excerpt":{"rendered":"<p class=\"p1\"><strong>Vehicle data<br \/>\n<\/strong>Category: Used vehicle<br \/>\nPrevious owners: 1<br \/>\nBody: Coup\u00e9<br \/>\nFirst registration 05\/2021<br \/>\nMileage: 668 miles<br \/>\nFuel type: Petrol<br \/>\nPower: 331 kW \/ 450 hp<br \/>\nTransmission: 8-speed DCT<br \/>\nExterior colour: Cherry Red<br \/>\nConsumption: combined 10.6l\/100km<br \/>\nDoors: 2\/3<br \/>\nStatus: Available<br \/>\nPrice: \u20ac249,000<br \/>\nVAT: Not deductible<\/p>","protected":false},"featured_media":9433,"template":"","meta":{"_acf_changed":false,"inline_featured_image":false},"product_brand":[],"product_cat":[258],"product_tag":[501,251,284,504,542,512,292,551,538,510,509,275,665,264,550,494,265,250,540],"class_list":{"0":"post-9430","1":"product","2":"type-product","3":"status-publish","4":"has-post-thumbnail","6":"product_cat-porsche","7":"product_tag-amian","8":"product_tag-amian-collection-cars","9":"product_tag-cologne","10":"product_tag-dominik-amian","11":"product_tag-genf","12":"product_tag-hypercars-cologne","13":"product_tag-koeln","14":"product_tag-lake-como","15":"product_tag-london","16":"product_tag-luxury-dealership-cologne","17":"product_tag-luxusautohaus","18":"product_tag-porsche","19":"product_tag-porsche-911-targa-4s-heritage-edition","20":"product_tag-strassensupersportwagen","21":"product_tag-supercar","22":"product_tag-supercars","23":"product_tag-supersportwagen","24":"product_tag-verkauf","25":"product_tag-wien","27":"first","28":"instock","29":"sold-individually","30":"shipping-taxable","31":"purchasable","32":"product-type-simple"},"acf":[],"yoast_head":"<!-- This site is optimized with the Yoast SEO plugin v27.3 - https:\/\/yoast.com\/product\/yoast-seo-wordpress\/ -->\n<title>Porsche 911 Targa 4S Heritage Edition - Amian Collection Cars<\/title>\n<meta name=\"description\" content=\"Porsche (992) 911 Targa 4S Heritage Edition\" \/>\n<meta name=\"robots\" content=\"index, follow, max-snippet:-1, max-image-preview:large, max-video-preview:-1\" \/>\n<link rel=\"canonical\" href=\"https:\/\/amian-collectioncars.com\/en\/fahrzeuge\/porsche\/porsche-911-targa-4s\/\" \/>\n<meta property=\"og:locale\" content=\"en_GB\" \/>\n<meta property=\"og:type\" content=\"article\" \/>\n<meta property=\"og:title\" content=\"Porsche 911 Targa 4S Heritage Edition - Amian Collection Cars\" \/>\n<meta property=\"og:description\" content=\"Porsche (992) 911 Targa 4S Heritage Edition\" \/>\n<meta property=\"og:url\" content=\"https:\/\/amian-collectioncars.com\/en\/fahrzeuge\/porsche\/porsche-911-targa-4s\/\" \/>\n<meta property=\"og:site_name\" content=\"Amian Collection Cars\" \/>\n<meta property=\"article:modified_time\" content=\"2026-03-19T10:10:49+00:00\" \/>\n<meta property=\"og:image\" content=\"https:\/\/b3185117.smushcdn.com\/3185117\/wp-content\/uploads\/2026\/02\/R5103765-Bearbeitet.jpg?lossy=1&strip=1&webp=1\" \/>\n\t<meta property=\"og:image:width\" content=\"1601\" \/>\n\t<meta property=\"og:image:height\" content=\"1067\" \/>\n\t<meta property=\"og:image:type\" content=\"image\/jpeg\" \/>\n<meta name=\"twitter:card\" content=\"summary_large_image\" \/>\n<meta name=\"twitter:label1\" content=\"Estimated reading time\" \/>\n\t<meta name=\"twitter:data1\" content=\"3 minutes\" \/>\n<script type=\"application\/ld+json\" class=\"yoast-schema-graph\">{\"@context\":\"https:\\\/\\\/schema.org\",\"@graph\":[{\"@type\":\"WebPage\",\"@id\":\"https:\\\/\\\/amian-collectioncars.com\\\/fahrzeuge\\\/porsche\\\/porsche-911-targa-4s\\\/\",\"url\":\"https:\\\/\\\/amian-collectioncars.com\\\/fahrzeuge\\\/porsche\\\/porsche-911-targa-4s\\\/\",\"name\":\"Porsche 911 Targa 4S Heritage Edition - Amian Collection Cars\",\"isPartOf\":{\"@id\":\"https:\\\/\\\/amian-collectioncars.com\\\/en\\\/#website\"},\"primaryImageOfPage\":{\"@id\":\"https:\\\/\\\/amian-collectioncars.com\\\/fahrzeuge\\\/porsche\\\/porsche-911-targa-4s\\\/#primaryimage\"},\"image\":{\"@id\":\"https:\\\/\\\/amian-collectioncars.com\\\/fahrzeuge\\\/porsche\\\/porsche-911-targa-4s\\\/#primaryimage\"},\"thumbnailUrl\":\"https:\\\/\\\/amian-collectioncars.com\\\/wp-content\\\/uploads\\\/2026\\\/02\\\/R5103765-Bearbeitet.jpg\",\"datePublished\":\"2026-02-09T18:11:14+00:00\",\"dateModified\":\"2026-03-19T10:10:49+00:00\",\"description\":\"Porsche (992) 911 Targa 4S Heritage Edition\",\"breadcrumb\":{\"@id\":\"https:\\\/\\\/amian-collectioncars.com\\\/fahrzeuge\\\/porsche\\\/porsche-911-targa-4s\\\/#breadcrumb\"},\"inLanguage\":\"en-GB\",\"potentialAction\":[{\"@type\":\"ReadAction\",\"target\":[\"https:\\\/\\\/amian-collectioncars.com\\\/fahrzeuge\\\/porsche\\\/porsche-911-targa-4s\\\/\"]}]},{\"@type\":\"ImageObject\",\"inLanguage\":\"en-GB\",\"@id\":\"https:\\\/\\\/amian-collectioncars.com\\\/fahrzeuge\\\/porsche\\\/porsche-911-targa-4s\\\/#primaryimage\",\"url\":\"https:\\\/\\\/amian-collectioncars.com\\\/wp-content\\\/uploads\\\/2026\\\/02\\\/R5103765-Bearbeitet.jpg\",\"contentUrl\":\"https:\\\/\\\/amian-collectioncars.com\\\/wp-content\\\/uploads\\\/2026\\\/02\\\/R5103765-Bearbeitet.jpg\",\"width\":1601,\"height\":1067,\"caption\":\"Porsche (992) 911 Targa 4S Heritage Edition\"},{\"@type\":\"BreadcrumbList\",\"@id\":\"https:\\\/\\\/amian-collectioncars.com\\\/fahrzeuge\\\/porsche\\\/porsche-911-targa-4s\\\/#breadcrumb\",\"itemListElement\":[{\"@type\":\"ListItem\",\"position\":1,\"name\":\"Startseite\",\"item\":\"https:\\\/\\\/amian-collectioncars.com\\\/\"},{\"@type\":\"ListItem\",\"position\":2,\"name\":\"Fahrzeuge Deaktiviert\",\"item\":\"https:\\\/\\\/amian-collectioncars.com\\\/?page_id=6\"},{\"@type\":\"ListItem\",\"position\":3,\"name\":\"Porsche 911 Targa 4S Heritage Edition\"}]},{\"@type\":\"WebSite\",\"@id\":\"https:\\\/\\\/amian-collectioncars.com\\\/en\\\/#website\",\"url\":\"https:\\\/\\\/amian-collectioncars.com\\\/en\\\/\",\"name\":\"Amian Collection Cars\",\"description\":\"Amian Exclusive Cars aus K\u00f6ln\",\"potentialAction\":[{\"@type\":\"SearchAction\",\"target\":{\"@type\":\"EntryPoint\",\"urlTemplate\":\"https:\\\/\\\/amian-collectioncars.com\\\/en\\\/?s={search_term_string}\"},\"query-input\":{\"@type\":\"PropertyValueSpecification\",\"valueRequired\":true,\"valueName\":\"search_term_string\"}}],\"inLanguage\":\"en-GB\"}]}<\/script>\n<!-- \/ Yoast SEO plugin. -->","yoast_head_json":{"title":"Porsche 911 Targa 4S Heritage Edition - Amian Collection Cars","description":"Porsche (992) 911 Targa 4S Heritage Edition","robots":{"index":"index","follow":"follow","max-snippet":"max-snippet:-1","max-image-preview":"max-image-preview:large","max-video-preview":"max-video-preview:-1"},"canonical":"https:\/\/amian-collectioncars.com\/en\/fahrzeuge\/porsche\/porsche-911-targa-4s\/","og_locale":"en_GB","og_type":"article","og_title":"Porsche 911 Targa 4S Heritage Edition - Amian Collection Cars","og_description":"Porsche (992) 911 Targa 4S Heritage Edition","og_url":"https:\/\/amian-collectioncars.com\/en\/fahrzeuge\/porsche\/porsche-911-targa-4s\/","og_site_name":"Amian Collection Cars","article_modified_time":"2026-03-19T10:10:49+00:00","og_image":[{"width":1601,"height":1067,"url":"https:\/\/b3185117.smushcdn.com\/3185117\/wp-content\/uploads\/2026\/02\/R5103765-Bearbeitet.jpg?lossy=1&strip=1&webp=1","type":"image\/jpeg"}],"twitter_card":"summary_large_image","twitter_misc":{"Estimated reading time":"3 minutes"},"schema":{"@context":"https:\/\/schema.org","@graph":[{"@type":"WebPage","@id":"https:\/\/amian-collectioncars.com\/fahrzeuge\/porsche\/porsche-911-targa-4s\/","url":"https:\/\/amian-collectioncars.com\/fahrzeuge\/porsche\/porsche-911-targa-4s\/","name":"Porsche 911 Targa 4S Heritage Edition - Amian Collection Cars","isPartOf":{"@id":"https:\/\/amian-collectioncars.com\/en\/#website"},"primaryImageOfPage":{"@id":"https:\/\/amian-collectioncars.com\/fahrzeuge\/porsche\/porsche-911-targa-4s\/#primaryimage"},"image":{"@id":"https:\/\/amian-collectioncars.com\/fahrzeuge\/porsche\/porsche-911-targa-4s\/#primaryimage"},"thumbnailUrl":"https:\/\/amian-collectioncars.com\/wp-content\/uploads\/2026\/02\/R5103765-Bearbeitet.jpg","datePublished":"2026-02-09T18:11:14+00:00","dateModified":"2026-03-19T10:10:49+00:00","description":"Porsche (992) 911 Targa 4S Heritage Edition","breadcrumb":{"@id":"https:\/\/amian-collectioncars.com\/fahrzeuge\/porsche\/porsche-911-targa-4s\/#breadcrumb"},"inLanguage":"en-GB","potentialAction":[{"@type":"ReadAction","target":["https:\/\/amian-collectioncars.com\/fahrzeuge\/porsche\/porsche-911-targa-4s\/"]}]},{"@type":"ImageObject","inLanguage":"en-GB","@id":"https:\/\/amian-collectioncars.com\/fahrzeuge\/porsche\/porsche-911-targa-4s\/#primaryimage","url":"https:\/\/amian-collectioncars.com\/wp-content\/uploads\/2026\/02\/R5103765-Bearbeitet.jpg","contentUrl":"https:\/\/amian-collectioncars.com\/wp-content\/uploads\/2026\/02\/R5103765-Bearbeitet.jpg","width":1601,"height":1067,"caption":"Porsche (992) 911 Targa 4S Heritage Edition"},{"@type":"BreadcrumbList","@id":"https:\/\/amian-collectioncars.com\/fahrzeuge\/porsche\/porsche-911-targa-4s\/#breadcrumb","itemListElement":[{"@type":"ListItem","position":1,"name":"Startseite","item":"https:\/\/amian-collectioncars.com\/"},{"@type":"ListItem","position":2,"name":"Fahrzeuge Deaktiviert","item":"https:\/\/amian-collectioncars.com\/?page_id=6"},{"@type":"ListItem","position":3,"name":"Porsche 911 Targa 4S Heritage Edition"}]},{"@type":"WebSite","@id":"https:\/\/amian-collectioncars.com\/en\/#website","url":"https:\/\/amian-collectioncars.com\/en\/","name":"Amian Collection Cars","description":"Amian Exclusive Cars aus K\u00f6ln","potentialAction":[{"@type":"SearchAction","target":{"@type":"EntryPoint","urlTemplate":"https:\/\/amian-collectioncars.com\/en\/?s={search_term_string}"},"query-input":{"@type":"PropertyValueSpecification","valueRequired":true,"valueName":"search_term_string"}}],"inLanguage":"en-GB"}]}},"jetpack_sharing_enabled":true,"_links":{"self":[{"href":"https:\/\/amian-collectioncars.com\/en\/wp-json\/wp\/v2\/product\/9430","targetHints":{"allow":["GET"]}}],"collection":[{"href":"https:\/\/amian-collectioncars.com\/en\/wp-json\/wp\/v2\/product"}],"about":[{"href":"https:\/\/amian-collectioncars.com\/en\/wp-json\/wp\/v2\/types\/product"}],"wp:featuredmedia":[{"embeddable":true,"href":"https:\/\/amian-collectioncars.com\/en\/wp-json\/wp\/v2\/media\/9433"}],"wp:attachment":[{"href":"https:\/\/amian-collectioncars.com\/en\/wp-json\/wp\/v2\/media?parent=9430"}],"wp:term":[{"taxonomy":"product_brand","embeddable":true,"href":"https:\/\/amian-collectioncars.com\/en\/wp-json\/wp\/v2\/product_brand?post=9430"},{"taxonomy":"product_cat","embeddable":true,"href":"https:\/\/amian-collectioncars.com\/en\/wp-json\/wp\/v2\/product_cat?post=9430"},{"taxonomy":"product_tag","embeddable":true,"href":"https:\/\/amian-collectioncars.com\/en\/wp-json\/wp\/v2\/product_tag?post=9430"}],"curies":[{"name":"wp","href":"https:\/\/api.w.org\/{rel}","templated":true}]}}