{"id":8781,"date":"2025-08-13T10:51:32","date_gmt":"2025-08-13T09:51:32","guid":{"rendered":"https:\/\/amian-collectioncars.com\/?post_type=product&#038;p=8781"},"modified":"2026-01-07T12:45:50","modified_gmt":"2026-01-07T11:45:50","slug":"lamborghini-aventador","status":"publish","type":"product","link":"https:\/\/amian-collectioncars.com\/en\/fahrzeuge\/lamborghini\/lamborghini-aventador\/","title":{"rendered":"Lamborghini Aventador Roadster"},"content":{"rendered":"<p data-start=\"124\" data-end=\"511\">The Lamborghini Aventador Roadster channels 700 horsepower from its 6.5-litre naturally aspirated V12 engine to all four wheels, launching from 0 to 100 km\/h in just 3.0 seconds. Its breathtaking top speed of 350 km\/h is paired with the unmistakable soundtrack of a free-breathing twelve-cylinder.<\/p>\n<p data-start=\"513\" data-end=\"825\">The removable carbon roof transforms every journey into an open-air, adrenaline-fuelled experience, while the bold, angular design perfectly encapsulates Lamborghini\u2019s DNA. This Aventador Roadster is not merely a super sports car \u2013 it is a statement of individuality, exclusivity, and passion.<\/p>","protected":false},"excerpt":{"rendered":"<p><strong>Vehicle data<\/strong><br \/>\nCategory: Used vehicle<br \/>\nPrevious owners: 3<br \/>\nBody: Convertible<br \/>\nFirst registration: 07\/2014<br \/>\nMileage: 31,245 km<br \/>\nFuel: Petrol<br \/>\nPower: 515 kw\/ 700 hp<br \/>\nGearbox: Automatic<br \/>\nExterior colour: White<br \/>\nConsumption: 16,0 l\/100 km<br \/>\nCO\u2082 emissions: 370 g\/km<br \/>\nDoors: 2<br \/>\nStatus: Available<br \/>\nPrice: \u20ac299,000<br \/>\nVAT: Not deductible<\/p>","protected":false},"featured_media":8784,"template":"","meta":{"_acf_changed":false,"inline_featured_image":false},"product_brand":[],"product_cat":[177],"product_tag":[251,505,284,504,506,285,542,283,292,500,622,538,510,516,540],"class_list":{"0":"post-8781","1":"product","2":"type-product","3":"status-publish","4":"has-post-thumbnail","6":"product_cat-lamborghini","7":"product_tag-amian-collection-cars","8":"product_tag-amian-exclusive-cars","9":"product_tag-cologne","10":"product_tag-dominik-amian","11":"product_tag-exclusive-cars","12":"product_tag-for-sale","13":"product_tag-genf","14":"product_tag-germany","15":"product_tag-koeln","16":"product_tag-lamborghini","17":"product_tag-lamborghini-aventador-roadster","18":"product_tag-london","19":"product_tag-luxury-dealership-cologne","20":"product_tag-luxusautohaus-koeln","21":"product_tag-wien","23":"first","24":"instock","25":"sold-individually","26":"shipping-taxable","27":"purchasable","28":"product-type-simple"},"acf":[],"yoast_head":"<!-- This site is optimized with the Yoast SEO plugin v27.4 - https:\/\/yoast.com\/product\/yoast-seo-wordpress\/ -->\n<title>Lamborghini Aventador Roadster - Amian Collection Cars<\/title>\n<meta name=\"description\" content=\"Der Lamborghini Aventador Roadster \u00fcbertr\u00e4gt mit seinem 6,5-Liter-V12-Saugmotor 700 PS auf alle vier R\u00e4der und katapultiert sich in nur 3,0 Sekunden von 0 auf 100 km\/h.\" \/>\n<meta name=\"robots\" content=\"index, follow, max-snippet:-1, max-image-preview:large, max-video-preview:-1\" \/>\n<link rel=\"canonical\" href=\"https:\/\/amian-collectioncars.com\/en\/fahrzeuge\/lamborghini\/lamborghini-aventador\/\" \/>\n<meta property=\"og:locale\" content=\"en_GB\" \/>\n<meta property=\"og:type\" content=\"article\" \/>\n<meta property=\"og:title\" content=\"Lamborghini Aventador Roadster - Amian Collection Cars\" \/>\n<meta property=\"og:description\" content=\"Der Lamborghini Aventador Roadster \u00fcbertr\u00e4gt mit seinem 6,5-Liter-V12-Saugmotor 700 PS auf alle vier R\u00e4der und katapultiert sich in nur 3,0 Sekunden von 0 auf 100 km\/h.\" \/>\n<meta property=\"og:url\" content=\"https:\/\/amian-collectioncars.com\/en\/fahrzeuge\/lamborghini\/lamborghini-aventador\/\" \/>\n<meta property=\"og:site_name\" content=\"Amian Collection Cars\" \/>\n<meta property=\"article:modified_time\" content=\"2026-01-07T11:45:50+00:00\" \/>\n<meta property=\"og:image\" content=\"https:\/\/amian-collectioncars.com\/wp-content\/uploads\/2025\/08\/206.jpg\" \/>\n\t<meta property=\"og:image:width\" content=\"1600\" \/>\n\t<meta property=\"og:image:height\" content=\"1143\" \/>\n\t<meta property=\"og:image:type\" content=\"image\/jpeg\" \/>\n<meta name=\"twitter:card\" content=\"summary_large_image\" \/>\n<meta name=\"twitter:label1\" content=\"Estimated reading time\" \/>\n\t<meta name=\"twitter:data1\" content=\"1 minute\" \/>\n<script type=\"application\/ld+json\" class=\"yoast-schema-graph\">{\"@context\":\"https:\\\/\\\/schema.org\",\"@graph\":[{\"@type\":\"WebPage\",\"@id\":\"https:\\\/\\\/amian-collectioncars.com\\\/fahrzeuge\\\/lamborghini\\\/lamborghini-aventador\\\/\",\"url\":\"https:\\\/\\\/amian-collectioncars.com\\\/fahrzeuge\\\/lamborghini\\\/lamborghini-aventador\\\/\",\"name\":\"Lamborghini Aventador Roadster - Amian Collection Cars\",\"isPartOf\":{\"@id\":\"https:\\\/\\\/amian-collectioncars.com\\\/en\\\/#website\"},\"primaryImageOfPage\":{\"@id\":\"https:\\\/\\\/amian-collectioncars.com\\\/fahrzeuge\\\/lamborghini\\\/lamborghini-aventador\\\/#primaryimage\"},\"image\":{\"@id\":\"https:\\\/\\\/amian-collectioncars.com\\\/fahrzeuge\\\/lamborghini\\\/lamborghini-aventador\\\/#primaryimage\"},\"thumbnailUrl\":\"https:\\\/\\\/amian-collectioncars.com\\\/wp-content\\\/uploads\\\/2025\\\/08\\\/206.jpg\",\"datePublished\":\"2025-08-13T09:51:32+00:00\",\"dateModified\":\"2026-01-07T11:45:50+00:00\",\"description\":\"Der Lamborghini Aventador Roadster \u00fcbertr\u00e4gt mit seinem 6,5-Liter-V12-Saugmotor 700 PS auf alle vier R\u00e4der und katapultiert sich in nur 3,0 Sekunden von 0 auf 100 km\\\/h.\",\"breadcrumb\":{\"@id\":\"https:\\\/\\\/amian-collectioncars.com\\\/fahrzeuge\\\/lamborghini\\\/lamborghini-aventador\\\/#breadcrumb\"},\"inLanguage\":\"en-GB\",\"potentialAction\":[{\"@type\":\"ReadAction\",\"target\":[\"https:\\\/\\\/amian-collectioncars.com\\\/fahrzeuge\\\/lamborghini\\\/lamborghini-aventador\\\/\"]}]},{\"@type\":\"ImageObject\",\"inLanguage\":\"en-GB\",\"@id\":\"https:\\\/\\\/amian-collectioncars.com\\\/fahrzeuge\\\/lamborghini\\\/lamborghini-aventador\\\/#primaryimage\",\"url\":\"https:\\\/\\\/amian-collectioncars.com\\\/wp-content\\\/uploads\\\/2025\\\/08\\\/206.jpg\",\"contentUrl\":\"https:\\\/\\\/amian-collectioncars.com\\\/wp-content\\\/uploads\\\/2025\\\/08\\\/206.jpg\",\"width\":1600,\"height\":1143,\"caption\":\"Lamborghini Aventador Roadster\"},{\"@type\":\"BreadcrumbList\",\"@id\":\"https:\\\/\\\/amian-collectioncars.com\\\/fahrzeuge\\\/lamborghini\\\/lamborghini-aventador\\\/#breadcrumb\",\"itemListElement\":[{\"@type\":\"ListItem\",\"position\":1,\"name\":\"Startseite\",\"item\":\"https:\\\/\\\/amian-collectioncars.com\\\/\"},{\"@type\":\"ListItem\",\"position\":2,\"name\":\"Fahrzeuge Deaktiviert\",\"item\":\"https:\\\/\\\/amian-collectioncars.com\\\/?page_id=6\"},{\"@type\":\"ListItem\",\"position\":3,\"name\":\"Lamborghini Aventador Roadster\"}]},{\"@type\":\"WebSite\",\"@id\":\"https:\\\/\\\/amian-collectioncars.com\\\/en\\\/#website\",\"url\":\"https:\\\/\\\/amian-collectioncars.com\\\/en\\\/\",\"name\":\"Amian Collection Cars\",\"description\":\"Amian Exclusive Cars aus K\u00f6ln\",\"potentialAction\":[{\"@type\":\"SearchAction\",\"target\":{\"@type\":\"EntryPoint\",\"urlTemplate\":\"https:\\\/\\\/amian-collectioncars.com\\\/en\\\/?s={search_term_string}\"},\"query-input\":{\"@type\":\"PropertyValueSpecification\",\"valueRequired\":true,\"valueName\":\"search_term_string\"}}],\"inLanguage\":\"en-GB\"}]}<\/script>\n<!-- \/ Yoast SEO plugin. -->","yoast_head_json":{"title":"Lamborghini Aventador Roadster - Amian Collection Cars","description":"Der Lamborghini Aventador Roadster \u00fcbertr\u00e4gt mit seinem 6,5-Liter-V12-Saugmotor 700 PS auf alle vier R\u00e4der und katapultiert sich in nur 3,0 Sekunden von 0 auf 100 km\/h.","robots":{"index":"index","follow":"follow","max-snippet":"max-snippet:-1","max-image-preview":"max-image-preview:large","max-video-preview":"max-video-preview:-1"},"canonical":"https:\/\/amian-collectioncars.com\/en\/fahrzeuge\/lamborghini\/lamborghini-aventador\/","og_locale":"en_GB","og_type":"article","og_title":"Lamborghini Aventador Roadster - Amian Collection Cars","og_description":"Der Lamborghini Aventador Roadster \u00fcbertr\u00e4gt mit seinem 6,5-Liter-V12-Saugmotor 700 PS auf alle vier R\u00e4der und katapultiert sich in nur 3,0 Sekunden von 0 auf 100 km\/h.","og_url":"https:\/\/amian-collectioncars.com\/en\/fahrzeuge\/lamborghini\/lamborghini-aventador\/","og_site_name":"Amian Collection Cars","article_modified_time":"2026-01-07T11:45:50+00:00","og_image":[{"width":1600,"height":1143,"url":"https:\/\/amian-collectioncars.com\/wp-content\/uploads\/2025\/08\/206.jpg","type":"image\/jpeg"}],"twitter_card":"summary_large_image","twitter_misc":{"Estimated reading time":"1 minute"},"schema":{"@context":"https:\/\/schema.org","@graph":[{"@type":"WebPage","@id":"https:\/\/amian-collectioncars.com\/fahrzeuge\/lamborghini\/lamborghini-aventador\/","url":"https:\/\/amian-collectioncars.com\/fahrzeuge\/lamborghini\/lamborghini-aventador\/","name":"Lamborghini Aventador Roadster - Amian Collection Cars","isPartOf":{"@id":"https:\/\/amian-collectioncars.com\/en\/#website"},"primaryImageOfPage":{"@id":"https:\/\/amian-collectioncars.com\/fahrzeuge\/lamborghini\/lamborghini-aventador\/#primaryimage"},"image":{"@id":"https:\/\/amian-collectioncars.com\/fahrzeuge\/lamborghini\/lamborghini-aventador\/#primaryimage"},"thumbnailUrl":"https:\/\/amian-collectioncars.com\/wp-content\/uploads\/2025\/08\/206.jpg","datePublished":"2025-08-13T09:51:32+00:00","dateModified":"2026-01-07T11:45:50+00:00","description":"Der Lamborghini Aventador Roadster \u00fcbertr\u00e4gt mit seinem 6,5-Liter-V12-Saugmotor 700 PS auf alle vier R\u00e4der und katapultiert sich in nur 3,0 Sekunden von 0 auf 100 km\/h.","breadcrumb":{"@id":"https:\/\/amian-collectioncars.com\/fahrzeuge\/lamborghini\/lamborghini-aventador\/#breadcrumb"},"inLanguage":"en-GB","potentialAction":[{"@type":"ReadAction","target":["https:\/\/amian-collectioncars.com\/fahrzeuge\/lamborghini\/lamborghini-aventador\/"]}]},{"@type":"ImageObject","inLanguage":"en-GB","@id":"https:\/\/amian-collectioncars.com\/fahrzeuge\/lamborghini\/lamborghini-aventador\/#primaryimage","url":"https:\/\/amian-collectioncars.com\/wp-content\/uploads\/2025\/08\/206.jpg","contentUrl":"https:\/\/amian-collectioncars.com\/wp-content\/uploads\/2025\/08\/206.jpg","width":1600,"height":1143,"caption":"Lamborghini Aventador Roadster"},{"@type":"BreadcrumbList","@id":"https:\/\/amian-collectioncars.com\/fahrzeuge\/lamborghini\/lamborghini-aventador\/#breadcrumb","itemListElement":[{"@type":"ListItem","position":1,"name":"Startseite","item":"https:\/\/amian-collectioncars.com\/"},{"@type":"ListItem","position":2,"name":"Fahrzeuge Deaktiviert","item":"https:\/\/amian-collectioncars.com\/?page_id=6"},{"@type":"ListItem","position":3,"name":"Lamborghini Aventador Roadster"}]},{"@type":"WebSite","@id":"https:\/\/amian-collectioncars.com\/en\/#website","url":"https:\/\/amian-collectioncars.com\/en\/","name":"Amian Collection Cars","description":"Amian Exclusive Cars aus K\u00f6ln","potentialAction":[{"@type":"SearchAction","target":{"@type":"EntryPoint","urlTemplate":"https:\/\/amian-collectioncars.com\/en\/?s={search_term_string}"},"query-input":{"@type":"PropertyValueSpecification","valueRequired":true,"valueName":"search_term_string"}}],"inLanguage":"en-GB"}]}},"jetpack_sharing_enabled":true,"_links":{"self":[{"href":"https:\/\/amian-collectioncars.com\/en\/wp-json\/wp\/v2\/product\/8781","targetHints":{"allow":["GET"]}}],"collection":[{"href":"https:\/\/amian-collectioncars.com\/en\/wp-json\/wp\/v2\/product"}],"about":[{"href":"https:\/\/amian-collectioncars.com\/en\/wp-json\/wp\/v2\/types\/product"}],"wp:featuredmedia":[{"embeddable":true,"href":"https:\/\/amian-collectioncars.com\/en\/wp-json\/wp\/v2\/media\/8784"}],"wp:attachment":[{"href":"https:\/\/amian-collectioncars.com\/en\/wp-json\/wp\/v2\/media?parent=8781"}],"wp:term":[{"taxonomy":"product_brand","embeddable":true,"href":"https:\/\/amian-collectioncars.com\/en\/wp-json\/wp\/v2\/product_brand?post=8781"},{"taxonomy":"product_cat","embeddable":true,"href":"https:\/\/amian-collectioncars.com\/en\/wp-json\/wp\/v2\/product_cat?post=8781"},{"taxonomy":"product_tag","embeddable":true,"href":"https:\/\/amian-collectioncars.com\/en\/wp-json\/wp\/v2\/product_tag?post=8781"}],"curies":[{"name":"wp","href":"https:\/\/api.w.org\/{rel}","templated":true}]}}