{"id":8091,"date":"2024-07-10T14:28:06","date_gmt":"2024-07-10T14:28:06","guid":{"rendered":"https:\/\/amian-collectioncars.com\/?post_type=product&#038;p=8091"},"modified":"2025-02-20T09:48:07","modified_gmt":"2025-02-20T08:48:07","slug":"mclaren-senna-gtr","status":"publish","type":"product","link":"https:\/\/amian-collectioncars.com\/en\/fahrzeuge\/mclaren\/mclaren-senna-gtr\/","title":{"rendered":"McLaren Senna GTR"},"content":{"rendered":"<p style=\"font-weight: 400;\">Inspired by one of the greatest racing drivers of all time, the McLaren Senna is designed to give the driver the ultimate in performance - a road-legal racing machine. In the McLaren Senna GTR, the philosophy behind the iconic brand has been taken to the extreme. Freed from any restrictions imposed by road traffic or motorsport rules, this vehicle pushes the limits. Lightweight. Powerful. The McLaren Senna GTR continues the GTR tradition and was one of the fastest McLaren on the track, apart from the Formula 1\u2122 cars.<\/p>\n<p style=\"font-weight: 400;\">The McLaren M840TR 4.0-litre twin-turbo V8 engine is responsible for its breathtaking performance. It generates 825 hp and 800 Nm of torque. Power-to-weight ratio: 694 hp per tonne, the highest of any McLaren designed for the track. Downforce: Up to 1,000 kg. Values that mean only one thing: The most extreme, purest experience on the racetrack.<\/p>\n<p style=\"font-weight: 400;\"><strong>This super sports car was limited to just 75 vehicles.<\/strong><\/p>","protected":false},"excerpt":{"rendered":"<p><strong>Vehicle data<\/strong><br \/>\nCategory: Used vehicle<br \/>\nPrevious owners: 1<br \/>\nBody: Coup\u00e9<br \/>\nFirst registration 08\/2021<br \/>\nMileage: 580 km<br \/>\nFuel: Petrol<br \/>\nPower: 800nm\/825hp<br \/>\nTransmission: 7-speed DSG automatic<br \/>\nExterior colour: Paris Blue<br \/>\nConsumption: n.a.<br \/>\nCO2 emission: n.a.<br \/>\nDoors: 2<br \/>\nStatus: Available<br \/>\nPrice: \u20ac1,850,000<br \/>\nVAT: On request<\/p>","protected":false},"featured_media":8097,"template":"","meta":{"_acf_changed":false,"inline_featured_image":false},"product_brand":[],"product_cat":[195],"product_tag":[251,502,284,504,515,283,292,510,509,516,295,581,397,513,494,250],"class_list":{"0":"post-8091","1":"product","2":"type-product","3":"status-publish","4":"has-post-thumbnail","6":"product_cat-mclaren","7":"product_tag-amian-collection-cars","8":"product_tag-amian-collection-cars-koeln","9":"product_tag-cologne","10":"product_tag-dominik-amian","11":"product_tag-exclusive-dealership-cologne","12":"product_tag-germany","13":"product_tag-koeln","14":"product_tag-luxury-dealership-cologne","15":"product_tag-luxusautohaus","16":"product_tag-luxusautohaus-koeln","17":"product_tag-mclaren","18":"product_tag-mclaren-senna-gtr","19":"product_tag-prototype","20":"product_tag-supercar-dealership","21":"product_tag-supercars","22":"product_tag-verkauf","24":"first","25":"instock","26":"sold-individually","27":"shipping-taxable","28":"purchasable","29":"product-type-simple"},"acf":[],"yoast_head":"<!-- This site is optimized with the Yoast SEO plugin v27.4 - https:\/\/yoast.com\/product\/yoast-seo-wordpress\/ -->\n<title>McLaren Senna GTR - Amian Collection Cars<\/title>\n<meta name=\"description\" content=\"Dieser McLaren Senna GTR wurde 2021 erstmals zugelassen.\" \/>\n<meta name=\"robots\" content=\"index, follow, max-snippet:-1, max-image-preview:large, max-video-preview:-1\" \/>\n<link rel=\"canonical\" href=\"https:\/\/amian-collectioncars.com\/en\/fahrzeuge\/mclaren\/mclaren-senna-gtr\/\" \/>\n<meta property=\"og:locale\" content=\"en_GB\" \/>\n<meta property=\"og:type\" content=\"article\" \/>\n<meta property=\"og:title\" content=\"McLaren Senna GTR - Amian Collection Cars\" \/>\n<meta property=\"og:description\" content=\"Dieser McLaren Senna GTR wurde 2021 erstmals zugelassen.\" \/>\n<meta property=\"og:url\" content=\"https:\/\/amian-collectioncars.com\/en\/fahrzeuge\/mclaren\/mclaren-senna-gtr\/\" \/>\n<meta property=\"og:site_name\" content=\"Amian Collection Cars\" \/>\n<meta property=\"article:modified_time\" content=\"2025-02-20T08:48:07+00:00\" \/>\n<meta property=\"og:image\" content=\"https:\/\/amian-collectioncars.com\/wp-content\/uploads\/2024\/07\/220714_SennaGTR-9.jpg\" \/>\n\t<meta property=\"og:image:width\" content=\"1600\" \/>\n\t<meta property=\"og:image:height\" content=\"1043\" \/>\n\t<meta property=\"og:image:type\" content=\"image\/jpeg\" \/>\n<meta name=\"twitter:card\" content=\"summary_large_image\" \/>\n<meta name=\"twitter:label1\" content=\"Estimated reading time\" \/>\n\t<meta name=\"twitter:data1\" content=\"1 minute\" \/>\n<script type=\"application\/ld+json\" class=\"yoast-schema-graph\">{\"@context\":\"https:\\\/\\\/schema.org\",\"@graph\":[{\"@type\":\"WebPage\",\"@id\":\"https:\\\/\\\/amian-collectioncars.com\\\/fahrzeuge\\\/mclaren\\\/mclaren-senna-gtr\\\/\",\"url\":\"https:\\\/\\\/amian-collectioncars.com\\\/fahrzeuge\\\/mclaren\\\/mclaren-senna-gtr\\\/\",\"name\":\"McLaren Senna GTR - Amian Collection Cars\",\"isPartOf\":{\"@id\":\"https:\\\/\\\/amian-collectioncars.com\\\/en\\\/#website\"},\"primaryImageOfPage\":{\"@id\":\"https:\\\/\\\/amian-collectioncars.com\\\/fahrzeuge\\\/mclaren\\\/mclaren-senna-gtr\\\/#primaryimage\"},\"image\":{\"@id\":\"https:\\\/\\\/amian-collectioncars.com\\\/fahrzeuge\\\/mclaren\\\/mclaren-senna-gtr\\\/#primaryimage\"},\"thumbnailUrl\":\"https:\\\/\\\/amian-collectioncars.com\\\/wp-content\\\/uploads\\\/2024\\\/07\\\/220714_SennaGTR-9.jpg\",\"datePublished\":\"2024-07-10T14:28:06+00:00\",\"dateModified\":\"2025-02-20T08:48:07+00:00\",\"description\":\"Dieser McLaren Senna GTR wurde 2021 erstmals zugelassen.\",\"breadcrumb\":{\"@id\":\"https:\\\/\\\/amian-collectioncars.com\\\/fahrzeuge\\\/mclaren\\\/mclaren-senna-gtr\\\/#breadcrumb\"},\"inLanguage\":\"en-GB\",\"potentialAction\":[{\"@type\":\"ReadAction\",\"target\":[\"https:\\\/\\\/amian-collectioncars.com\\\/fahrzeuge\\\/mclaren\\\/mclaren-senna-gtr\\\/\"]}]},{\"@type\":\"ImageObject\",\"inLanguage\":\"en-GB\",\"@id\":\"https:\\\/\\\/amian-collectioncars.com\\\/fahrzeuge\\\/mclaren\\\/mclaren-senna-gtr\\\/#primaryimage\",\"url\":\"https:\\\/\\\/amian-collectioncars.com\\\/wp-content\\\/uploads\\\/2024\\\/07\\\/220714_SennaGTR-9.jpg\",\"contentUrl\":\"https:\\\/\\\/amian-collectioncars.com\\\/wp-content\\\/uploads\\\/2024\\\/07\\\/220714_SennaGTR-9.jpg\",\"width\":1600,\"height\":1043,\"caption\":\"Der McLaren Senna wurde von einem der besten Rennfahrer aller Zeiten inspiriert und ist ganz darauf ausgerichtet, dem Fahrer absolute H\u00f6chstleistungen zu erm\u00f6glichen \u2013 eine Rennmaschine mit Stra\u00dfenzulassung. Im neuen McLaren Senna GTR wird die Philosophie hinter dieser Ikone weiterentwickelt \u2013 bis zum Extrem. Von jeglichen Einschr\u00e4nkungen durch Stra\u00dfenverkehrs- oder Motorsportregeln befreit, geht dieses Fahrzeug ans Limit. Leicht. Leistungsstark. Performance f\u00fcr Rennstrecken. Der McLaren Senna GTR f\u00fchrt die GTR-Tradition fort und ist \u2013 abgesehen von den Formel-1\u2122-Boliden \u2013 der schnellste McLaren auf der Rennstrecke. F\u00fcr die atemberaubende Performance des McLaren Senna GTR ist der McLaren M840TR 4,0-Liter-Twin-Turbo-V8-Motor verantwortlich. Er generiert 825 PS und 800 Nm Drehmoment. Die Zahlen lassen das Herz h\u00f6her schlagen. Leistungsgewicht: 694 PS pro Tonne, der h\u00f6chste Wert aller f\u00fcr die Rennstrecke entworfenen McLaren. Abtrieb: Bis zu 1000 kg. Werte, die genau eines bedeuten: Die extremste, purste Erfahrung auf der Rennstrecke. Zudem wurde dieser Supersportwagen auf nur 75 Exemplare limitiert.\"},{\"@type\":\"BreadcrumbList\",\"@id\":\"https:\\\/\\\/amian-collectioncars.com\\\/fahrzeuge\\\/mclaren\\\/mclaren-senna-gtr\\\/#breadcrumb\",\"itemListElement\":[{\"@type\":\"ListItem\",\"position\":1,\"name\":\"Startseite\",\"item\":\"https:\\\/\\\/amian-collectioncars.com\\\/\"},{\"@type\":\"ListItem\",\"position\":2,\"name\":\"Fahrzeuge Deaktiviert\",\"item\":\"https:\\\/\\\/amian-collectioncars.com\\\/?page_id=6\"},{\"@type\":\"ListItem\",\"position\":3,\"name\":\"McLaren Senna GTR\"}]},{\"@type\":\"WebSite\",\"@id\":\"https:\\\/\\\/amian-collectioncars.com\\\/en\\\/#website\",\"url\":\"https:\\\/\\\/amian-collectioncars.com\\\/en\\\/\",\"name\":\"Amian Collection Cars\",\"description\":\"Amian Exclusive Cars aus K\u00f6ln\",\"potentialAction\":[{\"@type\":\"SearchAction\",\"target\":{\"@type\":\"EntryPoint\",\"urlTemplate\":\"https:\\\/\\\/amian-collectioncars.com\\\/en\\\/?s={search_term_string}\"},\"query-input\":{\"@type\":\"PropertyValueSpecification\",\"valueRequired\":true,\"valueName\":\"search_term_string\"}}],\"inLanguage\":\"en-GB\"}]}<\/script>\n<!-- \/ Yoast SEO plugin. -->","yoast_head_json":{"title":"McLaren Senna GTR - Amian Collection Cars","description":"Dieser McLaren Senna GTR wurde 2021 erstmals zugelassen.","robots":{"index":"index","follow":"follow","max-snippet":"max-snippet:-1","max-image-preview":"max-image-preview:large","max-video-preview":"max-video-preview:-1"},"canonical":"https:\/\/amian-collectioncars.com\/en\/fahrzeuge\/mclaren\/mclaren-senna-gtr\/","og_locale":"en_GB","og_type":"article","og_title":"McLaren Senna GTR - Amian Collection Cars","og_description":"Dieser McLaren Senna GTR wurde 2021 erstmals zugelassen.","og_url":"https:\/\/amian-collectioncars.com\/en\/fahrzeuge\/mclaren\/mclaren-senna-gtr\/","og_site_name":"Amian Collection Cars","article_modified_time":"2025-02-20T08:48:07+00:00","og_image":[{"width":1600,"height":1043,"url":"https:\/\/amian-collectioncars.com\/wp-content\/uploads\/2024\/07\/220714_SennaGTR-9.jpg","type":"image\/jpeg"}],"twitter_card":"summary_large_image","twitter_misc":{"Estimated reading time":"1 minute"},"schema":{"@context":"https:\/\/schema.org","@graph":[{"@type":"WebPage","@id":"https:\/\/amian-collectioncars.com\/fahrzeuge\/mclaren\/mclaren-senna-gtr\/","url":"https:\/\/amian-collectioncars.com\/fahrzeuge\/mclaren\/mclaren-senna-gtr\/","name":"McLaren Senna GTR - Amian Collection Cars","isPartOf":{"@id":"https:\/\/amian-collectioncars.com\/en\/#website"},"primaryImageOfPage":{"@id":"https:\/\/amian-collectioncars.com\/fahrzeuge\/mclaren\/mclaren-senna-gtr\/#primaryimage"},"image":{"@id":"https:\/\/amian-collectioncars.com\/fahrzeuge\/mclaren\/mclaren-senna-gtr\/#primaryimage"},"thumbnailUrl":"https:\/\/amian-collectioncars.com\/wp-content\/uploads\/2024\/07\/220714_SennaGTR-9.jpg","datePublished":"2024-07-10T14:28:06+00:00","dateModified":"2025-02-20T08:48:07+00:00","description":"Dieser McLaren Senna GTR wurde 2021 erstmals zugelassen.","breadcrumb":{"@id":"https:\/\/amian-collectioncars.com\/fahrzeuge\/mclaren\/mclaren-senna-gtr\/#breadcrumb"},"inLanguage":"en-GB","potentialAction":[{"@type":"ReadAction","target":["https:\/\/amian-collectioncars.com\/fahrzeuge\/mclaren\/mclaren-senna-gtr\/"]}]},{"@type":"ImageObject","inLanguage":"en-GB","@id":"https:\/\/amian-collectioncars.com\/fahrzeuge\/mclaren\/mclaren-senna-gtr\/#primaryimage","url":"https:\/\/amian-collectioncars.com\/wp-content\/uploads\/2024\/07\/220714_SennaGTR-9.jpg","contentUrl":"https:\/\/amian-collectioncars.com\/wp-content\/uploads\/2024\/07\/220714_SennaGTR-9.jpg","width":1600,"height":1043,"caption":"Der McLaren Senna wurde von einem der besten Rennfahrer aller Zeiten inspiriert und ist ganz darauf ausgerichtet, dem Fahrer absolute H\u00f6chstleistungen zu erm\u00f6glichen \u2013 eine Rennmaschine mit Stra\u00dfenzulassung. Im neuen McLaren Senna GTR wird die Philosophie hinter dieser Ikone weiterentwickelt \u2013 bis zum Extrem. Von jeglichen Einschr\u00e4nkungen durch Stra\u00dfenverkehrs- oder Motorsportregeln befreit, geht dieses Fahrzeug ans Limit. Leicht. Leistungsstark. Performance f\u00fcr Rennstrecken. Der McLaren Senna GTR f\u00fchrt die GTR-Tradition fort und ist \u2013 abgesehen von den Formel-1\u2122-Boliden \u2013 der schnellste McLaren auf der Rennstrecke. F\u00fcr die atemberaubende Performance des McLaren Senna GTR ist der McLaren M840TR 4,0-Liter-Twin-Turbo-V8-Motor verantwortlich. Er generiert 825 PS und 800 Nm Drehmoment. Die Zahlen lassen das Herz h\u00f6her schlagen. Leistungsgewicht: 694 PS pro Tonne, der h\u00f6chste Wert aller f\u00fcr die Rennstrecke entworfenen McLaren. Abtrieb: Bis zu 1000 kg. Werte, die genau eines bedeuten: Die extremste, purste Erfahrung auf der Rennstrecke. Zudem wurde dieser Supersportwagen auf nur 75 Exemplare limitiert."},{"@type":"BreadcrumbList","@id":"https:\/\/amian-collectioncars.com\/fahrzeuge\/mclaren\/mclaren-senna-gtr\/#breadcrumb","itemListElement":[{"@type":"ListItem","position":1,"name":"Startseite","item":"https:\/\/amian-collectioncars.com\/"},{"@type":"ListItem","position":2,"name":"Fahrzeuge Deaktiviert","item":"https:\/\/amian-collectioncars.com\/?page_id=6"},{"@type":"ListItem","position":3,"name":"McLaren Senna GTR"}]},{"@type":"WebSite","@id":"https:\/\/amian-collectioncars.com\/en\/#website","url":"https:\/\/amian-collectioncars.com\/en\/","name":"Amian Collection Cars","description":"Amian Exclusive Cars aus K\u00f6ln","potentialAction":[{"@type":"SearchAction","target":{"@type":"EntryPoint","urlTemplate":"https:\/\/amian-collectioncars.com\/en\/?s={search_term_string}"},"query-input":{"@type":"PropertyValueSpecification","valueRequired":true,"valueName":"search_term_string"}}],"inLanguage":"en-GB"}]}},"jetpack_sharing_enabled":true,"_links":{"self":[{"href":"https:\/\/amian-collectioncars.com\/en\/wp-json\/wp\/v2\/product\/8091","targetHints":{"allow":["GET"]}}],"collection":[{"href":"https:\/\/amian-collectioncars.com\/en\/wp-json\/wp\/v2\/product"}],"about":[{"href":"https:\/\/amian-collectioncars.com\/en\/wp-json\/wp\/v2\/types\/product"}],"wp:featuredmedia":[{"embeddable":true,"href":"https:\/\/amian-collectioncars.com\/en\/wp-json\/wp\/v2\/media\/8097"}],"wp:attachment":[{"href":"https:\/\/amian-collectioncars.com\/en\/wp-json\/wp\/v2\/media?parent=8091"}],"wp:term":[{"taxonomy":"product_brand","embeddable":true,"href":"https:\/\/amian-collectioncars.com\/en\/wp-json\/wp\/v2\/product_brand?post=8091"},{"taxonomy":"product_cat","embeddable":true,"href":"https:\/\/amian-collectioncars.com\/en\/wp-json\/wp\/v2\/product_cat?post=8091"},{"taxonomy":"product_tag","embeddable":true,"href":"https:\/\/amian-collectioncars.com\/en\/wp-json\/wp\/v2\/product_tag?post=8091"}],"curies":[{"name":"wp","href":"https:\/\/api.w.org\/{rel}","templated":true}]}}