{"id":6586,"date":"2023-03-06T14:48:47","date_gmt":"2023-03-06T14:48:47","guid":{"rendered":"https:\/\/amian-collectioncars.com\/?post_type=product&#038;p=6586"},"modified":"2025-10-31T08:42:56","modified_gmt":"2025-10-31T07:42:56","slug":"mercedes-benz-g-klasse","status":"publish","type":"product","link":"https:\/\/amian-collectioncars.com\/en\/fahrzeuge\/mercedes\/mercedes-benz-g-klasse\/","title":{"rendered":"Mercedes-Benz G-Klasse"},"content":{"rendered":"<p>Seit \u00fcber 40 Jahren einzigartig: Die G-Klasse ist unverwechselbar. Eine klare Linienf\u00fchrung und plane Fl\u00e4chen bestimmen die Seitenansicht. Charakteristisch sind die au\u00dfenliegenden T\u00fcrscharniere, die seitliche Au\u00dfenschutzleiste und das exponierte Ersatzrad an der Heckt\u00fcr. Die markanten Radlaufverkleidungen und die breite Spur sorgen f\u00fcr dominantes Auftreten. \u00dcberlegene Offroad-Performance ist Ursprung und Ziel. Die G-Klasse setzt Ma\u00dfst\u00e4be in Sachen Steigf\u00e4higkeit, Wattiefe und Schr\u00e4glage.<\/p>\n<p>The interior concept allows headroom and legroom. The intuitive and modern controls ensure that nothing distracts from the pure enjoyment. Active multicontour seats with inflatable air chambers and seat climate control ensure the best possible seating comfort and, thanks to the driving dynamics function, excellent lateral support when cornering. Eight massage programmes enhance well-being and make every journey a special pleasure. Innovative assistance systems relieve and support the driver on the road as well as off-road.<\/p>","protected":false},"excerpt":{"rendered":"<p><strong>Vehicle data<br \/>\n<\/strong>Category: Used vehicle<br \/>\nOwner: n.a.<br \/>\nBody: Off-road vehicle<br \/>\nFirst registration: 07\/2020<br \/>\nMileage: 27,070 km<br \/>\nFuel: Diesel<br \/>\nPower: 422 hp \/ 310 kw<br \/>\nGearbox: Automatic<br \/>\nExterior colour: Obsidian Black<br \/>\nConsumption: 11-16 l\/100 km combined<br \/>\nCO\u00b2 emission: 289g\/km<br \/>\nDoors: 5<br \/>\nStatus: Not available<\/p>","protected":false},"featured_media":6587,"template":"","meta":{"_acf_changed":false,"inline_featured_image":false},"product_brand":[],"product_cat":[234],"product_tag":[251,284,504,539,422,546,283,261,292,538,254,308,424,423,513,543],"class_list":{"0":"post-6586","1":"product","2":"type-product","3":"status-publish","4":"has-post-thumbnail","6":"product_cat-mercedes","7":"product_tag-amian-collection-cars","8":"product_tag-cologne","9":"product_tag-dominik-amian","10":"product_tag-dubai","11":"product_tag-g-klasse","12":"product_tag-geneva","13":"product_tag-germany","14":"product_tag-hypercar","15":"product_tag-koeln","16":"product_tag-london","17":"product_tag-luxury-car","18":"product_tag-mercedes","19":"product_tag-mercedes-benz","20":"product_tag-mercedes-benz-g-klasse","21":"product_tag-supercar-dealership","22":"product_tag-vienna","24":"first","25":"outofstock","26":"sold-individually","27":"shipping-taxable","28":"product-type-simple"},"acf":[],"yoast_head":"<!-- This site is optimized with the Yoast SEO plugin v27.4 - https:\/\/yoast.com\/product\/yoast-seo-wordpress\/ -->\n<title>Mercedes-Benz G-Klasse - Amian Collection Cars<\/title>\n<meta name=\"description\" content=\"\u00dcberlegene Offroad-Performance ist Ursprung und Ziel. Die G-Klasse setzt Ma\u00dfst\u00e4be in Sachen Steigf\u00e4higkeit, Wattiefe und Schr\u00e4glage.\" \/>\n<meta name=\"robots\" content=\"index, follow, max-snippet:-1, max-image-preview:large, max-video-preview:-1\" \/>\n<link rel=\"canonical\" href=\"https:\/\/amian-collectioncars.com\/en\/fahrzeuge\/mercedes\/mercedes-benz-g-klasse\/\" \/>\n<meta property=\"og:locale\" content=\"en_GB\" \/>\n<meta property=\"og:type\" content=\"article\" \/>\n<meta property=\"og:title\" content=\"Mercedes-Benz G-Klasse - Amian Collection Cars\" \/>\n<meta property=\"og:description\" content=\"\u00dcberlegene Offroad-Performance ist Ursprung und Ziel. Die G-Klasse setzt Ma\u00dfst\u00e4be in Sachen Steigf\u00e4higkeit, Wattiefe und Schr\u00e4glage.\" \/>\n<meta property=\"og:url\" content=\"https:\/\/amian-collectioncars.com\/en\/fahrzeuge\/mercedes\/mercedes-benz-g-klasse\/\" \/>\n<meta property=\"og:site_name\" content=\"Amian Collection Cars\" \/>\n<meta property=\"article:modified_time\" content=\"2025-10-31T07:42:56+00:00\" \/>\n<meta property=\"og:image\" content=\"https:\/\/amian-collectioncars.com\/wp-content\/uploads\/2023\/03\/230228_MercedesBenz-G-Klasse-7.jpg\" \/>\n\t<meta property=\"og:image:width\" content=\"1601\" \/>\n\t<meta property=\"og:image:height\" content=\"1143\" \/>\n\t<meta property=\"og:image:type\" content=\"image\/jpeg\" \/>\n<meta name=\"twitter:card\" content=\"summary_large_image\" \/>\n<meta name=\"twitter:label1\" content=\"Estimated reading time\" \/>\n\t<meta name=\"twitter:data1\" content=\"1 minute\" \/>\n<script type=\"application\/ld+json\" class=\"yoast-schema-graph\">{\"@context\":\"https:\\\/\\\/schema.org\",\"@graph\":[{\"@type\":\"WebPage\",\"@id\":\"https:\\\/\\\/amian-collectioncars.com\\\/fahrzeuge\\\/mercedes\\\/mercedes-benz-g-klasse\\\/\",\"url\":\"https:\\\/\\\/amian-collectioncars.com\\\/fahrzeuge\\\/mercedes\\\/mercedes-benz-g-klasse\\\/\",\"name\":\"Mercedes-Benz G-Klasse - Amian Collection Cars\",\"isPartOf\":{\"@id\":\"https:\\\/\\\/amian-collectioncars.com\\\/en\\\/#website\"},\"primaryImageOfPage\":{\"@id\":\"https:\\\/\\\/amian-collectioncars.com\\\/fahrzeuge\\\/mercedes\\\/mercedes-benz-g-klasse\\\/#primaryimage\"},\"image\":{\"@id\":\"https:\\\/\\\/amian-collectioncars.com\\\/fahrzeuge\\\/mercedes\\\/mercedes-benz-g-klasse\\\/#primaryimage\"},\"thumbnailUrl\":\"https:\\\/\\\/amian-collectioncars.com\\\/wp-content\\\/uploads\\\/2023\\\/03\\\/230228_MercedesBenz-G-Klasse-7.jpg\",\"datePublished\":\"2023-03-06T14:48:47+00:00\",\"dateModified\":\"2025-10-31T07:42:56+00:00\",\"description\":\"\u00dcberlegene Offroad-Performance ist Ursprung und Ziel. Die G-Klasse setzt Ma\u00dfst\u00e4be in Sachen Steigf\u00e4higkeit, Wattiefe und Schr\u00e4glage.\",\"breadcrumb\":{\"@id\":\"https:\\\/\\\/amian-collectioncars.com\\\/fahrzeuge\\\/mercedes\\\/mercedes-benz-g-klasse\\\/#breadcrumb\"},\"inLanguage\":\"en-GB\",\"potentialAction\":[{\"@type\":\"ReadAction\",\"target\":[\"https:\\\/\\\/amian-collectioncars.com\\\/fahrzeuge\\\/mercedes\\\/mercedes-benz-g-klasse\\\/\"]}]},{\"@type\":\"ImageObject\",\"inLanguage\":\"en-GB\",\"@id\":\"https:\\\/\\\/amian-collectioncars.com\\\/fahrzeuge\\\/mercedes\\\/mercedes-benz-g-klasse\\\/#primaryimage\",\"url\":\"https:\\\/\\\/amian-collectioncars.com\\\/wp-content\\\/uploads\\\/2023\\\/03\\\/230228_MercedesBenz-G-Klasse-7.jpg\",\"contentUrl\":\"https:\\\/\\\/amian-collectioncars.com\\\/wp-content\\\/uploads\\\/2023\\\/03\\\/230228_MercedesBenz-G-Klasse-7.jpg\",\"width\":1601,\"height\":1143},{\"@type\":\"BreadcrumbList\",\"@id\":\"https:\\\/\\\/amian-collectioncars.com\\\/fahrzeuge\\\/mercedes\\\/mercedes-benz-g-klasse\\\/#breadcrumb\",\"itemListElement\":[{\"@type\":\"ListItem\",\"position\":1,\"name\":\"Startseite\",\"item\":\"https:\\\/\\\/amian-collectioncars.com\\\/\"},{\"@type\":\"ListItem\",\"position\":2,\"name\":\"Fahrzeuge Deaktiviert\",\"item\":\"https:\\\/\\\/amian-collectioncars.com\\\/?page_id=6\"},{\"@type\":\"ListItem\",\"position\":3,\"name\":\"Mercedes-Benz G-Klasse\"}]},{\"@type\":\"WebSite\",\"@id\":\"https:\\\/\\\/amian-collectioncars.com\\\/en\\\/#website\",\"url\":\"https:\\\/\\\/amian-collectioncars.com\\\/en\\\/\",\"name\":\"Amian Collection Cars\",\"description\":\"Amian Exclusive Cars aus K\u00f6ln\",\"potentialAction\":[{\"@type\":\"SearchAction\",\"target\":{\"@type\":\"EntryPoint\",\"urlTemplate\":\"https:\\\/\\\/amian-collectioncars.com\\\/en\\\/?s={search_term_string}\"},\"query-input\":{\"@type\":\"PropertyValueSpecification\",\"valueRequired\":true,\"valueName\":\"search_term_string\"}}],\"inLanguage\":\"en-GB\"}]}<\/script>\n<!-- \/ Yoast SEO plugin. -->","yoast_head_json":{"title":"Mercedes-Benz G-Klasse - Amian Collection Cars","description":"\u00dcberlegene Offroad-Performance ist Ursprung und Ziel. Die G-Klasse setzt Ma\u00dfst\u00e4be in Sachen Steigf\u00e4higkeit, Wattiefe und Schr\u00e4glage.","robots":{"index":"index","follow":"follow","max-snippet":"max-snippet:-1","max-image-preview":"max-image-preview:large","max-video-preview":"max-video-preview:-1"},"canonical":"https:\/\/amian-collectioncars.com\/en\/fahrzeuge\/mercedes\/mercedes-benz-g-klasse\/","og_locale":"en_GB","og_type":"article","og_title":"Mercedes-Benz G-Klasse - Amian Collection Cars","og_description":"\u00dcberlegene Offroad-Performance ist Ursprung und Ziel. Die G-Klasse setzt Ma\u00dfst\u00e4be in Sachen Steigf\u00e4higkeit, Wattiefe und Schr\u00e4glage.","og_url":"https:\/\/amian-collectioncars.com\/en\/fahrzeuge\/mercedes\/mercedes-benz-g-klasse\/","og_site_name":"Amian Collection Cars","article_modified_time":"2025-10-31T07:42:56+00:00","og_image":[{"width":1601,"height":1143,"url":"https:\/\/amian-collectioncars.com\/wp-content\/uploads\/2023\/03\/230228_MercedesBenz-G-Klasse-7.jpg","type":"image\/jpeg"}],"twitter_card":"summary_large_image","twitter_misc":{"Estimated reading time":"1 minute"},"schema":{"@context":"https:\/\/schema.org","@graph":[{"@type":"WebPage","@id":"https:\/\/amian-collectioncars.com\/fahrzeuge\/mercedes\/mercedes-benz-g-klasse\/","url":"https:\/\/amian-collectioncars.com\/fahrzeuge\/mercedes\/mercedes-benz-g-klasse\/","name":"Mercedes-Benz G-Klasse - Amian Collection Cars","isPartOf":{"@id":"https:\/\/amian-collectioncars.com\/en\/#website"},"primaryImageOfPage":{"@id":"https:\/\/amian-collectioncars.com\/fahrzeuge\/mercedes\/mercedes-benz-g-klasse\/#primaryimage"},"image":{"@id":"https:\/\/amian-collectioncars.com\/fahrzeuge\/mercedes\/mercedes-benz-g-klasse\/#primaryimage"},"thumbnailUrl":"https:\/\/amian-collectioncars.com\/wp-content\/uploads\/2023\/03\/230228_MercedesBenz-G-Klasse-7.jpg","datePublished":"2023-03-06T14:48:47+00:00","dateModified":"2025-10-31T07:42:56+00:00","description":"\u00dcberlegene Offroad-Performance ist Ursprung und Ziel. Die G-Klasse setzt Ma\u00dfst\u00e4be in Sachen Steigf\u00e4higkeit, Wattiefe und Schr\u00e4glage.","breadcrumb":{"@id":"https:\/\/amian-collectioncars.com\/fahrzeuge\/mercedes\/mercedes-benz-g-klasse\/#breadcrumb"},"inLanguage":"en-GB","potentialAction":[{"@type":"ReadAction","target":["https:\/\/amian-collectioncars.com\/fahrzeuge\/mercedes\/mercedes-benz-g-klasse\/"]}]},{"@type":"ImageObject","inLanguage":"en-GB","@id":"https:\/\/amian-collectioncars.com\/fahrzeuge\/mercedes\/mercedes-benz-g-klasse\/#primaryimage","url":"https:\/\/amian-collectioncars.com\/wp-content\/uploads\/2023\/03\/230228_MercedesBenz-G-Klasse-7.jpg","contentUrl":"https:\/\/amian-collectioncars.com\/wp-content\/uploads\/2023\/03\/230228_MercedesBenz-G-Klasse-7.jpg","width":1601,"height":1143},{"@type":"BreadcrumbList","@id":"https:\/\/amian-collectioncars.com\/fahrzeuge\/mercedes\/mercedes-benz-g-klasse\/#breadcrumb","itemListElement":[{"@type":"ListItem","position":1,"name":"Startseite","item":"https:\/\/amian-collectioncars.com\/"},{"@type":"ListItem","position":2,"name":"Fahrzeuge Deaktiviert","item":"https:\/\/amian-collectioncars.com\/?page_id=6"},{"@type":"ListItem","position":3,"name":"Mercedes-Benz G-Klasse"}]},{"@type":"WebSite","@id":"https:\/\/amian-collectioncars.com\/en\/#website","url":"https:\/\/amian-collectioncars.com\/en\/","name":"Amian Collection Cars","description":"Amian Exclusive Cars aus K\u00f6ln","potentialAction":[{"@type":"SearchAction","target":{"@type":"EntryPoint","urlTemplate":"https:\/\/amian-collectioncars.com\/en\/?s={search_term_string}"},"query-input":{"@type":"PropertyValueSpecification","valueRequired":true,"valueName":"search_term_string"}}],"inLanguage":"en-GB"}]}},"jetpack_sharing_enabled":true,"_links":{"self":[{"href":"https:\/\/amian-collectioncars.com\/en\/wp-json\/wp\/v2\/product\/6586","targetHints":{"allow":["GET"]}}],"collection":[{"href":"https:\/\/amian-collectioncars.com\/en\/wp-json\/wp\/v2\/product"}],"about":[{"href":"https:\/\/amian-collectioncars.com\/en\/wp-json\/wp\/v2\/types\/product"}],"wp:featuredmedia":[{"embeddable":true,"href":"https:\/\/amian-collectioncars.com\/en\/wp-json\/wp\/v2\/media\/6587"}],"wp:attachment":[{"href":"https:\/\/amian-collectioncars.com\/en\/wp-json\/wp\/v2\/media?parent=6586"}],"wp:term":[{"taxonomy":"product_brand","embeddable":true,"href":"https:\/\/amian-collectioncars.com\/en\/wp-json\/wp\/v2\/product_brand?post=6586"},{"taxonomy":"product_cat","embeddable":true,"href":"https:\/\/amian-collectioncars.com\/en\/wp-json\/wp\/v2\/product_cat?post=6586"},{"taxonomy":"product_tag","embeddable":true,"href":"https:\/\/amian-collectioncars.com\/en\/wp-json\/wp\/v2\/product_tag?post=6586"}],"curies":[{"name":"wp","href":"https:\/\/api.w.org\/{rel}","templated":true}]}}