{"id":5209,"date":"2025-08-14T09:13:59","date_gmt":"2025-08-14T08:13:59","guid":{"rendered":"https:\/\/amian-collectioncars.com\/?post_type=product&#038;p=5209"},"modified":"2026-04-01T16:47:39","modified_gmt":"2026-04-01T15:47:39","slug":"bmw-m2","status":"publish","type":"product","link":"https:\/\/amian-collectioncars.com\/en\/fahrzeuge\/bmw\/bmw-m2\/","title":{"rendered":"BMW M2 Coup\u00e9"},"content":{"rendered":"<h4>Compact powerhouse with racing DNA<\/h4>\n<p>The BMW M2 Coup\u00e9 embodies concentrated racing feeling in a compact format. Its powerful 3.0-litre inline six-cylinder engine mobilises an impressive 338 kW (460 hp) \u2013 and offers a maximum torque of 550 Nm.<br \/>\n<br data-start=\"453\" data-end=\"456\" \/>High-quality carbon details, Alcantara surfaces and striking red accents in the interior create an exclusive motorsport atmosphere.<\/p>\n<p>The M2 CS brings its motorsport soul to everyday driving: features such as M Laptimer, M Drift Analyzer, multiple driving modes up to track deactivation of assistance systems, and finely adjustable M traction control (10 levels) are standard.<\/p>\n<h4 data-start=\"1876\" data-end=\"1908\">High-end technology and comfort<\/h4>\n<p data-start=\"1912\" data-end=\"2218\">The fully digital cockpit consists of a 12.3-inch combination display plus a 14.9-inch central touchscreen including BMW Operating System 8.5, voice control, Apple CarPlay\u00ae, Android Auto\u2122, head-up display and augmented reality navigation.<\/p>\n<p data-start=\"2222\" data-end=\"2441\">Harman Kardon surround sound, dual-zone automatic climate control, comfort access and Live Cockpit Professional are included as standard.<\/p>","protected":false},"excerpt":{"rendered":"<p><strong>Vehicle data<\/strong><br \/>\nCategory: Used vehicle<span class=\"Apple-converted-space\"><br \/>\n<\/span>Previous owners: 1<br \/>\nBody: Coup\u00e9<br \/>\nFirst registration: 09\/2023<br \/>\nMileage: 2,582 km \/ 1,604 mi<br \/>\nFuel: Petrol<br \/>\nPower: 338 kW \/ 460 hp<br \/>\nGearbox: Automatic<br \/>\nExterior colour: Black<br \/>\nConsumption: 9,8 l\/100km<br \/>\nCo\u00b2 emission: 223 g\/km<br \/>\nDoors: 2<br \/>\nStatus: Available<br \/>\nPrice: \u20ac 68,300<br \/>\nVAT: Not deductible<\/p>","protected":false},"featured_media":8825,"template":"","meta":{"_acf_changed":false,"inline_featured_image":false},"product_brand":[],"product_cat":[325],"product_tag":[251,520,223,626,284,504,285,283,261,328,292,538,254,509,308,424,550],"class_list":{"0":"post-5209","1":"product","2":"type-product","3":"status-publish","4":"has-post-thumbnail","6":"product_cat-bmw","7":"product_tag-amian-collection-cars","8":"product_tag-amian-exclusive-cars-germany","9":"product_tag-bmw","10":"product_tag-bmw-m2-coupe","11":"product_tag-cologne","12":"product_tag-dominik-amian","13":"product_tag-for-sale","14":"product_tag-germany","15":"product_tag-hypercar","16":"product_tag-im-verkauf","17":"product_tag-koeln","18":"product_tag-london","19":"product_tag-luxury-car","20":"product_tag-luxusautohaus","21":"product_tag-mercedes","22":"product_tag-mercedes-benz","23":"product_tag-supercar","25":"first","26":"instock","27":"sold-individually","28":"shipping-taxable","29":"purchasable","30":"product-type-simple"},"acf":[],"yoast_head":"<!-- This site is optimized with the Yoast SEO plugin v27.4 - https:\/\/yoast.com\/product\/yoast-seo-wordpress\/ -->\n<title>BMW M2 Coup\u00e9 - Amian Collection Cars<\/title>\n<meta name=\"description\" content=\"Der BMW M2 Coup\u00e9 verk\u00f6rpert pures Rennsport-Feeling im kompakten Format.\" \/>\n<meta name=\"robots\" content=\"index, follow, max-snippet:-1, max-image-preview:large, max-video-preview:-1\" \/>\n<link rel=\"canonical\" href=\"https:\/\/amian-collectioncars.com\/en\/fahrzeuge\/bmw\/bmw-m2\/\" \/>\n<meta property=\"og:locale\" content=\"en_GB\" \/>\n<meta property=\"og:type\" content=\"article\" \/>\n<meta property=\"og:title\" content=\"BMW M2 Coup\u00e9 - Amian Collection Cars\" \/>\n<meta property=\"og:description\" content=\"Der BMW M2 Coup\u00e9 verk\u00f6rpert pures Rennsport-Feeling im kompakten Format.\" \/>\n<meta property=\"og:url\" content=\"https:\/\/amian-collectioncars.com\/en\/fahrzeuge\/bmw\/bmw-m2\/\" \/>\n<meta property=\"og:site_name\" content=\"Amian Collection Cars\" \/>\n<meta property=\"article:modified_time\" content=\"2026-04-01T15:47:39+00:00\" \/>\n<meta property=\"og:image\" content=\"https:\/\/amian-collectioncars.com\/wp-content\/uploads\/2025\/08\/R5103675.jpg\" \/>\n\t<meta property=\"og:image:width\" content=\"1600\" \/>\n\t<meta property=\"og:image:height\" content=\"1067\" \/>\n\t<meta property=\"og:image:type\" content=\"image\/jpeg\" \/>\n<meta name=\"twitter:card\" content=\"summary_large_image\" \/>\n<meta name=\"twitter:label1\" content=\"Estimated reading time\" \/>\n\t<meta name=\"twitter:data1\" content=\"1 minute\" \/>\n<script type=\"application\/ld+json\" class=\"yoast-schema-graph\">{\"@context\":\"https:\\\/\\\/schema.org\",\"@graph\":[{\"@type\":\"WebPage\",\"@id\":\"https:\\\/\\\/amian-collectioncars.com\\\/fahrzeuge\\\/bmw\\\/bmw-m2\\\/\",\"url\":\"https:\\\/\\\/amian-collectioncars.com\\\/fahrzeuge\\\/bmw\\\/bmw-m2\\\/\",\"name\":\"BMW M2 Coup\u00e9 - Amian Collection Cars\",\"isPartOf\":{\"@id\":\"https:\\\/\\\/amian-collectioncars.com\\\/en\\\/#website\"},\"primaryImageOfPage\":{\"@id\":\"https:\\\/\\\/amian-collectioncars.com\\\/fahrzeuge\\\/bmw\\\/bmw-m2\\\/#primaryimage\"},\"image\":{\"@id\":\"https:\\\/\\\/amian-collectioncars.com\\\/fahrzeuge\\\/bmw\\\/bmw-m2\\\/#primaryimage\"},\"thumbnailUrl\":\"https:\\\/\\\/amian-collectioncars.com\\\/wp-content\\\/uploads\\\/2025\\\/08\\\/R5103675.jpg\",\"datePublished\":\"2025-08-14T08:13:59+00:00\",\"dateModified\":\"2026-04-01T15:47:39+00:00\",\"description\":\"Der BMW M2 Coup\u00e9 verk\u00f6rpert pures Rennsport-Feeling im kompakten Format.\",\"breadcrumb\":{\"@id\":\"https:\\\/\\\/amian-collectioncars.com\\\/fahrzeuge\\\/bmw\\\/bmw-m2\\\/#breadcrumb\"},\"inLanguage\":\"en-GB\",\"potentialAction\":[{\"@type\":\"ReadAction\",\"target\":[\"https:\\\/\\\/amian-collectioncars.com\\\/fahrzeuge\\\/bmw\\\/bmw-m2\\\/\"]}]},{\"@type\":\"ImageObject\",\"inLanguage\":\"en-GB\",\"@id\":\"https:\\\/\\\/amian-collectioncars.com\\\/fahrzeuge\\\/bmw\\\/bmw-m2\\\/#primaryimage\",\"url\":\"https:\\\/\\\/amian-collectioncars.com\\\/wp-content\\\/uploads\\\/2025\\\/08\\\/R5103675.jpg\",\"contentUrl\":\"https:\\\/\\\/amian-collectioncars.com\\\/wp-content\\\/uploads\\\/2025\\\/08\\\/R5103675.jpg\",\"width\":1600,\"height\":1067,\"caption\":\"BMW M2 Coup\u00e9\"},{\"@type\":\"BreadcrumbList\",\"@id\":\"https:\\\/\\\/amian-collectioncars.com\\\/fahrzeuge\\\/bmw\\\/bmw-m2\\\/#breadcrumb\",\"itemListElement\":[{\"@type\":\"ListItem\",\"position\":1,\"name\":\"Startseite\",\"item\":\"https:\\\/\\\/amian-collectioncars.com\\\/\"},{\"@type\":\"ListItem\",\"position\":2,\"name\":\"Fahrzeuge Deaktiviert\",\"item\":\"https:\\\/\\\/amian-collectioncars.com\\\/?page_id=6\"},{\"@type\":\"ListItem\",\"position\":3,\"name\":\"BMW M2 Coup\u00e9\"}]},{\"@type\":\"WebSite\",\"@id\":\"https:\\\/\\\/amian-collectioncars.com\\\/en\\\/#website\",\"url\":\"https:\\\/\\\/amian-collectioncars.com\\\/en\\\/\",\"name\":\"Amian Collection Cars\",\"description\":\"Amian Exclusive Cars aus K\u00f6ln\",\"potentialAction\":[{\"@type\":\"SearchAction\",\"target\":{\"@type\":\"EntryPoint\",\"urlTemplate\":\"https:\\\/\\\/amian-collectioncars.com\\\/en\\\/?s={search_term_string}\"},\"query-input\":{\"@type\":\"PropertyValueSpecification\",\"valueRequired\":true,\"valueName\":\"search_term_string\"}}],\"inLanguage\":\"en-GB\"}]}<\/script>\n<!-- \/ Yoast SEO plugin. -->","yoast_head_json":{"title":"BMW M2 Coup\u00e9 - Amian Collection Cars","description":"Der BMW M2 Coup\u00e9 verk\u00f6rpert pures Rennsport-Feeling im kompakten Format.","robots":{"index":"index","follow":"follow","max-snippet":"max-snippet:-1","max-image-preview":"max-image-preview:large","max-video-preview":"max-video-preview:-1"},"canonical":"https:\/\/amian-collectioncars.com\/en\/fahrzeuge\/bmw\/bmw-m2\/","og_locale":"en_GB","og_type":"article","og_title":"BMW M2 Coup\u00e9 - Amian Collection Cars","og_description":"Der BMW M2 Coup\u00e9 verk\u00f6rpert pures Rennsport-Feeling im kompakten Format.","og_url":"https:\/\/amian-collectioncars.com\/en\/fahrzeuge\/bmw\/bmw-m2\/","og_site_name":"Amian Collection Cars","article_modified_time":"2026-04-01T15:47:39+00:00","og_image":[{"width":1600,"height":1067,"url":"https:\/\/amian-collectioncars.com\/wp-content\/uploads\/2025\/08\/R5103675.jpg","type":"image\/jpeg"}],"twitter_card":"summary_large_image","twitter_misc":{"Estimated reading time":"1 minute"},"schema":{"@context":"https:\/\/schema.org","@graph":[{"@type":"WebPage","@id":"https:\/\/amian-collectioncars.com\/fahrzeuge\/bmw\/bmw-m2\/","url":"https:\/\/amian-collectioncars.com\/fahrzeuge\/bmw\/bmw-m2\/","name":"BMW M2 Coup\u00e9 - Amian Collection Cars","isPartOf":{"@id":"https:\/\/amian-collectioncars.com\/en\/#website"},"primaryImageOfPage":{"@id":"https:\/\/amian-collectioncars.com\/fahrzeuge\/bmw\/bmw-m2\/#primaryimage"},"image":{"@id":"https:\/\/amian-collectioncars.com\/fahrzeuge\/bmw\/bmw-m2\/#primaryimage"},"thumbnailUrl":"https:\/\/amian-collectioncars.com\/wp-content\/uploads\/2025\/08\/R5103675.jpg","datePublished":"2025-08-14T08:13:59+00:00","dateModified":"2026-04-01T15:47:39+00:00","description":"Der BMW M2 Coup\u00e9 verk\u00f6rpert pures Rennsport-Feeling im kompakten Format.","breadcrumb":{"@id":"https:\/\/amian-collectioncars.com\/fahrzeuge\/bmw\/bmw-m2\/#breadcrumb"},"inLanguage":"en-GB","potentialAction":[{"@type":"ReadAction","target":["https:\/\/amian-collectioncars.com\/fahrzeuge\/bmw\/bmw-m2\/"]}]},{"@type":"ImageObject","inLanguage":"en-GB","@id":"https:\/\/amian-collectioncars.com\/fahrzeuge\/bmw\/bmw-m2\/#primaryimage","url":"https:\/\/amian-collectioncars.com\/wp-content\/uploads\/2025\/08\/R5103675.jpg","contentUrl":"https:\/\/amian-collectioncars.com\/wp-content\/uploads\/2025\/08\/R5103675.jpg","width":1600,"height":1067,"caption":"BMW M2 Coup\u00e9"},{"@type":"BreadcrumbList","@id":"https:\/\/amian-collectioncars.com\/fahrzeuge\/bmw\/bmw-m2\/#breadcrumb","itemListElement":[{"@type":"ListItem","position":1,"name":"Startseite","item":"https:\/\/amian-collectioncars.com\/"},{"@type":"ListItem","position":2,"name":"Fahrzeuge Deaktiviert","item":"https:\/\/amian-collectioncars.com\/?page_id=6"},{"@type":"ListItem","position":3,"name":"BMW M2 Coup\u00e9"}]},{"@type":"WebSite","@id":"https:\/\/amian-collectioncars.com\/en\/#website","url":"https:\/\/amian-collectioncars.com\/en\/","name":"Amian Collection Cars","description":"Amian Exclusive Cars aus K\u00f6ln","potentialAction":[{"@type":"SearchAction","target":{"@type":"EntryPoint","urlTemplate":"https:\/\/amian-collectioncars.com\/en\/?s={search_term_string}"},"query-input":{"@type":"PropertyValueSpecification","valueRequired":true,"valueName":"search_term_string"}}],"inLanguage":"en-GB"}]}},"jetpack_sharing_enabled":true,"_links":{"self":[{"href":"https:\/\/amian-collectioncars.com\/en\/wp-json\/wp\/v2\/product\/5209","targetHints":{"allow":["GET"]}}],"collection":[{"href":"https:\/\/amian-collectioncars.com\/en\/wp-json\/wp\/v2\/product"}],"about":[{"href":"https:\/\/amian-collectioncars.com\/en\/wp-json\/wp\/v2\/types\/product"}],"wp:featuredmedia":[{"embeddable":true,"href":"https:\/\/amian-collectioncars.com\/en\/wp-json\/wp\/v2\/media\/8825"}],"wp:attachment":[{"href":"https:\/\/amian-collectioncars.com\/en\/wp-json\/wp\/v2\/media?parent=5209"}],"wp:term":[{"taxonomy":"product_brand","embeddable":true,"href":"https:\/\/amian-collectioncars.com\/en\/wp-json\/wp\/v2\/product_brand?post=5209"},{"taxonomy":"product_cat","embeddable":true,"href":"https:\/\/amian-collectioncars.com\/en\/wp-json\/wp\/v2\/product_cat?post=5209"},{"taxonomy":"product_tag","embeddable":true,"href":"https:\/\/amian-collectioncars.com\/en\/wp-json\/wp\/v2\/product_tag?post=5209"}],"curies":[{"name":"wp","href":"https:\/\/api.w.org\/{rel}","templated":true}]}}