{"id":726,"date":"2017-11-08T13:21:03","date_gmt":"2017-11-08T13:21:03","guid":{"rendered":"https:\/\/demo-content.kaliumtheme.com\/automotive\/?page_id=726"},"modified":"2025-12-14T19:10:24","modified_gmt":"2025-12-14T18:10:24","slug":"kontakt-de","status":"publish","type":"page","link":"https:\/\/amian-collectioncars.com\/en\/kontakt-de\/","title":{"rendered":"Contact"},"content":{"rendered":"<div class=\"wpb-content-wrapper\"><div class=\"vc-row-container row-stretch parent--page-title-banner\"><div data-vc-full-width=\"true\"  data-vc-full-width-init=\"false\" class=\"vc_row wpb_row vc_row-fluid page-title-banner wpb_animate_when_almost_visible wpb_bottom-to-top bottom-to-top vc_custom_1765735795416 vc_row-has-fill vc_row-o-content-bottom vc_row-flex\"><div class=\"wpb_column vc_column_container vc_col-sm-12\"><div class=\"vc_column-inner\"><div class=\"wpb_wrapper\"><h2 style=\"color: #ffffff;text-align: left\" class=\"vc_custom_heading vc_do_custom_heading h2--center-bottom wpb_animate_when_almost_visible wpb_fadeInUp fadeInUp\" >Kontakt<\/h2><\/div><\/div><\/div><\/div><\/div><div class=\"vc-row-container row-stretch parent--contact-icons\"><div data-vc-full-width=\"true\"  data-vc-full-width-init=\"false\" class=\"vc_row wpb_row vc_row-fluid contact-icons vc_custom_1516711444847 vc_row-has-fill\"><div class=\"wpb_column vc_column_container vc_col-sm-4\"><div class=\"vc_column-inner\"><div class=\"wpb_wrapper\"><div class=\"vc_row wpb_row vc_inner vc_row-fluid\"><div class=\"wpb_column vc_column_container vc_col-sm-3 vc_col-lg-3 vc_col-md-4 vc_col-xs-3\"><div class=\"vc_column-inner\"><div class=\"wpb_wrapper\"><div class=\"vc_icon_element vc_icon_element-outer vc_do_icon vc_icon_element-align-right\"><div class=\"vc_icon_element-inner vc_icon_element-color-grey vc_icon_element-size-lg vc_icon_element-style- vc_icon_element-background-color-grey\" ><span class=\"vc_icon_element-icon vc-material vc-material-room\" ><\/span><\/div><\/div><\/div><\/div><\/div><div class=\"wpb_column vc_column_container vc_col-sm-9 vc_col-lg-9 vc_col-md-8 vc_col-xs-9\"><div class=\"vc_column-inner\"><div class=\"wpb_wrapper\"><h4 style=\"font-size: 19px;color: #3a3a3a;line-height: 1.2;text-align: left\" class=\"vc_custom_heading vc_do_custom_heading\" >1 \u2014 Besuchen Sie uns<\/h4>\n\t<div class=\"wpb_text_column wpb_content_element\" >\n\t\t<div class=\"wpb_wrapper\">\n\t\t\t<p>In unserem Luxury Cars Centre zeigen wir ausgesuchte Modelle, die wir Ihnen nach Terminvereinbarung pers\u00f6nlich vorstellen.<\/p>\n\n\t\t<\/div>\n\t<\/div>\n<\/div><\/div><\/div><\/div><\/div><\/div><\/div><div class=\"wpb_column vc_column_container vc_col-sm-4\"><div class=\"vc_column-inner\"><div class=\"wpb_wrapper\"><div class=\"vc_row wpb_row vc_inner vc_row-fluid contact-features\"><div class=\"wpb_column vc_column_container vc_col-sm-3 vc_col-lg-3 vc_col-md-4 vc_col-xs-3\"><div class=\"vc_column-inner\"><div class=\"wpb_wrapper\"><div class=\"vc_icon_element vc_icon_element-outer vc_do_icon vc_icon_element-align-right\"><div class=\"vc_icon_element-inner vc_icon_element-color-grey vc_icon_element-size-lg vc_icon_element-style- vc_icon_element-background-color-grey\" ><span class=\"vc_icon_element-icon vc-material vc-material-directions_car\" ><\/span><\/div><\/div><\/div><\/div><\/div><div class=\"wpb_column vc_column_container vc_col-sm-9 vc_col-lg-9 vc_col-md-8 vc_col-xs-9\"><div class=\"vc_column-inner\"><div class=\"wpb_wrapper\"><h4 style=\"font-size: 19px;color: #3a3a3a;line-height: 1.2;text-align: left\" class=\"vc_custom_heading vc_do_custom_heading\" >2 \u2014 Finden Sie Ihr Modell<\/h4>\n\t<div class=\"wpb_text_column wpb_content_element\" >\n\t\t<div class=\"wpb_wrapper\">\n\t\t\t<p>Auch Kunden aus dem Ausland k\u00f6nnen wir ganzheitliche Logistik-L\u00f6sungen anbieten f\u00fcr den Transport.<\/p>\n\n\t\t<\/div>\n\t<\/div>\n<\/div><\/div><\/div><\/div><\/div><\/div><\/div><div class=\"wpb_column vc_column_container vc_col-sm-4\"><div class=\"vc_column-inner\"><div class=\"wpb_wrapper\"><div class=\"vc_row wpb_row vc_inner vc_row-fluid contact-features\"><div class=\"wpb_column vc_column_container vc_col-sm-3 vc_col-lg-3 vc_col-md-4 vc_col-xs-3\"><div class=\"vc_column-inner\"><div class=\"wpb_wrapper\"><div class=\"vc_icon_element vc_icon_element-outer vc_do_icon vc_icon_element-align-right\"><div class=\"vc_icon_element-inner vc_icon_element-color-grey vc_icon_element-size-lg vc_icon_element-style- vc_icon_element-background-color-grey\" ><span class=\"vc_icon_element-icon vc-material vc-material-done_all\" ><\/span><\/div><\/div><\/div><\/div><\/div><div class=\"wpb_column vc_column_container vc_col-sm-9 vc_col-lg-9 vc_col-md-8 vc_col-xs-9\"><div class=\"vc_column-inner\"><div class=\"wpb_wrapper\"><h4 style=\"font-size: 19px;color: #3a3a3a;line-height: 1.2;text-align: left\" class=\"vc_custom_heading vc_do_custom_heading\" >3 \u2014 F\u00fcr An- und Verkauf<\/h4>\n\t<div class=\"wpb_text_column wpb_content_element\" >\n\t\t<div class=\"wpb_wrapper\">\n\t\t\t<p>Sie m\u00f6chten einen Wagen kaufen oder verkaufen? Sprechen Sie uns an, wir arbeiten mit ausgesuchten Partnern in aller Welt.<\/p>\n\n\t\t<\/div>\n\t<\/div>\n<\/div><\/div><\/div><\/div><\/div><\/div><\/div><\/div><\/div><div class=\"vc-row-container vc-row-container--stretch-content-no-spaces\"><div data-vc-full-width=\"true\"  data-vc-full-width-init=\"false\" data-vc-stretch-content=\"true\" class=\"vc_row wpb_row vc_row-fluid vc_custom_1662412814783 vc_row-no-padding\"><div class=\"wpb_column vc_column_container vc_col-sm-12\"><div class=\"vc_column-inner vc_custom_1515074111671\"><div class=\"wpb_wrapper\"><style> #map-777ck { height: 400px; } <\/style><div class=\"lab-google-map cd-google-map vc_custom_1680122701433\">\n\t<div id=\"map-777ck\"><\/div>\n\t<div class=\"cd-zoom cd-zoom-in hidden\"><\/div>\n\t<div class=\"cd-zoom cd-zoom-out hidden\"><\/div>\n<\/div>\n\n<script type=\"text\/javascript\">\n\tvar labVcMaps = labVcMaps || [];\n\tlabVcMaps.push( {\n\t\tid: 'map-777ck',\n\n\t\tlocations: [{\"marker_image\":\"https:\\\/\\\/amian-collectioncars.com\\\/wp-content\\\/uploads\\\/2023\\\/03\\\/map-marker-acc.png\",\"retina_marker\":\"\",\"latitude\":\"50.868450\",\"longitude\":\"6.668040\",\"marker_title\":\"Amian Collection Cars\",\"marker_description\":\"<p>Langenicher Ring 7-9<br \\\/>\\n50171 Kerpen<br \\\/>\\nDeutschland<\\\/p>\\n\",\"marker_image_size\":[64,64]}],\n\n\t\tzoom: 16,\n\t\tscrollwheel: false,\n\t\tdropPins: true,\n\t\tpanBy: [0,0],\n\t\ttilt: 0,\n\t\theading: 0,\n\n\t\tmapType: 'roadmap',\n\n\t\tpanControl: true,\n\t\tzoomControl: true,\n\t\tmapTypeControl: false,\n\t\tscaleControl: true,\n\t\tstreetViewControl: false,\n\t\toverviewMapContro: false,\n\t\tplusMinusZoom: false,\n\t\tfullscreenControl: false,\n\n\n\t\tstyles: [\n    {\n        \"featureType\": \"all\",\n        \"elementType\": \"geometry.fill\",\n        \"stylers\": [\n            {\n                \"color\": \"#eeeeee\"\n            }\n        ]\n    },\n    {\n        \"featureType\": \"all\",\n        \"elementType\": \"geometry.stroke\",\n        \"stylers\": [\n            {\n                \"color\": \"#ffffff\"\n            }\n        ]\n    },\n    {\n        \"featureType\": \"all\",\n        \"elementType\": \"labels.text.fill\",\n        \"stylers\": [\n            {\n                \"color\": \"#222222\"\n            }\n        ]\n    },\n    {\n        \"featureType\": \"all\",\n        \"elementType\": \"labels.text.stroke\",\n        \"stylers\": [\n            {\n                \"visibility\": \"off\"\n            }\n        ]\n    },\n    {\n        \"featureType\": \"all\",\n        \"elementType\": \"labels.icon\",\n        \"stylers\": [\n            {\n                \"visibility\": \"off\"\n            }\n        ]\n    },\n    {\n        \"featureType\": \"administrative\",\n        \"elementType\": \"geometry.fill\",\n        \"stylers\": [\n            {\n                \"color\": \"#eeeeee\"\n            }\n        ]\n    },\n    {\n        \"featureType\": \"administrative\",\n        \"elementType\": \"geometry.stroke\",\n        \"stylers\": [\n            {\n                \"color\": \"#eeeeee\"\n            },\n            {\n                \"weight\": 1.2\n            }\n        ]\n    },\n    {\n        \"featureType\": \"administrative.locality\",\n        \"elementType\": \"geometry.fill\",\n        \"stylers\": [\n            {\n                \"lightness\": \"-1\"\n            }\n        ]\n    },\n    {\n        \"featureType\": \"administrative.neighborhood\",\n        \"elementType\": \"labels.text.fill\",\n        \"stylers\": [\n            {\n                \"lightness\": \"0\"\n            },\n            {\n                \"saturation\": \"0\"\n            }\n        ]\n    },\n    {\n        \"featureType\": \"administrative.neighborhood\",\n        \"elementType\": \"labels.text.stroke\",\n        \"stylers\": [\n            {\n                \"weight\": \"0.01\"\n            }\n        ]\n    },\n    {\n        \"featureType\": \"administrative.land_parcel\",\n        \"elementType\": \"labels.text.stroke\",\n        \"stylers\": [\n            {\n                \"weight\": \"0.01\"\n            }\n        ]\n    },\n    {\n        \"featureType\": \"landscape\",\n        \"elementType\": \"geometry\",\n        \"stylers\": [\n            {\n                \"color\": \"#eeeeee\"\n            }\n        ]\n    },\n    {\n        \"featureType\": \"poi\",\n        \"elementType\": \"geometry\",\n        \"stylers\": [\n            {\n                \"color\": \"#eeeeee\"\n            }\n        ]\n    },\n    {\n        \"featureType\": \"road\",\n        \"elementType\": \"geometry.stroke\",\n        \"stylers\": [\n            {\n                \"visibility\": \"off\"\n            }\n        ]\n    },\n    {\n        \"featureType\": \"road.highway\",\n        \"elementType\": \"geometry.fill\",\n        \"stylers\": [\n            {\n                \"color\": \"#ffffff\"\n            }\n        ]\n    },\n    {\n        \"featureType\": \"road.highway.controlled_access\",\n        \"elementType\": \"geometry.stroke\",\n        \"stylers\": [\n            {\n                \"color\": \"#ffffff\"\n            }\n        ]\n    },\n    {\n        \"featureType\": \"road.arterial\",\n        \"elementType\": \"geometry\",\n        \"stylers\": [\n            {\n                \"color\": \"#ffffff\"\n            }\n        ]\n    },\n    {\n        \"featureType\": \"road.local\",\n        \"elementType\": \"geometry\",\n        \"stylers\": [\n            {\n                \"color\": \"#ffffff\"\n            }\n        ]\n    },\n    {\n        \"featureType\": \"transit\",\n        \"elementType\": \"geometry\",\n        \"stylers\": [\n            {\n                \"color\": \"#eeeeee\"\n            }\n        ]\n    },\n    {\n        \"featureType\": \"water\",\n        \"elementType\": \"geometry\",\n        \"stylers\": [\n            {\n                \"color\": \"#090228\"\n            }\n        ]\n    }\n]\t} );\n<\/script>\n<\/div><\/div><\/div><\/div><\/div><div class=\"vc-row-container container parent--contact-row\"><div class=\"vc_row wpb_row vc_row-fluid contact-row vc_custom_1516712191139 vc_row-has-fill\"><div class=\"wpb_column vc_column_container vc_col-sm-8\"><div class=\"vc_column-inner\"><div class=\"wpb_wrapper\"><div class=\"lab-heading section-title\">\n\t<h2 >Schreiben Sie uns<\/h2><p>Vereinbaren Sie ein Viewing im Showroom oder melden Sie sich f\u00fcr den Newsletter an.<\/p>\n<\/div>\n<script type=\"text\/javascript\">\n\/* <![CDATA[ *\/\nkalium( 'set', 'contactForm_h3hyy', {\"uniqid\":\"contactForm_h3hyy\",\"name_title\":\"Name\",\"email_title\":\"E-Mail\",\"subject_title\":\"Mein Anliegen\",\"message_title\":\"Nachricht\",\"has_subject\":true,\"use_subject\":false,\"receiver\":\"&#105;nfo&#64;ami&#97;n-&#99;ollec&#116;io&#110;&#99;a&#114;s&#46;&#99;om\",\"hash\":\"f09bdb5fdbacb7eec59d118b6cd44aa5\"} );\n\/* ]]> *\/\n<\/script>\n<div class=\"lab-contact-form contact-form\">\n\n\t<form action=\"\" method=\"post\" class=\"contact-form\" id=\"contactForm_h3hyy\" data-alerts=\"0\" data-alerts-msg=\"Please fill &quot;%&quot; field.\" data-privacy-error-msg=\"You must check privacy policy checkbox in order to submit the form.\" novalidate>\n\n\t\t<div class=\"row\">\n\n\t\t\t<div class=\"col-sm-6\">\n\t\t\t\t<div class=\"form-group\">\n\t\t\t\t\t\t\t\t\t\t<label for=\"contactForm_h3hyy_name\">Name<\/label>\n\t\t\t\t\t\t\t\t\t\t<input name=\"name\" id=\"contactForm_h3hyy_name\" type=\"text\" placeholder=\"\" data-label=\"Name\">\n\t\t\t\t<\/div>\n\t\t\t<\/div>\n\n\t\t\t<div class=\"col-sm-6\">\n\t\t\t\t<div class=\"form-group\">\n\t\t\t\t\t\t\t\t\t\t<label for=\"contactForm_h3hyy_email\">E-Mail<\/label>\n\t\t\t\t\t\t\t\t\t\t<input name=\"email\" id=\"contactForm_h3hyy_email\" type=\"email\" placeholder=\"\" data-label=\"E-Mail\">\n\t\t\t\t<\/div>\n\t\t\t<\/div>\n\n\t\t\t\t\t\t\t<div class=\"col-sm-12\">\n\t\t\t\t\t<div class=\"form-group\">\n\t\t\t\t\t\t\t\t\t\t\t\t<label for=\"contactForm_h3hyy_subject\">Mein Anliegen<\/label>\n\t\t\t\t\t\t\t\t\t\t\t\t<input name=\"subject\" id=\"contactForm_h3hyy_subject\"type=\"text\" placeholder=\"\" data-label=\"Mein Anliegen\">\n\t\t\t\t\t<\/div>\n\t\t\t\t<\/div>\n\t\t\t\n\t\t\t<div class=\"col-sm-12\">\n\t\t\t\t<div class=\"form-group\">\n\t\t\t\t\t\t\t\t\t\t<label for=\"contactForm_h3hyy_message\">Nachricht<\/label>\n\t\t\t\t\t\t\t\t\t\t<textarea name=\"message\" id=\"contactForm_h3hyy_message\" placeholder=\"\" data-label=\"Nachricht\"><\/textarea>\n\t\t\t\t<\/div>\n\t\t\t<\/div>\n\n\t\t<\/div><!-- row -->\n\n\t\t\n\t\t\t\t\t<div class=\"form-group contact-form-privacy-policy\">\n\n\t\t\t\t<label>\n\t\t\t\t\t<input type=\"checkbox\" name=\"privacy_policy_check\" \/>\n\t\t\t\t\t<span>Ich habe die <a href=\"\/privacy policy\" target=\"_blank\">Datenschutzrichtlinien<\/a>* gelesen und akzeptiert<\/span>\n\t\t\t\t<\/label>\n\n\t\t\t<\/div>\n\t\t\n\t\t<button type=\"submit\" name=\"send\" class=\"button\">\n\t\t\t<span class=\"pre-submit\">Jetzt senden<\/span>\n\t\t\t<span class=\"success-msg\">Vielen Dank #, Ihre Nachricht wurde verschickt! <i class=\"kalium-icon-check\" style=\"font-weight: bold\"><\/i><\/span>\n\t\t\t<span class=\"loading-bar\">\n\t\t\t\t<span><\/span>\n\t\t\t<\/span>\n\t\t<\/button>\n\n\t<\/form>\n\n<\/div>\n<div class=\"vc_empty_space\"   style=\"height: 55px\"><span class=\"vc_empty_space_inner\"><\/span><\/div><\/div><\/div><\/div><div class=\"wpb_column vc_column_container vc_col-sm-1 vc_hidden-xs\"><div class=\"vc_column-inner\"><div class=\"wpb_wrapper\"><\/div><\/div><\/div><div class=\"wpb_column vc_column_container vc_col-sm-3\"><div class=\"vc_column-inner\"><div class=\"wpb_wrapper\"><div class=\"lab-heading section-title\">\n\t<h2 >Amian Collection Cars<\/h2><\/div>\n\n\t<div class=\"wpb_text_column wpb_content_element\" >\n\t\t<div class=\"wpb_wrapper\">\n\t\t\t<p><span style=\"color: #000000;\"><strong>Addresse<\/strong><\/span><\/p>\n<p><strong>Office &amp; Showroom<\/strong><\/p>\n<div class=\"default-style\">ACS GmbH<\/div>\n<div class=\"default-style\">Langenicher Ring 7-9<\/div>\n<div class=\"default-style\">50171 Kerpen<\/div>\n<div>Deutschland<\/div>\n\n\t\t<\/div>\n\t<\/div>\n<div class=\"vc_separator wpb_content_element vc_separator_align_center vc_sep_width_100 vc_sep_pos_align_center vc_separator_no_text wpb_content_element  wpb_content_element\" ><span class=\"vc_sep_holder vc_sep_holder_l\"><span style=\"border-color:#eeeeee;\" class=\"vc_sep_line\"><\/span><\/span><span class=\"vc_sep_holder vc_sep_holder_r\"><span style=\"border-color:#eeeeee;\" class=\"vc_sep_line\"><\/span><\/span>\n<\/div>\n\t<div class=\"wpb_text_column wpb_content_element\" >\n\t\t<div class=\"wpb_wrapper\">\n\t\t\t<p><span style=\"color: #000000;\"><strong>Telefon<\/strong><\/span><\/p>\n<p>Office | Showroom<br \/>\n+49 (0)2275 3809023<\/p>\n<p><span style=\"color: #000000;\"><strong>Mobil<\/strong><\/span><br \/>\n+49 (0)151 57160200<\/p>\n\n\t\t<\/div>\n\t<\/div>\n<div class=\"vc_separator wpb_content_element vc_separator_align_center vc_sep_width_100 vc_sep_pos_align_center vc_separator_no_text wpb_content_element  wpb_content_element\" ><span class=\"vc_sep_holder vc_sep_holder_l\"><span style=\"border-color:#eeeeee;\" class=\"vc_sep_line\"><\/span><\/span><span class=\"vc_sep_holder vc_sep_holder_r\"><span style=\"border-color:#eeeeee;\" class=\"vc_sep_line\"><\/span><\/span>\n<\/div>\n\t<div class=\"wpb_text_column wpb_content_element\" >\n\t\t<div class=\"wpb_wrapper\">\n\t\t\t<p><span style=\"color: #000000;\"><strong>E-Mail<br \/>\n<\/strong><\/span><a href=\"mailto:info@amian-collectioncars.com\">info@amian-collectioncars.com<\/a><\/p>\n\n\t\t<\/div>\n\t<\/div>\n<\/div><\/div><\/div><\/div><\/div><div class=\"vc-row-container container\"><div class=\"vc_row wpb_row vc_row-fluid\"><div class=\"wpb_column vc_column_container vc_col-sm-12\"><div class=\"vc_column-inner\"><div class=\"wpb_wrapper\"><\/div><\/div><\/div><\/div><\/div>\n<\/div>","protected":false},"excerpt":{"rendered":"Kontakt1 \u2014 Besuchen Sie uns In unserem Luxury Cars Centre zeigen wir ausgesuchte Modelle, die wir Ihnen nach Terminvereinbarung pers\u00f6nlich vorstellen. 2 \u2014 Finden Sie Ihr Modell Auch Kunden aus dem Ausland k\u00f6nnen wir ganzheitliche Logistik-L\u00f6sungen anbieten f\u00fcr den Transport. 3 \u2014 F\u00fcr An- und Verkauf Sie m\u00f6chten einen Wagen kaufen oder verkaufen? Sprechen Sie&hellip;","protected":false},"author":1,"featured_media":8410,"parent":0,"menu_order":0,"comment_status":"closed","ping_status":"closed","template":"","meta":{"_acf_changed":false,"inline_featured_image":false,"footnotes":""},"class_list":["post-726","page","type-page","status-publish","has-post-thumbnail","hentry"],"acf":[],"yoast_head":"<!-- This site is optimized with the Yoast SEO plugin v27.4 - https:\/\/yoast.com\/product\/yoast-seo-wordpress\/ -->\n<title>Kontakt - Amian Collection Cars<\/title>\n<meta name=\"description\" content=\"Amian Collection Cars ist ein international agierender Supercar-H\u00e4ndler mit Sitz in Kerpen nahe K\u00f6ln in Deutschland.\" \/>\n<meta name=\"robots\" content=\"index, follow, max-snippet:-1, max-image-preview:large, max-video-preview:-1\" \/>\n<link rel=\"canonical\" href=\"https:\/\/amian-collectioncars.com\/en\/kontakt-de\/\" \/>\n<meta property=\"og:locale\" content=\"en_GB\" \/>\n<meta property=\"og:type\" content=\"article\" \/>\n<meta property=\"og:title\" content=\"Kontakt - Amian Collection Cars\" \/>\n<meta property=\"og:description\" content=\"Amian Collection Cars ist ein international agierender Supercar-H\u00e4ndler mit Sitz in Kerpen nahe K\u00f6ln in Deutschland.\" \/>\n<meta property=\"og:url\" content=\"https:\/\/amian-collectioncars.com\/en\/kontakt-de\/\" \/>\n<meta property=\"og:site_name\" content=\"Amian Collection Cars\" \/>\n<meta property=\"article:modified_time\" content=\"2025-12-14T18:10:24+00:00\" \/>\n<meta property=\"og:image\" content=\"https:\/\/amian-collectioncars.com\/wp-content\/uploads\/2024\/11\/DSC02022-2.jpg\" \/>\n\t<meta property=\"og:image:width\" content=\"1920\" \/>\n\t<meta property=\"og:image:height\" content=\"1282\" \/>\n\t<meta property=\"og:image:type\" content=\"image\/jpeg\" \/>\n<meta name=\"twitter:card\" content=\"summary_large_image\" \/>\n<meta name=\"twitter:label1\" content=\"Estimated reading time\" \/>\n\t<meta name=\"twitter:data1\" content=\"2 minutes\" \/>\n<script type=\"application\/ld+json\" class=\"yoast-schema-graph\">{\"@context\":\"https:\\\/\\\/schema.org\",\"@graph\":[{\"@type\":\"WebPage\",\"@id\":\"https:\\\/\\\/amian-collectioncars.com\\\/kontakt-de\\\/\",\"url\":\"https:\\\/\\\/amian-collectioncars.com\\\/kontakt-de\\\/\",\"name\":\"Kontakt - Amian Collection Cars\",\"isPartOf\":{\"@id\":\"https:\\\/\\\/amian-collectioncars.com\\\/en\\\/#website\"},\"primaryImageOfPage\":{\"@id\":\"https:\\\/\\\/amian-collectioncars.com\\\/kontakt-de\\\/#primaryimage\"},\"image\":{\"@id\":\"https:\\\/\\\/amian-collectioncars.com\\\/kontakt-de\\\/#primaryimage\"},\"thumbnailUrl\":\"https:\\\/\\\/amian-collectioncars.com\\\/wp-content\\\/uploads\\\/2024\\\/11\\\/DSC02022-2.jpg\",\"datePublished\":\"2017-11-08T13:21:03+00:00\",\"dateModified\":\"2025-12-14T18:10:24+00:00\",\"description\":\"Amian Collection Cars ist ein international agierender Supercar-H\u00e4ndler mit Sitz in Kerpen nahe K\u00f6ln in Deutschland.\",\"breadcrumb\":{\"@id\":\"https:\\\/\\\/amian-collectioncars.com\\\/kontakt-de\\\/#breadcrumb\"},\"inLanguage\":\"en-GB\",\"potentialAction\":[{\"@type\":\"ReadAction\",\"target\":[\"https:\\\/\\\/amian-collectioncars.com\\\/kontakt-de\\\/\"]}]},{\"@type\":\"ImageObject\",\"inLanguage\":\"en-GB\",\"@id\":\"https:\\\/\\\/amian-collectioncars.com\\\/kontakt-de\\\/#primaryimage\",\"url\":\"https:\\\/\\\/amian-collectioncars.com\\\/wp-content\\\/uploads\\\/2024\\\/11\\\/DSC02022-2.jpg\",\"contentUrl\":\"https:\\\/\\\/amian-collectioncars.com\\\/wp-content\\\/uploads\\\/2024\\\/11\\\/DSC02022-2.jpg\",\"width\":1920,\"height\":1282,\"caption\":\"Amian Collection Cars Showroom K\u00f6ln, Germany\"},{\"@type\":\"BreadcrumbList\",\"@id\":\"https:\\\/\\\/amian-collectioncars.com\\\/kontakt-de\\\/#breadcrumb\",\"itemListElement\":[{\"@type\":\"ListItem\",\"position\":1,\"name\":\"Startseite\",\"item\":\"https:\\\/\\\/amian-collectioncars.com\\\/\"},{\"@type\":\"ListItem\",\"position\":2,\"name\":\"Kontakt\"}]},{\"@type\":\"WebSite\",\"@id\":\"https:\\\/\\\/amian-collectioncars.com\\\/en\\\/#website\",\"url\":\"https:\\\/\\\/amian-collectioncars.com\\\/en\\\/\",\"name\":\"Amian Collection Cars\",\"description\":\"Amian Exclusive Cars aus K\u00f6ln\",\"potentialAction\":[{\"@type\":\"SearchAction\",\"target\":{\"@type\":\"EntryPoint\",\"urlTemplate\":\"https:\\\/\\\/amian-collectioncars.com\\\/en\\\/?s={search_term_string}\"},\"query-input\":{\"@type\":\"PropertyValueSpecification\",\"valueRequired\":true,\"valueName\":\"search_term_string\"}}],\"inLanguage\":\"en-GB\"}]}<\/script>\n<!-- \/ Yoast SEO plugin. -->","yoast_head_json":{"title":"Kontakt - Amian Collection Cars","description":"Amian Collection Cars ist ein international agierender Supercar-H\u00e4ndler mit Sitz in Kerpen nahe K\u00f6ln in Deutschland.","robots":{"index":"index","follow":"follow","max-snippet":"max-snippet:-1","max-image-preview":"max-image-preview:large","max-video-preview":"max-video-preview:-1"},"canonical":"https:\/\/amian-collectioncars.com\/en\/kontakt-de\/","og_locale":"en_GB","og_type":"article","og_title":"Kontakt - Amian Collection Cars","og_description":"Amian Collection Cars ist ein international agierender Supercar-H\u00e4ndler mit Sitz in Kerpen nahe K\u00f6ln in Deutschland.","og_url":"https:\/\/amian-collectioncars.com\/en\/kontakt-de\/","og_site_name":"Amian Collection Cars","article_modified_time":"2025-12-14T18:10:24+00:00","og_image":[{"width":1920,"height":1282,"url":"https:\/\/amian-collectioncars.com\/wp-content\/uploads\/2024\/11\/DSC02022-2.jpg","type":"image\/jpeg"}],"twitter_card":"summary_large_image","twitter_misc":{"Estimated reading time":"2 minutes"},"schema":{"@context":"https:\/\/schema.org","@graph":[{"@type":"WebPage","@id":"https:\/\/amian-collectioncars.com\/kontakt-de\/","url":"https:\/\/amian-collectioncars.com\/kontakt-de\/","name":"Kontakt - Amian Collection Cars","isPartOf":{"@id":"https:\/\/amian-collectioncars.com\/en\/#website"},"primaryImageOfPage":{"@id":"https:\/\/amian-collectioncars.com\/kontakt-de\/#primaryimage"},"image":{"@id":"https:\/\/amian-collectioncars.com\/kontakt-de\/#primaryimage"},"thumbnailUrl":"https:\/\/amian-collectioncars.com\/wp-content\/uploads\/2024\/11\/DSC02022-2.jpg","datePublished":"2017-11-08T13:21:03+00:00","dateModified":"2025-12-14T18:10:24+00:00","description":"Amian Collection Cars ist ein international agierender Supercar-H\u00e4ndler mit Sitz in Kerpen nahe K\u00f6ln in Deutschland.","breadcrumb":{"@id":"https:\/\/amian-collectioncars.com\/kontakt-de\/#breadcrumb"},"inLanguage":"en-GB","potentialAction":[{"@type":"ReadAction","target":["https:\/\/amian-collectioncars.com\/kontakt-de\/"]}]},{"@type":"ImageObject","inLanguage":"en-GB","@id":"https:\/\/amian-collectioncars.com\/kontakt-de\/#primaryimage","url":"https:\/\/amian-collectioncars.com\/wp-content\/uploads\/2024\/11\/DSC02022-2.jpg","contentUrl":"https:\/\/amian-collectioncars.com\/wp-content\/uploads\/2024\/11\/DSC02022-2.jpg","width":1920,"height":1282,"caption":"Amian Collection Cars Showroom K\u00f6ln, Germany"},{"@type":"BreadcrumbList","@id":"https:\/\/amian-collectioncars.com\/kontakt-de\/#breadcrumb","itemListElement":[{"@type":"ListItem","position":1,"name":"Startseite","item":"https:\/\/amian-collectioncars.com\/"},{"@type":"ListItem","position":2,"name":"Kontakt"}]},{"@type":"WebSite","@id":"https:\/\/amian-collectioncars.com\/en\/#website","url":"https:\/\/amian-collectioncars.com\/en\/","name":"Amian Collection Cars","description":"Amian Exclusive Cars aus K\u00f6ln","potentialAction":[{"@type":"SearchAction","target":{"@type":"EntryPoint","urlTemplate":"https:\/\/amian-collectioncars.com\/en\/?s={search_term_string}"},"query-input":{"@type":"PropertyValueSpecification","valueRequired":true,"valueName":"search_term_string"}}],"inLanguage":"en-GB"}]}},"jetpack_sharing_enabled":true,"_links":{"self":[{"href":"https:\/\/amian-collectioncars.com\/en\/wp-json\/wp\/v2\/pages\/726","targetHints":{"allow":["GET"]}}],"collection":[{"href":"https:\/\/amian-collectioncars.com\/en\/wp-json\/wp\/v2\/pages"}],"about":[{"href":"https:\/\/amian-collectioncars.com\/en\/wp-json\/wp\/v2\/types\/page"}],"author":[{"embeddable":true,"href":"https:\/\/amian-collectioncars.com\/en\/wp-json\/wp\/v2\/users\/1"}],"replies":[{"embeddable":true,"href":"https:\/\/amian-collectioncars.com\/en\/wp-json\/wp\/v2\/comments?post=726"}],"version-history":[{"count":80,"href":"https:\/\/amian-collectioncars.com\/en\/wp-json\/wp\/v2\/pages\/726\/revisions"}],"predecessor-version":[{"id":9310,"href":"https:\/\/amian-collectioncars.com\/en\/wp-json\/wp\/v2\/pages\/726\/revisions\/9310"}],"wp:featuredmedia":[{"embeddable":true,"href":"https:\/\/amian-collectioncars.com\/en\/wp-json\/wp\/v2\/media\/8410"}],"wp:attachment":[{"href":"https:\/\/amian-collectioncars.com\/en\/wp-json\/wp\/v2\/media?parent=726"}],"curies":[{"name":"wp","href":"https:\/\/api.w.org\/{rel}","templated":true}]}}