{"id":7029,"date":"2023-06-22T14:06:57","date_gmt":"2023-06-22T14:06:57","guid":{"rendered":"https:\/\/amian-collectioncars.com\/?page_id=7029"},"modified":"2025-12-08T11:19:34","modified_gmt":"2025-12-08T10:19:34","slug":"unser-showroom","status":"publish","type":"page","link":"https:\/\/amian-collectioncars.com\/en\/unser-showroom\/","title":{"rendered":"Showroom"},"content":{"rendered":"<div class=\"wpb-content-wrapper\"><div class=\"vc-row-container row-stretch parent--page-title-banner parent--page-title-banner--50\"><div data-vc-full-width=\"true\"  data-vc-full-width-init=\"false\" class=\"vc_row wpb_row vc_row-fluid page-title-banner page-title-banner--50 vc_custom_1765148582103 vc_row-has-fill vc_row-o-content-bottom vc_row-flex\"><div class=\"wpb_column vc_column_container vc_col-sm-12\"><div class=\"vc_column-inner\"><div class=\"wpb_wrapper\"><h2 style=\"color: #ffffff;text-align: left\" class=\"vc_custom_heading vc_do_custom_heading h2--center-bottom wpb_animate_when_almost_visible wpb_fadeInUp fadeInUp\" >Our showroom<\/h2><\/div><\/div><\/div><\/div><\/div><div class=\"vc-row-container container\"><div class=\"vc_row wpb_row vc_row-fluid vc_custom_1765148148682 vc_row-has-fill\"><div class=\"wpb_column vc_column_container vc_col-sm-12\"><div class=\"vc_column-inner\"><div class=\"wpb_wrapper\">\n\t<div class=\"wpb_text_column wpb_content_element intro-text\" >\n\t\t<div class=\"wpb_wrapper\">\n\t\t\t<p>Our showroom presents four exclusively selected vehicles, which we replace at regular intervals to ensure that we always offer you something special.<\/p>\n<p><small>Visits are only possible by prior appointment.<\/small><\/p>\n\n\t\t<\/div>\n\t<\/div>\n<\/div><\/div><\/div><\/div><\/div><div class=\"vc-row-container container\"><div class=\"vc_row wpb_row vc_row-fluid wpb_animate_when_almost_visible wpb_fadeIn fadeIn vc_custom_1763471790735 vc_row-has-fill vc_row-o-content-middle vc_row-flex\"><div class=\"wpb_column vc_column_container vc_col-sm-12\"><div class=\"vc_column-inner\"><div class=\"wpb_wrapper\">\n<div class=\"vc_grid-container-wrapper vc_clearfix vc_grid-animation-fadeIn\">\n\t<div class=\"vc_grid-container vc_clearfix wpb_content_element vc_media_grid\" data-initial-loading-animation=\"fadeIn\" data-vc-grid-settings=\"{&quot;page_id&quot;:7029,&quot;style&quot;:&quot;all&quot;,&quot;action&quot;:&quot;vc_get_vc_grid_data&quot;,&quot;shortcode_id&quot;:&quot;1765188948161-cbf1b220-3b9f-1&quot;,&quot;tag&quot;:&quot;vc_media_grid&quot;}\" data-vc-request=\"https:\/\/amian-collectioncars.com\/wp-admin\/admin-ajax.php\" data-vc-post-id=\"7029\" data-vc-public-nonce=\"36bb90ba43\">\n\t\t\n\t<\/div>\n<\/div><\/div><\/div><\/div><\/div><\/div><div class=\"vc-row-container container\"><div class=\"vc_row wpb_row vc_row-fluid vc_custom_1664128096155 vc_row-has-fill vc_row-o-content-middle vc_row-flex\"><div class=\"content-column--large wpb_column vc_column_container vc_col-sm-12\"><div class=\"vc_column-inner vc_custom_1664125491239\"><div class=\"wpb_wrapper\"><div class=\"vc_empty_space\"   style=\"height: 40px\"><span class=\"vc_empty_space_inner\"><\/span><\/div><\/div><\/div><\/div><\/div><\/div><div class=\"vc-row-container container\"><div class=\"vc_row wpb_row vc_row-fluid\"><div class=\"wpb_column vc_column_container vc_col-sm-12\"><div class=\"vc_column-inner\"><div class=\"wpb_wrapper\"><div class=\"vc_empty_space\"   style=\"height: 32px\"><span class=\"vc_empty_space_inner\"><\/span><\/div><\/div><\/div><\/div><\/div><\/div>\n<\/div>","protected":false},"excerpt":{"rendered":"Unser Showroom Unser Showroom pr\u00e4sentiert vier exklusiv ausgew\u00e4hlte Fahrzeuge, die wir in regelm\u00e4\u00dfigen Intervallen f\u00fcr Sie austauschen, um stets au\u00dfergew\u00f6hnliche Highlights zu bieten. Besichtigungen sind ausschlie\u00dflich nach vorheriger Terminvereinbarung m\u00f6glich.","protected":false},"author":2,"featured_media":8410,"parent":0,"menu_order":0,"comment_status":"closed","ping_status":"closed","template":"","meta":{"_acf_changed":false,"inline_featured_image":false,"footnotes":""},"class_list":["post-7029","page","type-page","status-publish","has-post-thumbnail","hentry"],"acf":[],"yoast_head":"<!-- This site is optimized with the Yoast SEO plugin v27.4 - https:\/\/yoast.com\/product\/yoast-seo-wordpress\/ -->\n<title>Showroom - Amian Collection Cars<\/title>\n<meta name=\"description\" content=\"Ausgesuchte Modelle von Bugatti und Pagani k\u00f6nnen nach Terminabsprache bei Amian Collection Cars nahe K\u00f6ln besichtigt werden.\" \/>\n<meta name=\"robots\" content=\"index, follow, max-snippet:-1, max-image-preview:large, max-video-preview:-1\" \/>\n<link rel=\"canonical\" href=\"https:\/\/amian-collectioncars.com\/en\/unser-showroom\/\" \/>\n<meta property=\"og:locale\" content=\"en_GB\" \/>\n<meta property=\"og:type\" content=\"article\" \/>\n<meta property=\"og:title\" content=\"Showroom - Amian Collection Cars\" \/>\n<meta property=\"og:description\" content=\"Ausgesuchte Modelle von Bugatti und Pagani k\u00f6nnen nach Terminabsprache bei Amian Collection Cars nahe K\u00f6ln besichtigt werden.\" \/>\n<meta property=\"og:url\" content=\"https:\/\/amian-collectioncars.com\/en\/unser-showroom\/\" \/>\n<meta property=\"og:site_name\" content=\"Amian Collection Cars\" \/>\n<meta property=\"article:modified_time\" content=\"2025-12-08T10:19:34+00:00\" \/>\n<meta property=\"og:image\" content=\"https:\/\/amian-collectioncars.com\/wp-content\/uploads\/2024\/11\/DSC02022-2.jpg\" \/>\n\t<meta property=\"og:image:width\" content=\"1920\" \/>\n\t<meta property=\"og:image:height\" content=\"1282\" \/>\n\t<meta property=\"og:image:type\" content=\"image\/jpeg\" \/>\n<meta name=\"twitter:card\" content=\"summary_large_image\" \/>\n<meta name=\"twitter:label1\" content=\"Estimated reading time\" \/>\n\t<meta name=\"twitter:data1\" content=\"4 minutes\" \/>\n<script type=\"application\/ld+json\" class=\"yoast-schema-graph\">{\"@context\":\"https:\\\/\\\/schema.org\",\"@graph\":[{\"@type\":\"WebPage\",\"@id\":\"https:\\\/\\\/amian-collectioncars.com\\\/unser-showroom\\\/\",\"url\":\"https:\\\/\\\/amian-collectioncars.com\\\/unser-showroom\\\/\",\"name\":\"Showroom - Amian Collection Cars\",\"isPartOf\":{\"@id\":\"https:\\\/\\\/amian-collectioncars.com\\\/en\\\/#website\"},\"primaryImageOfPage\":{\"@id\":\"https:\\\/\\\/amian-collectioncars.com\\\/unser-showroom\\\/#primaryimage\"},\"image\":{\"@id\":\"https:\\\/\\\/amian-collectioncars.com\\\/unser-showroom\\\/#primaryimage\"},\"thumbnailUrl\":\"https:\\\/\\\/amian-collectioncars.com\\\/wp-content\\\/uploads\\\/2024\\\/11\\\/DSC02022-2.jpg\",\"datePublished\":\"2023-06-22T14:06:57+00:00\",\"dateModified\":\"2025-12-08T10:19:34+00:00\",\"description\":\"Ausgesuchte Modelle von Bugatti und Pagani k\u00f6nnen nach Terminabsprache bei Amian Collection Cars nahe K\u00f6ln besichtigt werden.\",\"breadcrumb\":{\"@id\":\"https:\\\/\\\/amian-collectioncars.com\\\/unser-showroom\\\/#breadcrumb\"},\"inLanguage\":\"en-GB\",\"potentialAction\":[{\"@type\":\"ReadAction\",\"target\":[\"https:\\\/\\\/amian-collectioncars.com\\\/unser-showroom\\\/\"]}]},{\"@type\":\"ImageObject\",\"inLanguage\":\"en-GB\",\"@id\":\"https:\\\/\\\/amian-collectioncars.com\\\/unser-showroom\\\/#primaryimage\",\"url\":\"https:\\\/\\\/amian-collectioncars.com\\\/wp-content\\\/uploads\\\/2024\\\/11\\\/DSC02022-2.jpg\",\"contentUrl\":\"https:\\\/\\\/amian-collectioncars.com\\\/wp-content\\\/uploads\\\/2024\\\/11\\\/DSC02022-2.jpg\",\"width\":1920,\"height\":1282,\"caption\":\"Amian Collection Cars Showroom K\u00f6ln, Germany\"},{\"@type\":\"BreadcrumbList\",\"@id\":\"https:\\\/\\\/amian-collectioncars.com\\\/unser-showroom\\\/#breadcrumb\",\"itemListElement\":[{\"@type\":\"ListItem\",\"position\":1,\"name\":\"Startseite\",\"item\":\"https:\\\/\\\/amian-collectioncars.com\\\/\"},{\"@type\":\"ListItem\",\"position\":2,\"name\":\"Showroom\"}]},{\"@type\":\"WebSite\",\"@id\":\"https:\\\/\\\/amian-collectioncars.com\\\/en\\\/#website\",\"url\":\"https:\\\/\\\/amian-collectioncars.com\\\/en\\\/\",\"name\":\"Amian Collection Cars\",\"description\":\"Amian Exclusive Cars aus K\u00f6ln\",\"potentialAction\":[{\"@type\":\"SearchAction\",\"target\":{\"@type\":\"EntryPoint\",\"urlTemplate\":\"https:\\\/\\\/amian-collectioncars.com\\\/en\\\/?s={search_term_string}\"},\"query-input\":{\"@type\":\"PropertyValueSpecification\",\"valueRequired\":true,\"valueName\":\"search_term_string\"}}],\"inLanguage\":\"en-GB\"}]}<\/script>\n<!-- \/ Yoast SEO plugin. -->","yoast_head_json":{"title":"Showroom - Amian Collection Cars","description":"Ausgesuchte Modelle von Bugatti und Pagani k\u00f6nnen nach Terminabsprache bei Amian Collection Cars nahe K\u00f6ln besichtigt werden.","robots":{"index":"index","follow":"follow","max-snippet":"max-snippet:-1","max-image-preview":"max-image-preview:large","max-video-preview":"max-video-preview:-1"},"canonical":"https:\/\/amian-collectioncars.com\/en\/unser-showroom\/","og_locale":"en_GB","og_type":"article","og_title":"Showroom - Amian Collection Cars","og_description":"Ausgesuchte Modelle von Bugatti und Pagani k\u00f6nnen nach Terminabsprache bei Amian Collection Cars nahe K\u00f6ln besichtigt werden.","og_url":"https:\/\/amian-collectioncars.com\/en\/unser-showroom\/","og_site_name":"Amian Collection Cars","article_modified_time":"2025-12-08T10:19:34+00:00","og_image":[{"width":1920,"height":1282,"url":"https:\/\/amian-collectioncars.com\/wp-content\/uploads\/2024\/11\/DSC02022-2.jpg","type":"image\/jpeg"}],"twitter_card":"summary_large_image","twitter_misc":{"Estimated reading time":"4 minutes"},"schema":{"@context":"https:\/\/schema.org","@graph":[{"@type":"WebPage","@id":"https:\/\/amian-collectioncars.com\/unser-showroom\/","url":"https:\/\/amian-collectioncars.com\/unser-showroom\/","name":"Showroom - Amian Collection Cars","isPartOf":{"@id":"https:\/\/amian-collectioncars.com\/en\/#website"},"primaryImageOfPage":{"@id":"https:\/\/amian-collectioncars.com\/unser-showroom\/#primaryimage"},"image":{"@id":"https:\/\/amian-collectioncars.com\/unser-showroom\/#primaryimage"},"thumbnailUrl":"https:\/\/amian-collectioncars.com\/wp-content\/uploads\/2024\/11\/DSC02022-2.jpg","datePublished":"2023-06-22T14:06:57+00:00","dateModified":"2025-12-08T10:19:34+00:00","description":"Ausgesuchte Modelle von Bugatti und Pagani k\u00f6nnen nach Terminabsprache bei Amian Collection Cars nahe K\u00f6ln besichtigt werden.","breadcrumb":{"@id":"https:\/\/amian-collectioncars.com\/unser-showroom\/#breadcrumb"},"inLanguage":"en-GB","potentialAction":[{"@type":"ReadAction","target":["https:\/\/amian-collectioncars.com\/unser-showroom\/"]}]},{"@type":"ImageObject","inLanguage":"en-GB","@id":"https:\/\/amian-collectioncars.com\/unser-showroom\/#primaryimage","url":"https:\/\/amian-collectioncars.com\/wp-content\/uploads\/2024\/11\/DSC02022-2.jpg","contentUrl":"https:\/\/amian-collectioncars.com\/wp-content\/uploads\/2024\/11\/DSC02022-2.jpg","width":1920,"height":1282,"caption":"Amian Collection Cars Showroom K\u00f6ln, Germany"},{"@type":"BreadcrumbList","@id":"https:\/\/amian-collectioncars.com\/unser-showroom\/#breadcrumb","itemListElement":[{"@type":"ListItem","position":1,"name":"Startseite","item":"https:\/\/amian-collectioncars.com\/"},{"@type":"ListItem","position":2,"name":"Showroom"}]},{"@type":"WebSite","@id":"https:\/\/amian-collectioncars.com\/en\/#website","url":"https:\/\/amian-collectioncars.com\/en\/","name":"Amian Collection Cars","description":"Amian Exclusive Cars aus K\u00f6ln","potentialAction":[{"@type":"SearchAction","target":{"@type":"EntryPoint","urlTemplate":"https:\/\/amian-collectioncars.com\/en\/?s={search_term_string}"},"query-input":{"@type":"PropertyValueSpecification","valueRequired":true,"valueName":"search_term_string"}}],"inLanguage":"en-GB"}]}},"jetpack_sharing_enabled":true,"_links":{"self":[{"href":"https:\/\/amian-collectioncars.com\/en\/wp-json\/wp\/v2\/pages\/7029","targetHints":{"allow":["GET"]}}],"collection":[{"href":"https:\/\/amian-collectioncars.com\/en\/wp-json\/wp\/v2\/pages"}],"about":[{"href":"https:\/\/amian-collectioncars.com\/en\/wp-json\/wp\/v2\/types\/page"}],"author":[{"embeddable":true,"href":"https:\/\/amian-collectioncars.com\/en\/wp-json\/wp\/v2\/users\/2"}],"replies":[{"embeddable":true,"href":"https:\/\/amian-collectioncars.com\/en\/wp-json\/wp\/v2\/comments?post=7029"}],"version-history":[{"count":81,"href":"https:\/\/amian-collectioncars.com\/en\/wp-json\/wp\/v2\/pages\/7029\/revisions"}],"predecessor-version":[{"id":9270,"href":"https:\/\/amian-collectioncars.com\/en\/wp-json\/wp\/v2\/pages\/7029\/revisions\/9270"}],"wp:featuredmedia":[{"embeddable":true,"href":"https:\/\/amian-collectioncars.com\/en\/wp-json\/wp\/v2\/media\/8410"}],"wp:attachment":[{"href":"https:\/\/amian-collectioncars.com\/en\/wp-json\/wp\/v2\/media?parent=7029"}],"curies":[{"name":"wp","href":"https:\/\/api.w.org\/{rel}","templated":true}]}}