{"id":6656,"date":"2023-03-08T19:31:26","date_gmt":"2023-03-08T19:31:26","guid":{"rendered":"https:\/\/amian-collectioncars.com\/?page_id=6656"},"modified":"2025-12-14T19:07:35","modified_gmt":"2025-12-14T18:07:35","slug":"zulassungsservice","status":"publish","type":"page","link":"https:\/\/amian-collectioncars.com\/en\/zulassungsservice\/","title":{"rendered":"Registration Service"},"content":{"rendered":"<div class=\"theme-lightbox\"><div class=\"wpb-content-wrapper\"><div class=\"vc-row-container row-stretch parent--page-title-banner parent--page-title-banner--50\"><div data-vc-full-width=\"true\"  data-vc-full-width-init=\"false\" class=\"vc_row wpb_row vc_row-fluid page-title-banner page-title-banner--50 vc_custom_1765735592099 vc_row-has-fill vc_row-o-content-bottom vc_row-flex\"><div class=\"wpb_column vc_column_container vc_col-sm-12\"><div class=\"vc_column-inner\"><div class=\"wpb_wrapper\"><h2 style=\"color: #ffffff;text-align: left\" class=\"vc_custom_heading vc_do_custom_heading h2--center-bottom wpb_animate_when_almost_visible wpb_fadeInUp fadeInUp\" >Zulassungsservice<\/h2><\/div><\/div><\/div><\/div><\/div><div class=\"vc-row-container container\"><div class=\"vc_row wpb_row vc_row-fluid vc_custom_1664128096155 vc_row-has-fill vc_row-o-content-middle vc_row-flex\"><div class=\"content-column--large wpb_column vc_column_container vc_col-sm-12\"><div class=\"vc_column-inner vc_custom_1664125491239\"><div class=\"wpb_wrapper\">\n\t<div class=\"wpb_text_column wpb_content_element intro-text\" >\n\t\t<div class=\"wpb_wrapper\">\n\t\t\t<p>Wir \u00fcbernehmen auch aufw\u00e4ndige An- und Ummeldungen.<\/p>\n\n\t\t<\/div>\n\t<\/div>\n\n\t<div class=\"wpb_text_column wpb_content_element\" >\n\t\t<div class=\"wpb_wrapper\">\n\t\t\t<div id=\"s-303f7649-e6b4-4e40-b4a5-ad9152bc990d\" class=\"shg-c shg-align-left\">\n<div class=\"shogun-heading-component\">\n<p>Die Zulassungsabteilung von Amian Collection Cars bietet alle Services rund um die Fahrzeugpapiere f\u00fcr Ihr Luxury Car oder Ihren Oldtimer aus einer Hand. Unser Team bringt langj\u00e4hrige Erfahrung in der Abwicklung von Dokumenten mit, \u00fcberregional und international \u2013 auch in komplexen Angelegenheiten. Nat\u00fcrlich melden wir Ihr Fahrzeug f\u00fcr Sie an, wenn Sie es bei uns kaufen. Dar\u00fcber hinaus sind wir Ansprechpartner f\u00fcr komplizierte Sachlagen und spezialisiert auf Sonderzulassungen und T\u00dcV-Abnahmen nach \u00a721 und \u00a729.<\/p>\n<\/div>\n<\/div>\n\n\t\t<\/div>\n\t<\/div>\n<h2 style=\"text-align: left\" class=\"vc_custom_heading vc_do_custom_heading\" >Wir k\u00fcmmern uns um Ihre Papiere.<\/h2><div class=\"vc_empty_space\"   style=\"height: 8px\"><span class=\"vc_empty_space_inner\"><\/span><\/div>\n\t<div class=\"wpb_text_column wpb_content_element\" >\n\t\t<div class=\"wpb_wrapper\">\n\t\t\t<p><strong>1. Gutachten gem\u00e4ss \u00a721 STVZO<\/strong><\/p>\n<p>Paragraf 21 StVZO regelt die Betriebserlaubnis. Vollgutachten sind verpflichtend f\u00fcr Fahrzeuge, die \u00fcber 7 Jahre au\u00dfer Betrieb waren und f\u00fcr die folgende Unterlagen f\u00fcr die Wiederzulassung fehlen:<\/p>\n<div>\u2022 Datenbest\u00e4tigung<\/div>\n<div>\n<p>\u2022 Bescheinigung der Genehmigung<br \/>\n\u2022 EG-\u00dcbereinstimmungsbescheinigung<\/p>\n<p>Auch Fahrzeuge, die aus dem Ausland nach Deutschland importiert wurden, ben\u00f6tigen dieses Gutachten. Ausgenommen sind Neu- oder Gebrauchtfahrzeuge mit EWG-Betriebserlaubnis und EG-\u00dcbereinstimmungserkl\u00e4rung.<\/p>\n<p><strong>2.\u00a0 Sicherheitspr\u00fcfung nach \u00a7 29 StVZO<\/strong><\/p>\n<p>Die Zulassung nach \u00a729 StVG regelt eine besondere Form der Zulassung f\u00fcr Kraftfahrzeuge, die nicht den normalen technischen Anforderungen des Stra\u00dfenverkehrs entsprechen. Diese Kraftfahrzeuge werden aufgrund ihres besonderen Charakters zugelassen: Oldtimer, historische Kraftfahrzeuge, Spezialfahrzeuge und besondere Fahrzeugkonstruktionen. Die Sonderregelung dient dazu, die historische Bedeutung der Fahrzeuge zu sch\u00fctzen und zu erhalten. Die Zulassung nach \u00a729 unterliegt Einschr\u00e4nkungen. Die Fahrzeuge d\u00fcrfen nur zu bestimmten Anl\u00e4ssen oder zu bestimmten Zeiten auf \u00f6ffentlichen Stra\u00dfen verwendet und m\u00fcssen regelm\u00e4\u00dfig \u00fcberpr\u00fcft werden, um sicherzustellen, dass sie allen technischen Anforderungen entsprechen.<\/p>\n<p><strong>3. Oldtimergutachten nach \u00a7 23 StVZO<\/strong><\/p>\n<p>Mit dem Oldtimergutachten wird ein Oldtimer als kraftfahrzeugtechnisches Kulturgut eingestuft. Nach \u00a7 2 Nr. 22 der Fahrzeug-Zulassungsverordnung (FZV) sollte ein Oldtimer:<\/p>\n<p>\u2022 vor mindestens 30 Jahren zum ersten Mal gefahren worden sein<br \/>\n\u2022 m\u00f6glichst dem Originalzustand entsprechen<br \/>\n\u2022 in erhaltungsw\u00fcrdigem Zustand sein<\/p>\n<\/div>\n\n\t\t<\/div>\n\t<\/div>\n\n\t<div class=\"wpb_text_column wpb_content_element\" >\n\t\t<div class=\"wpb_wrapper\">\n\t\t\t<p>Pr\u00fcfer best\u00e4tigen diese Bedingungen in einem Gutachten.<\/p>\n\n\t\t<\/div>\n\t<\/div>\n<div class=\"vc_empty_space\"   style=\"height: 5px\"><span class=\"vc_empty_space_inner\"><\/span><\/div><\/div><\/div><\/div><\/div><\/div><div class=\"vc-row-container container\"><div class=\"vc_row wpb_row vc_row-fluid\"><div class=\"wpb_column vc_column_container vc_col-sm-12\"><div class=\"vc_column-inner\"><div class=\"wpb_wrapper\"><\/div><\/div><\/div><\/div><\/div><div class=\"vc-row-container container\"><div class=\"vc_row wpb_row vc_row-fluid vc_custom_1664128096155 vc_row-has-fill vc_row-o-content-middle vc_row-flex\"><div class=\"content-column--large wpb_column vc_column_container vc_col-sm-12\"><div class=\"vc_column-inner vc_custom_1664125491239\"><div class=\"wpb_wrapper\"><div class=\"wpb_gallery wpb_content_element vc_clearfix wpb_content_element wpb_animate_when_almost_visible wpb_fadeIn fadeIn\" ><div class=\"wpb_wrapper\"><div class=\"wpb_gallery_slides wpb_flexslider flexslider_fade flexslider\" data-interval=\"3\" data-flex_fx=\"fade\"><ul class=\"slides\"><li><a class=\"\" href=\"https:\/\/amian-collectioncars.com\/wp-content\/uploads\/2023\/02\/ponton-interieur-2-1024x732.jpg\" data-lightbox=\"lightbox[rel-6656-1895025761]\"><img loading=\"lazy\" decoding=\"async\" width=\"1600\" height=\"1143\" src=\"https:\/\/amian-collectioncars.com\/wp-content\/uploads\/2023\/02\/ponton-interieur-2.jpg\" class=\"attachment-full\" alt=\"\" title=\"ponton-interieur-2\" srcset=\"https:\/\/amian-collectioncars.com\/wp-content\/uploads\/2023\/02\/ponton-interieur-2.jpg 1600w, https:\/\/amian-collectioncars.com\/wp-content\/uploads\/2023\/02\/ponton-interieur-2-300x214.jpg 300w, https:\/\/amian-collectioncars.com\/wp-content\/uploads\/2023\/02\/ponton-interieur-2-1024x732.jpg 1024w, https:\/\/amian-collectioncars.com\/wp-content\/uploads\/2023\/02\/ponton-interieur-2-768x549.jpg 768w, https:\/\/amian-collectioncars.com\/wp-content\/uploads\/2023\/02\/ponton-interieur-2-1536x1097.jpg 1536w, https:\/\/amian-collectioncars.com\/wp-content\/uploads\/2023\/02\/ponton-interieur-2-18x12.jpg 18w, https:\/\/amian-collectioncars.com\/wp-content\/uploads\/2023\/02\/ponton-interieur-2-1116x797.jpg 1116w, https:\/\/amian-collectioncars.com\/wp-content\/uploads\/2023\/02\/ponton-interieur-2-806x576.jpg 806w, https:\/\/amian-collectioncars.com\/wp-content\/uploads\/2023\/02\/ponton-interieur-2-558x399.jpg 558w, https:\/\/amian-collectioncars.com\/wp-content\/uploads\/2023\/02\/ponton-interieur-2-655x468.jpg 655w, https:\/\/amian-collectioncars.com\/wp-content\/uploads\/2023\/02\/ponton-interieur-2-820x586.jpg 820w\" sizes=\"auto, (max-width: 1600px) 100vw, 1600px\" \/><\/a><\/li><li><a class=\"\" href=\"https:\/\/amian-collectioncars.com\/wp-content\/uploads\/2023\/02\/ponton-interieur-1-1024x732.jpg\" data-lightbox=\"lightbox[rel-6656-1895025761]\"><img loading=\"lazy\" decoding=\"async\" width=\"1600\" height=\"1143\" src=\"https:\/\/amian-collectioncars.com\/wp-content\/uploads\/2023\/02\/ponton-interieur-1.jpg\" class=\"attachment-full\" alt=\"\" title=\"ponton-interieur-1\" srcset=\"https:\/\/amian-collectioncars.com\/wp-content\/uploads\/2023\/02\/ponton-interieur-1.jpg 1600w, https:\/\/amian-collectioncars.com\/wp-content\/uploads\/2023\/02\/ponton-interieur-1-300x214.jpg 300w, https:\/\/amian-collectioncars.com\/wp-content\/uploads\/2023\/02\/ponton-interieur-1-1024x732.jpg 1024w, https:\/\/amian-collectioncars.com\/wp-content\/uploads\/2023\/02\/ponton-interieur-1-768x549.jpg 768w, https:\/\/amian-collectioncars.com\/wp-content\/uploads\/2023\/02\/ponton-interieur-1-1536x1097.jpg 1536w, https:\/\/amian-collectioncars.com\/wp-content\/uploads\/2023\/02\/ponton-interieur-1-18x12.jpg 18w, https:\/\/amian-collectioncars.com\/wp-content\/uploads\/2023\/02\/ponton-interieur-1-1116x797.jpg 1116w, https:\/\/amian-collectioncars.com\/wp-content\/uploads\/2023\/02\/ponton-interieur-1-806x576.jpg 806w, https:\/\/amian-collectioncars.com\/wp-content\/uploads\/2023\/02\/ponton-interieur-1-558x399.jpg 558w, https:\/\/amian-collectioncars.com\/wp-content\/uploads\/2023\/02\/ponton-interieur-1-655x468.jpg 655w, https:\/\/amian-collectioncars.com\/wp-content\/uploads\/2023\/02\/ponton-interieur-1-820x586.jpg 820w\" sizes=\"auto, (max-width: 1600px) 100vw, 1600px\" \/><\/a><\/li><li><a class=\"\" href=\"https:\/\/amian-collectioncars.com\/wp-content\/uploads\/2023\/02\/ponton-heck-close-1024x732.jpg\" data-lightbox=\"lightbox[rel-6656-1895025761]\"><img loading=\"lazy\" decoding=\"async\" width=\"1600\" height=\"1143\" src=\"https:\/\/amian-collectioncars.com\/wp-content\/uploads\/2023\/02\/ponton-heck-close.jpg\" class=\"attachment-full\" alt=\"\" title=\"ponton-heck-close\" srcset=\"https:\/\/amian-collectioncars.com\/wp-content\/uploads\/2023\/02\/ponton-heck-close.jpg 1600w, https:\/\/amian-collectioncars.com\/wp-content\/uploads\/2023\/02\/ponton-heck-close-300x214.jpg 300w, https:\/\/amian-collectioncars.com\/wp-content\/uploads\/2023\/02\/ponton-heck-close-1024x732.jpg 1024w, https:\/\/amian-collectioncars.com\/wp-content\/uploads\/2023\/02\/ponton-heck-close-768x549.jpg 768w, https:\/\/amian-collectioncars.com\/wp-content\/uploads\/2023\/02\/ponton-heck-close-1536x1097.jpg 1536w, https:\/\/amian-collectioncars.com\/wp-content\/uploads\/2023\/02\/ponton-heck-close-18x12.jpg 18w, https:\/\/amian-collectioncars.com\/wp-content\/uploads\/2023\/02\/ponton-heck-close-1116x797.jpg 1116w, https:\/\/amian-collectioncars.com\/wp-content\/uploads\/2023\/02\/ponton-heck-close-806x576.jpg 806w, https:\/\/amian-collectioncars.com\/wp-content\/uploads\/2023\/02\/ponton-heck-close-558x399.jpg 558w, https:\/\/amian-collectioncars.com\/wp-content\/uploads\/2023\/02\/ponton-heck-close-655x468.jpg 655w, https:\/\/amian-collectioncars.com\/wp-content\/uploads\/2023\/02\/ponton-heck-close-820x586.jpg 820w\" sizes=\"auto, (max-width: 1600px) 100vw, 1600px\" \/><\/a><\/li><\/ul><\/div><\/div><\/div>\n\t<div class=\"wpb_text_column wpb_content_element\" >\n\t\t<div class=\"wpb_wrapper\">\n\t\t\t<div>\n<p>&nbsp;<\/p>\n<p>Ob Sie ein Trackcar auf die Strasse bringen oder einen Oldtimer nach einem Jahrzehnt in der Garage wieder roadfit machen m\u00f6chten, wir \u00fcbernehmen die Zusammenarbeit mit Sachverst\u00e4ndigen und Pr\u00fcfern f\u00fcr die Gutachten. Auf Wunsch planen wir Abholung und Lieferung Ihres Wagens. Wenn es schnell gehen soll, k\u00f6nnen Sie sich auf unseren Express-Dienst verlassen.<\/p>\n<\/div>\n<div><\/div>\n\n\t\t<\/div>\n\t<\/div>\n\n\t<div class=\"wpb_text_column wpb_content_element\" >\n\t\t<div class=\"wpb_wrapper\">\n\t\t\t<p>Wenn Sie einen Termin mit unserem Zulassungsservice buchen m\u00f6chten, schreiben Sie gerne jederzeit an <a class=\"\" href=\"mailto:info@amian-collectioncars.com\">info@amian-collectioncars.com<\/a>.<\/p>\n\n\t\t<\/div>\n\t<\/div>\n<div class=\"lab-auto-type auto-type-element\"><h4><div class=\"lab-autotype-text-entry\" id=\"el_k0thy\"><\/div><\/h4><\/div><div class=\"vc_empty_space\"   style=\"height: 40px\"><span class=\"vc_empty_space_inner\"><\/span><\/div><\/div><\/div><\/div><\/div><\/div>\n<\/div><\/div>","protected":false},"excerpt":{"rendered":"Zulassungsservice Wir \u00fcbernehmen auch aufw\u00e4ndige An- und Ummeldungen. Die Zulassungsabteilung von Amian Collection Cars bietet alle Services rund um die Fahrzeugpapiere f\u00fcr Ihr Luxury Car oder Ihren Oldtimer aus einer Hand. Unser Team bringt langj\u00e4hrige Erfahrung in der Abwicklung von Dokumenten mit, \u00fcberregional und international \u2013 auch in komplexen Angelegenheiten. Nat\u00fcrlich melden wir Ihr Fahrzeug&hellip;","protected":false},"author":2,"featured_media":9284,"parent":0,"menu_order":0,"comment_status":"closed","ping_status":"closed","template":"","meta":{"_acf_changed":false,"inline_featured_image":false,"footnotes":""},"class_list":["post-6656","page","type-page","status-publish","has-post-thumbnail","hentry"],"acf":[],"yoast_head":"<!-- This site is optimized with the Yoast SEO plugin v27.3 - https:\/\/yoast.com\/product\/yoast-seo-wordpress\/ -->\n<title>Zulassungsservice - Amian Collection Cars<\/title>\n<meta name=\"description\" content=\"Ein Blick f\u00fcr Details zeichnet das Team von Amian Collection Cars aus.\" \/>\n<meta name=\"robots\" content=\"index, follow, max-snippet:-1, max-image-preview:large, max-video-preview:-1\" \/>\n<link rel=\"canonical\" href=\"https:\/\/amian-collectioncars.com\/en\/zulassungsservice\/\" \/>\n<meta property=\"og:locale\" content=\"en_GB\" \/>\n<meta property=\"og:type\" content=\"article\" \/>\n<meta property=\"og:title\" content=\"Zulassungsservice - Amian Collection Cars\" \/>\n<meta property=\"og:description\" content=\"Ein Blick f\u00fcr Details zeichnet das Team von Amian Collection Cars aus.\" \/>\n<meta property=\"og:url\" content=\"https:\/\/amian-collectioncars.com\/en\/zulassungsservice\/\" \/>\n<meta property=\"og:site_name\" content=\"Amian Collection Cars\" \/>\n<meta property=\"article:modified_time\" content=\"2025-12-14T18:07:35+00:00\" \/>\n<meta property=\"og:image\" content=\"https:\/\/amian-collectioncars.com\/wp-content\/uploads\/2025\/12\/Showroom_Storage_72dpi-blackwhite.jpg\" \/>\n\t<meta property=\"og:image:width\" content=\"1920\" \/>\n\t<meta property=\"og:image:height\" content=\"793\" \/>\n\t<meta property=\"og:image:type\" content=\"image\/jpeg\" \/>\n<meta name=\"twitter:card\" content=\"summary_large_image\" \/>\n<meta name=\"twitter:label1\" content=\"Estimated reading time\" \/>\n\t<meta name=\"twitter:data1\" content=\"4 minutes\" \/>\n<script type=\"application\/ld+json\" class=\"yoast-schema-graph\">{\"@context\":\"https:\\\/\\\/schema.org\",\"@graph\":[{\"@type\":\"WebPage\",\"@id\":\"https:\\\/\\\/amian-collectioncars.com\\\/zulassungsservice\\\/\",\"url\":\"https:\\\/\\\/amian-collectioncars.com\\\/zulassungsservice\\\/\",\"name\":\"Zulassungsservice - Amian Collection Cars\",\"isPartOf\":{\"@id\":\"https:\\\/\\\/amian-collectioncars.com\\\/en\\\/#website\"},\"primaryImageOfPage\":{\"@id\":\"https:\\\/\\\/amian-collectioncars.com\\\/zulassungsservice\\\/#primaryimage\"},\"image\":{\"@id\":\"https:\\\/\\\/amian-collectioncars.com\\\/zulassungsservice\\\/#primaryimage\"},\"thumbnailUrl\":\"https:\\\/\\\/amian-collectioncars.com\\\/wp-content\\\/uploads\\\/2025\\\/12\\\/Showroom_Storage_72dpi-blackwhite.jpg\",\"datePublished\":\"2023-03-08T19:31:26+00:00\",\"dateModified\":\"2025-12-14T18:07:35+00:00\",\"description\":\"Ein Blick f\u00fcr Details zeichnet das Team von Amian Collection Cars aus.\",\"breadcrumb\":{\"@id\":\"https:\\\/\\\/amian-collectioncars.com\\\/zulassungsservice\\\/#breadcrumb\"},\"inLanguage\":\"en-GB\",\"potentialAction\":[{\"@type\":\"ReadAction\",\"target\":[\"https:\\\/\\\/amian-collectioncars.com\\\/zulassungsservice\\\/\"]}]},{\"@type\":\"ImageObject\",\"inLanguage\":\"en-GB\",\"@id\":\"https:\\\/\\\/amian-collectioncars.com\\\/zulassungsservice\\\/#primaryimage\",\"url\":\"https:\\\/\\\/amian-collectioncars.com\\\/wp-content\\\/uploads\\\/2025\\\/12\\\/Showroom_Storage_72dpi-blackwhite.jpg\",\"contentUrl\":\"https:\\\/\\\/amian-collectioncars.com\\\/wp-content\\\/uploads\\\/2025\\\/12\\\/Showroom_Storage_72dpi-blackwhite.jpg\",\"width\":1920,\"height\":793},{\"@type\":\"BreadcrumbList\",\"@id\":\"https:\\\/\\\/amian-collectioncars.com\\\/zulassungsservice\\\/#breadcrumb\",\"itemListElement\":[{\"@type\":\"ListItem\",\"position\":1,\"name\":\"Startseite\",\"item\":\"https:\\\/\\\/amian-collectioncars.com\\\/\"},{\"@type\":\"ListItem\",\"position\":2,\"name\":\"Zulassungsservice\"}]},{\"@type\":\"WebSite\",\"@id\":\"https:\\\/\\\/amian-collectioncars.com\\\/en\\\/#website\",\"url\":\"https:\\\/\\\/amian-collectioncars.com\\\/en\\\/\",\"name\":\"Amian Collection Cars\",\"description\":\"Amian Exclusive Cars aus K\u00f6ln\",\"potentialAction\":[{\"@type\":\"SearchAction\",\"target\":{\"@type\":\"EntryPoint\",\"urlTemplate\":\"https:\\\/\\\/amian-collectioncars.com\\\/en\\\/?s={search_term_string}\"},\"query-input\":{\"@type\":\"PropertyValueSpecification\",\"valueRequired\":true,\"valueName\":\"search_term_string\"}}],\"inLanguage\":\"en-GB\"}]}<\/script>\n<!-- \/ Yoast SEO plugin. -->","yoast_head_json":{"title":"Zulassungsservice - Amian Collection Cars","description":"Ein Blick f\u00fcr Details zeichnet das Team von Amian Collection Cars aus.","robots":{"index":"index","follow":"follow","max-snippet":"max-snippet:-1","max-image-preview":"max-image-preview:large","max-video-preview":"max-video-preview:-1"},"canonical":"https:\/\/amian-collectioncars.com\/en\/zulassungsservice\/","og_locale":"en_GB","og_type":"article","og_title":"Zulassungsservice - Amian Collection Cars","og_description":"Ein Blick f\u00fcr Details zeichnet das Team von Amian Collection Cars aus.","og_url":"https:\/\/amian-collectioncars.com\/en\/zulassungsservice\/","og_site_name":"Amian Collection Cars","article_modified_time":"2025-12-14T18:07:35+00:00","og_image":[{"width":1920,"height":793,"url":"https:\/\/amian-collectioncars.com\/wp-content\/uploads\/2025\/12\/Showroom_Storage_72dpi-blackwhite.jpg","type":"image\/jpeg"}],"twitter_card":"summary_large_image","twitter_misc":{"Estimated reading time":"4 minutes"},"schema":{"@context":"https:\/\/schema.org","@graph":[{"@type":"WebPage","@id":"https:\/\/amian-collectioncars.com\/zulassungsservice\/","url":"https:\/\/amian-collectioncars.com\/zulassungsservice\/","name":"Zulassungsservice - Amian Collection Cars","isPartOf":{"@id":"https:\/\/amian-collectioncars.com\/en\/#website"},"primaryImageOfPage":{"@id":"https:\/\/amian-collectioncars.com\/zulassungsservice\/#primaryimage"},"image":{"@id":"https:\/\/amian-collectioncars.com\/zulassungsservice\/#primaryimage"},"thumbnailUrl":"https:\/\/amian-collectioncars.com\/wp-content\/uploads\/2025\/12\/Showroom_Storage_72dpi-blackwhite.jpg","datePublished":"2023-03-08T19:31:26+00:00","dateModified":"2025-12-14T18:07:35+00:00","description":"Ein Blick f\u00fcr Details zeichnet das Team von Amian Collection Cars aus.","breadcrumb":{"@id":"https:\/\/amian-collectioncars.com\/zulassungsservice\/#breadcrumb"},"inLanguage":"en-GB","potentialAction":[{"@type":"ReadAction","target":["https:\/\/amian-collectioncars.com\/zulassungsservice\/"]}]},{"@type":"ImageObject","inLanguage":"en-GB","@id":"https:\/\/amian-collectioncars.com\/zulassungsservice\/#primaryimage","url":"https:\/\/amian-collectioncars.com\/wp-content\/uploads\/2025\/12\/Showroom_Storage_72dpi-blackwhite.jpg","contentUrl":"https:\/\/amian-collectioncars.com\/wp-content\/uploads\/2025\/12\/Showroom_Storage_72dpi-blackwhite.jpg","width":1920,"height":793},{"@type":"BreadcrumbList","@id":"https:\/\/amian-collectioncars.com\/zulassungsservice\/#breadcrumb","itemListElement":[{"@type":"ListItem","position":1,"name":"Startseite","item":"https:\/\/amian-collectioncars.com\/"},{"@type":"ListItem","position":2,"name":"Zulassungsservice"}]},{"@type":"WebSite","@id":"https:\/\/amian-collectioncars.com\/en\/#website","url":"https:\/\/amian-collectioncars.com\/en\/","name":"Amian Collection Cars","description":"Amian Exclusive Cars aus K\u00f6ln","potentialAction":[{"@type":"SearchAction","target":{"@type":"EntryPoint","urlTemplate":"https:\/\/amian-collectioncars.com\/en\/?s={search_term_string}"},"query-input":{"@type":"PropertyValueSpecification","valueRequired":true,"valueName":"search_term_string"}}],"inLanguage":"en-GB"}]}},"jetpack_sharing_enabled":true,"_links":{"self":[{"href":"https:\/\/amian-collectioncars.com\/en\/wp-json\/wp\/v2\/pages\/6656","targetHints":{"allow":["GET"]}}],"collection":[{"href":"https:\/\/amian-collectioncars.com\/en\/wp-json\/wp\/v2\/pages"}],"about":[{"href":"https:\/\/amian-collectioncars.com\/en\/wp-json\/wp\/v2\/types\/page"}],"author":[{"embeddable":true,"href":"https:\/\/amian-collectioncars.com\/en\/wp-json\/wp\/v2\/users\/2"}],"replies":[{"embeddable":true,"href":"https:\/\/amian-collectioncars.com\/en\/wp-json\/wp\/v2\/comments?post=6656"}],"version-history":[{"count":19,"href":"https:\/\/amian-collectioncars.com\/en\/wp-json\/wp\/v2\/pages\/6656\/revisions"}],"predecessor-version":[{"id":9309,"href":"https:\/\/amian-collectioncars.com\/en\/wp-json\/wp\/v2\/pages\/6656\/revisions\/9309"}],"wp:featuredmedia":[{"embeddable":true,"href":"https:\/\/amian-collectioncars.com\/en\/wp-json\/wp\/v2\/media\/9284"}],"wp:attachment":[{"href":"https:\/\/amian-collectioncars.com\/en\/wp-json\/wp\/v2\/media?parent=6656"}],"curies":[{"name":"wp","href":"https:\/\/api.w.org\/{rel}","templated":true}]}}