{"id":6546,"date":"2023-03-05T12:37:12","date_gmt":"2023-03-05T12:37:12","guid":{"rendered":"https:\/\/amian-collectioncars.com\/?page_id=6546"},"modified":"2025-12-14T18:34:01","modified_gmt":"2025-12-14T17:34:01","slug":"services","status":"publish","type":"page","link":"https:\/\/amian-collectioncars.com\/en\/services\/","title":{"rendered":"Services"},"content":{"rendered":"<div class=\"wpb-content-wrapper\"><div class=\"vc-row-container row-stretch parent--page-title-banner\"><div data-vc-full-width=\"true\"  data-vc-full-width-init=\"false\" class=\"vc_row wpb_row vc_row-fluid page-title-banner vc_custom_1765733547704 vc_row-has-fill vc_row-o-content-bottom vc_row-flex\"><div class=\"wpb_column vc_column_container vc_col-sm-12\"><div class=\"vc_column-inner\"><div class=\"wpb_wrapper\"><h2 style=\"color: #FFFFFF;text-align: left\" class=\"vc_custom_heading vc_do_custom_heading h2--center-bottom wpb_animate_when_almost_visible wpb_fadeInUp fadeInUp\" >Services<\/h2><\/div><\/div><\/div><\/div><\/div><div class=\"vc-row-container container\"><div class=\"vc_row wpb_row vc_row-fluid vc_custom_1765733632677\"><div class=\"wpb_column vc_column_container vc_col-sm-12\"><div class=\"vc_column-inner\"><div class=\"wpb_wrapper\">\n\t<div class=\"wpb_text_column wpb_content_element intro-text\" >\n\t\t<div class=\"wpb_wrapper\">\n\t\t\t<p>Exclusive services for exceptional vehicles.<br \/>\nAmian Collection Cars, based in Kerpen near Cologne, offers highly exclusive services for classic cars, luxury saloons and supercars:<\/p>\n\n\t\t<\/div>\n\t<\/div>\n\n<div class=\"vc_grid-container-wrapper vc_clearfix vc_grid-animation-fadeIn\">\n\t<div class=\"vc_grid-container vc_clearfix wpb_content_element vc_basic_grid services-grid\" data-initial-loading-animation=\"fadeIn\" data-vc-grid-settings=\"{&quot;page_id&quot;:6546,&quot;style&quot;:&quot;all&quot;,&quot;action&quot;:&quot;vc_get_vc_grid_data&quot;,&quot;shortcode_id&quot;:&quot;1765733612098-c2b5e62b-d254-7&quot;,&quot;tag&quot;:&quot;vc_basic_grid&quot;}\" data-vc-request=\"https:\/\/amian-collectioncars.com\/wp-admin\/admin-ajax.php\" data-vc-post-id=\"6546\" data-vc-public-nonce=\"5d2011b5fb\">\n\t\t<div class=\"vc_grid vc_row vc_grid-gutter-30px vc_pageable-wrapper vc_hook_hover\" data-vc-pageable-content=\"true\"><div class=\"vc_pageable-slide-wrapper vc_clearfix\" data-vc-grid-content=\"true\"><div class=\"vc_grid-item vc_clearfix vc_col-sm-4\"><div class=\"vc_grid-item-mini vc_clearfix\"><div class=\"vc_gitem-animated-block  vc_gitem-animate vc_gitem-animate-scaleIn\"  data-vc-animation=\"scaleIn\"><div class=\"vc_gitem-zone vc_gitem-zone-a vc-gitem-zone-height-mode-auto vc-gitem-zone-height-mode-auto-16-9 vc_gitem-is-link\" style=\"background-image: url('https:\/\/amian-collectioncars.com\/wp-content\/uploads\/2023\/01\/Storage-4-1024x357.jpg') !important;\"><a href=\"https:\/\/amian-collectioncars.com\/en\/car-storage\/\" title=\"Car Storage\" class=\"vc_gitem-link vc-zone-link\" target=\"_blank\"><\/a><img decoding=\"async\" class=\"vc_gitem-zone-img\" src=\"https:\/\/amian-collectioncars.com\/wp-content\/uploads\/2023\/01\/Storage-4-1024x357.jpg\" alt=\"Car Storage\" loading=\"lazy\"><div class=\"vc_gitem-zone-mini\"><div class=\"vc_gitem_row vc_row vc_gitem-row-position-top\"><div class=\"vc_col-sm-12 vc_gitem-col vc_gitem-col-align-\"><div class=\"vc_custom_heading page__title vc_gitem-post-data vc_gitem-post-data-source-post_title\" ><h3 style=\"text-align: left\" ><a href=\"https:\/\/amian-collectioncars.com\/en\/car-storage\/\" class=\"vc_gitem-link\" target=\"_blank\" title=\"Car Storage\">Car Storage<\/a><\/h3><\/div><\/div><div class=\"vc_col-sm-12 vc_gitem-col vc_gitem-col-align-\"><\/div><\/div><\/div><\/div><\/div><\/div><div class=\"vc_clearfix\"><\/div><\/div><div class=\"vc_grid-item vc_clearfix vc_col-sm-4\"><div class=\"vc_grid-item-mini vc_clearfix\"><div class=\"vc_gitem-animated-block  vc_gitem-animate vc_gitem-animate-scaleIn\"  data-vc-animation=\"scaleIn\"><div class=\"vc_gitem-zone vc_gitem-zone-a vc-gitem-zone-height-mode-auto vc-gitem-zone-height-mode-auto-16-9 vc_gitem-is-link\" style=\"background-image: url('https:\/\/amian-collectioncars.com\/wp-content\/uploads\/2023\/01\/Banner-1024x356.jpg') !important;\"><a href=\"https:\/\/amian-collectioncars.com\/en\/detailing\/\" title=\"Detailing\" class=\"vc_gitem-link vc-zone-link\" target=\"_blank\"><\/a><img decoding=\"async\" class=\"vc_gitem-zone-img\" src=\"https:\/\/amian-collectioncars.com\/wp-content\/uploads\/2023\/01\/Banner-1024x356.jpg\" alt=\"Detailing\" loading=\"lazy\"><div class=\"vc_gitem-zone-mini\"><div class=\"vc_gitem_row vc_row vc_gitem-row-position-top\"><div class=\"vc_col-sm-12 vc_gitem-col vc_gitem-col-align-\"><div class=\"vc_custom_heading page__title vc_gitem-post-data vc_gitem-post-data-source-post_title\" ><h3 style=\"text-align: left\" ><a href=\"https:\/\/amian-collectioncars.com\/en\/detailing\/\" class=\"vc_gitem-link\" target=\"_blank\" title=\"Detailing\">Detailing<\/a><\/h3><\/div><\/div><div class=\"vc_col-sm-12 vc_gitem-col vc_gitem-col-align-\"><\/div><\/div><\/div><\/div><\/div><\/div><div class=\"vc_clearfix\"><\/div><\/div><div class=\"vc_grid-item vc_clearfix vc_col-sm-4\"><div class=\"vc_grid-item-mini vc_clearfix\"><div class=\"vc_gitem-animated-block  vc_gitem-animate vc_gitem-animate-scaleIn\"  data-vc-animation=\"scaleIn\"><div class=\"vc_gitem-zone vc_gitem-zone-a vc-gitem-zone-height-mode-auto vc-gitem-zone-height-mode-auto-16-9 vc_gitem-is-link\" style=\"background-image: url('https:\/\/amian-collectioncars.com\/wp-content\/uploads\/2025\/12\/FBC05489-1024x356.jpg') !important;\"><a href=\"https:\/\/amian-collectioncars.com\/en\/lackierarbeiten\/\" title=\"Paintwork\" class=\"vc_gitem-link vc-zone-link\" target=\"_blank\"><\/a><img decoding=\"async\" class=\"vc_gitem-zone-img\" src=\"https:\/\/amian-collectioncars.com\/wp-content\/uploads\/2025\/12\/FBC05489-1024x356.jpg\" alt=\"Lackierarbeiten\" loading=\"lazy\"><div class=\"vc_gitem-zone-mini\"><div class=\"vc_gitem_row vc_row vc_gitem-row-position-top\"><div class=\"vc_col-sm-12 vc_gitem-col vc_gitem-col-align-\"><div class=\"vc_custom_heading page__title vc_gitem-post-data vc_gitem-post-data-source-post_title\" ><h3 style=\"text-align: left\" ><a href=\"https:\/\/amian-collectioncars.com\/en\/lackierarbeiten\/\" class=\"vc_gitem-link\" target=\"_blank\" title=\"Paintwork\">Paintwork<\/a><\/h3><\/div><\/div><div class=\"vc_col-sm-12 vc_gitem-col vc_gitem-col-align-\"><\/div><\/div><\/div><\/div><\/div><\/div><div class=\"vc_clearfix\"><\/div><\/div><div class=\"vc_grid-item vc_clearfix vc_col-sm-4\"><div class=\"vc_grid-item-mini vc_clearfix\"><div class=\"vc_gitem-animated-block  vc_gitem-animate vc_gitem-animate-scaleIn\"  data-vc-animation=\"scaleIn\"><div class=\"vc_gitem-zone vc_gitem-zone-a vc-gitem-zone-height-mode-auto vc-gitem-zone-height-mode-auto-16-9 vc_gitem-is-link\" style=\"background-image: url('https:\/\/amian-collectioncars.com\/wp-content\/uploads\/2025\/12\/Banner_Foling-blackwhite-1024x356.jpg') !important;\"><a href=\"https:\/\/amian-collectioncars.com\/en\/lackschutzfolierung\/\" title=\"Paint protection film\" class=\"vc_gitem-link vc-zone-link\" target=\"_blank\"><\/a><img decoding=\"async\" class=\"vc_gitem-zone-img\" src=\"https:\/\/amian-collectioncars.com\/wp-content\/uploads\/2025\/12\/Banner_Foling-blackwhite-1024x356.jpg\" alt=\"Lackschutzfolierung\" loading=\"lazy\"><div class=\"vc_gitem-zone-mini\"><div class=\"vc_gitem_row vc_row vc_gitem-row-position-top\"><div class=\"vc_col-sm-12 vc_gitem-col vc_gitem-col-align-\"><div class=\"vc_custom_heading page__title vc_gitem-post-data vc_gitem-post-data-source-post_title\" ><h3 style=\"text-align: left\" ><a href=\"https:\/\/amian-collectioncars.com\/en\/lackschutzfolierung\/\" class=\"vc_gitem-link\" target=\"_blank\" title=\"Paint protection film\">Paint protection film<\/a><\/h3><\/div><\/div><div class=\"vc_col-sm-12 vc_gitem-col vc_gitem-col-align-\"><\/div><\/div><\/div><\/div><\/div><\/div><div class=\"vc_clearfix\"><\/div><\/div><div class=\"vc_grid-item vc_clearfix vc_col-sm-4\"><div class=\"vc_grid-item-mini vc_clearfix\"><div class=\"vc_gitem-animated-block  vc_gitem-animate vc_gitem-animate-scaleIn\"  data-vc-animation=\"scaleIn\"><div class=\"vc_gitem-zone vc_gitem-zone-a vc-gitem-zone-height-mode-auto vc-gitem-zone-height-mode-auto-16-9 vc_gitem-is-link\" style=\"background-image: url('https:\/\/amian-collectioncars.com\/wp-content\/uploads\/2025\/12\/Restauration-blackwhite-1024x423.jpg') !important;\"><a href=\"https:\/\/amian-collectioncars.com\/en\/restauration\/\" title=\"Restoration\" class=\"vc_gitem-link vc-zone-link\" target=\"_blank\"><\/a><img decoding=\"async\" class=\"vc_gitem-zone-img\" src=\"https:\/\/amian-collectioncars.com\/wp-content\/uploads\/2025\/12\/Restauration-blackwhite-1024x423.jpg\" alt=\"Restaurierung\" loading=\"lazy\"><div class=\"vc_gitem-zone-mini\"><div class=\"vc_gitem_row vc_row vc_gitem-row-position-top\"><div class=\"vc_col-sm-12 vc_gitem-col vc_gitem-col-align-\"><div class=\"vc_custom_heading page__title vc_gitem-post-data vc_gitem-post-data-source-post_title\" ><h3 style=\"text-align: left\" ><a href=\"https:\/\/amian-collectioncars.com\/en\/restauration\/\" class=\"vc_gitem-link\" target=\"_blank\" title=\"Restoration\">Restoration<\/a><\/h3><\/div><\/div><div class=\"vc_col-sm-12 vc_gitem-col vc_gitem-col-align-\"><\/div><\/div><\/div><\/div><\/div><\/div><div class=\"vc_clearfix\"><\/div><\/div><div class=\"vc_grid-item vc_clearfix vc_col-sm-4\"><div class=\"vc_grid-item-mini vc_clearfix\"><div class=\"vc_gitem-animated-block  vc_gitem-animate vc_gitem-animate-scaleIn\"  data-vc-animation=\"scaleIn\"><div class=\"vc_gitem-zone vc_gitem-zone-a vc-gitem-zone-height-mode-auto vc-gitem-zone-height-mode-auto-16-9 vc_gitem-is-link\" style=\"background-image: url('https:\/\/amian-collectioncars.com\/wp-content\/uploads\/2025\/12\/Showroom_Storage_72dpi-blackwhite-1024x423.jpg') !important;\"><a href=\"https:\/\/amian-collectioncars.com\/en\/zulassungsservice\/\" title=\"Registration Service\" class=\"vc_gitem-link vc-zone-link\" target=\"_blank\"><\/a><img decoding=\"async\" class=\"vc_gitem-zone-img\" src=\"https:\/\/amian-collectioncars.com\/wp-content\/uploads\/2025\/12\/Showroom_Storage_72dpi-blackwhite-1024x423.jpg\" alt=\"Zulassungsservice\" loading=\"lazy\"><div class=\"vc_gitem-zone-mini\"><div class=\"vc_gitem_row vc_row vc_gitem-row-position-top\"><div class=\"vc_col-sm-12 vc_gitem-col vc_gitem-col-align-\"><div class=\"vc_custom_heading page__title vc_gitem-post-data vc_gitem-post-data-source-post_title\" ><h3 style=\"text-align: left\" ><a href=\"https:\/\/amian-collectioncars.com\/en\/zulassungsservice\/\" class=\"vc_gitem-link\" target=\"_blank\" title=\"Registration Service\">Registration Service<\/a><\/h3><\/div><\/div><div class=\"vc_col-sm-12 vc_gitem-col vc_gitem-col-align-\"><\/div><\/div><\/div><\/div><\/div><\/div><div class=\"vc_clearfix\"><\/div><\/div><\/div><\/div>\n\t<\/div>\n<\/div><\/div><\/div><\/div><\/div><\/div>\n<\/div>","protected":false},"excerpt":{"rendered":"Services Exklusive Services f\u00fcr au\u00dfergew\u00f6hnliche Fahrzeuge. Amian Collection Cars mit Sitz in Kerpen bei K\u00f6ln bietet hochexklusive Dienstleistungen f\u00fcr Classic Cars, Luxuslimousinen und Supercars an: Car StorageDetailingLackierarbeitenLackschutzfolierungRestaurierungZulassungsservice","protected":false},"author":1,"featured_media":6868,"parent":0,"menu_order":0,"comment_status":"closed","ping_status":"closed","template":"","meta":{"_acf_changed":false,"inline_featured_image":false,"footnotes":""},"class_list":["post-6546","page","type-page","status-publish","has-post-thumbnail","hentry"],"acf":[],"yoast_head":"<!-- This site is optimized with the Yoast SEO plugin v27.4 - https:\/\/yoast.com\/product\/yoast-seo-wordpress\/ -->\n<title>Services - Amian Collection Cars<\/title>\n<meta name=\"description\" content=\"Amian Collection Cars mit Sitz in Kerpen bei K\u00f6ln bietet exklusive Dienstleistungen f\u00fcr Classic Cars, Luxuslimousinen und Supersars an.\" \/>\n<meta name=\"robots\" content=\"index, follow, max-snippet:-1, max-image-preview:large, max-video-preview:-1\" \/>\n<link rel=\"canonical\" href=\"https:\/\/amian-collectioncars.com\/en\/services\/\" \/>\n<meta property=\"og:locale\" content=\"en_GB\" \/>\n<meta property=\"og:type\" content=\"article\" \/>\n<meta property=\"og:title\" content=\"Services - Amian Collection Cars\" \/>\n<meta property=\"og:description\" content=\"Amian Collection Cars mit Sitz in Kerpen bei K\u00f6ln bietet exklusive Dienstleistungen f\u00fcr Classic Cars, Luxuslimousinen und Supersars an.\" \/>\n<meta property=\"og:url\" content=\"https:\/\/amian-collectioncars.com\/en\/services\/\" \/>\n<meta property=\"og:site_name\" content=\"Amian Collection Cars\" \/>\n<meta property=\"article:modified_time\" content=\"2025-12-14T17:34:01+00:00\" \/>\n<meta property=\"og:image\" content=\"https:\/\/amian-collectioncars.com\/wp-content\/uploads\/2023\/04\/Showroom_Storage_72dpi.jpg\" \/>\n\t<meta property=\"og:image:width\" content=\"1920\" \/>\n\t<meta property=\"og:image:height\" content=\"793\" \/>\n\t<meta property=\"og:image:type\" content=\"image\/jpeg\" \/>\n<meta name=\"twitter:card\" content=\"summary_large_image\" \/>\n<meta name=\"twitter:label1\" content=\"Estimated reading time\" \/>\n\t<meta name=\"twitter:data1\" content=\"1 minute\" \/>\n<script type=\"application\/ld+json\" class=\"yoast-schema-graph\">{\"@context\":\"https:\\\/\\\/schema.org\",\"@graph\":[{\"@type\":\"WebPage\",\"@id\":\"https:\\\/\\\/amian-collectioncars.com\\\/services\\\/\",\"url\":\"https:\\\/\\\/amian-collectioncars.com\\\/services\\\/\",\"name\":\"Services - Amian Collection Cars\",\"isPartOf\":{\"@id\":\"https:\\\/\\\/amian-collectioncars.com\\\/en\\\/#website\"},\"primaryImageOfPage\":{\"@id\":\"https:\\\/\\\/amian-collectioncars.com\\\/services\\\/#primaryimage\"},\"image\":{\"@id\":\"https:\\\/\\\/amian-collectioncars.com\\\/services\\\/#primaryimage\"},\"thumbnailUrl\":\"https:\\\/\\\/amian-collectioncars.com\\\/wp-content\\\/uploads\\\/2023\\\/04\\\/Showroom_Storage_72dpi.jpg\",\"datePublished\":\"2023-03-05T12:37:12+00:00\",\"dateModified\":\"2025-12-14T17:34:01+00:00\",\"description\":\"Amian Collection Cars mit Sitz in Kerpen bei K\u00f6ln bietet exklusive Dienstleistungen f\u00fcr Classic Cars, Luxuslimousinen und Supersars an.\",\"breadcrumb\":{\"@id\":\"https:\\\/\\\/amian-collectioncars.com\\\/services\\\/#breadcrumb\"},\"inLanguage\":\"en-GB\",\"potentialAction\":[{\"@type\":\"ReadAction\",\"target\":[\"https:\\\/\\\/amian-collectioncars.com\\\/services\\\/\"]}]},{\"@type\":\"ImageObject\",\"inLanguage\":\"en-GB\",\"@id\":\"https:\\\/\\\/amian-collectioncars.com\\\/services\\\/#primaryimage\",\"url\":\"https:\\\/\\\/amian-collectioncars.com\\\/wp-content\\\/uploads\\\/2023\\\/04\\\/Showroom_Storage_72dpi.jpg\",\"contentUrl\":\"https:\\\/\\\/amian-collectioncars.com\\\/wp-content\\\/uploads\\\/2023\\\/04\\\/Showroom_Storage_72dpi.jpg\",\"width\":1920,\"height\":793},{\"@type\":\"BreadcrumbList\",\"@id\":\"https:\\\/\\\/amian-collectioncars.com\\\/services\\\/#breadcrumb\",\"itemListElement\":[{\"@type\":\"ListItem\",\"position\":1,\"name\":\"Startseite\",\"item\":\"https:\\\/\\\/amian-collectioncars.com\\\/\"},{\"@type\":\"ListItem\",\"position\":2,\"name\":\"Services\"}]},{\"@type\":\"WebSite\",\"@id\":\"https:\\\/\\\/amian-collectioncars.com\\\/en\\\/#website\",\"url\":\"https:\\\/\\\/amian-collectioncars.com\\\/en\\\/\",\"name\":\"Amian Collection Cars\",\"description\":\"Amian Exclusive Cars aus K\u00f6ln\",\"potentialAction\":[{\"@type\":\"SearchAction\",\"target\":{\"@type\":\"EntryPoint\",\"urlTemplate\":\"https:\\\/\\\/amian-collectioncars.com\\\/en\\\/?s={search_term_string}\"},\"query-input\":{\"@type\":\"PropertyValueSpecification\",\"valueRequired\":true,\"valueName\":\"search_term_string\"}}],\"inLanguage\":\"en-GB\"}]}<\/script>\n<!-- \/ Yoast SEO plugin. -->","yoast_head_json":{"title":"Services - Amian Collection Cars","description":"Amian Collection Cars mit Sitz in Kerpen bei K\u00f6ln bietet exklusive Dienstleistungen f\u00fcr Classic Cars, Luxuslimousinen und Supersars an.","robots":{"index":"index","follow":"follow","max-snippet":"max-snippet:-1","max-image-preview":"max-image-preview:large","max-video-preview":"max-video-preview:-1"},"canonical":"https:\/\/amian-collectioncars.com\/en\/services\/","og_locale":"en_GB","og_type":"article","og_title":"Services - Amian Collection Cars","og_description":"Amian Collection Cars mit Sitz in Kerpen bei K\u00f6ln bietet exklusive Dienstleistungen f\u00fcr Classic Cars, Luxuslimousinen und Supersars an.","og_url":"https:\/\/amian-collectioncars.com\/en\/services\/","og_site_name":"Amian Collection Cars","article_modified_time":"2025-12-14T17:34:01+00:00","og_image":[{"width":1920,"height":793,"url":"https:\/\/amian-collectioncars.com\/wp-content\/uploads\/2023\/04\/Showroom_Storage_72dpi.jpg","type":"image\/jpeg"}],"twitter_card":"summary_large_image","twitter_misc":{"Estimated reading time":"1 minute"},"schema":{"@context":"https:\/\/schema.org","@graph":[{"@type":"WebPage","@id":"https:\/\/amian-collectioncars.com\/services\/","url":"https:\/\/amian-collectioncars.com\/services\/","name":"Services - Amian Collection Cars","isPartOf":{"@id":"https:\/\/amian-collectioncars.com\/en\/#website"},"primaryImageOfPage":{"@id":"https:\/\/amian-collectioncars.com\/services\/#primaryimage"},"image":{"@id":"https:\/\/amian-collectioncars.com\/services\/#primaryimage"},"thumbnailUrl":"https:\/\/amian-collectioncars.com\/wp-content\/uploads\/2023\/04\/Showroom_Storage_72dpi.jpg","datePublished":"2023-03-05T12:37:12+00:00","dateModified":"2025-12-14T17:34:01+00:00","description":"Amian Collection Cars mit Sitz in Kerpen bei K\u00f6ln bietet exklusive Dienstleistungen f\u00fcr Classic Cars, Luxuslimousinen und Supersars an.","breadcrumb":{"@id":"https:\/\/amian-collectioncars.com\/services\/#breadcrumb"},"inLanguage":"en-GB","potentialAction":[{"@type":"ReadAction","target":["https:\/\/amian-collectioncars.com\/services\/"]}]},{"@type":"ImageObject","inLanguage":"en-GB","@id":"https:\/\/amian-collectioncars.com\/services\/#primaryimage","url":"https:\/\/amian-collectioncars.com\/wp-content\/uploads\/2023\/04\/Showroom_Storage_72dpi.jpg","contentUrl":"https:\/\/amian-collectioncars.com\/wp-content\/uploads\/2023\/04\/Showroom_Storage_72dpi.jpg","width":1920,"height":793},{"@type":"BreadcrumbList","@id":"https:\/\/amian-collectioncars.com\/services\/#breadcrumb","itemListElement":[{"@type":"ListItem","position":1,"name":"Startseite","item":"https:\/\/amian-collectioncars.com\/"},{"@type":"ListItem","position":2,"name":"Services"}]},{"@type":"WebSite","@id":"https:\/\/amian-collectioncars.com\/en\/#website","url":"https:\/\/amian-collectioncars.com\/en\/","name":"Amian Collection Cars","description":"Amian Exclusive Cars aus K\u00f6ln","potentialAction":[{"@type":"SearchAction","target":{"@type":"EntryPoint","urlTemplate":"https:\/\/amian-collectioncars.com\/en\/?s={search_term_string}"},"query-input":{"@type":"PropertyValueSpecification","valueRequired":true,"valueName":"search_term_string"}}],"inLanguage":"en-GB"}]}},"jetpack_sharing_enabled":true,"_links":{"self":[{"href":"https:\/\/amian-collectioncars.com\/en\/wp-json\/wp\/v2\/pages\/6546","targetHints":{"allow":["GET"]}}],"collection":[{"href":"https:\/\/amian-collectioncars.com\/en\/wp-json\/wp\/v2\/pages"}],"about":[{"href":"https:\/\/amian-collectioncars.com\/en\/wp-json\/wp\/v2\/types\/page"}],"author":[{"embeddable":true,"href":"https:\/\/amian-collectioncars.com\/en\/wp-json\/wp\/v2\/users\/1"}],"replies":[{"embeddable":true,"href":"https:\/\/amian-collectioncars.com\/en\/wp-json\/wp\/v2\/comments?post=6546"}],"version-history":[{"count":38,"href":"https:\/\/amian-collectioncars.com\/en\/wp-json\/wp\/v2\/pages\/6546\/revisions"}],"predecessor-version":[{"id":9302,"href":"https:\/\/amian-collectioncars.com\/en\/wp-json\/wp\/v2\/pages\/6546\/revisions\/9302"}],"wp:featuredmedia":[{"embeddable":true,"href":"https:\/\/amian-collectioncars.com\/en\/wp-json\/wp\/v2\/media\/6868"}],"wp:attachment":[{"href":"https:\/\/amian-collectioncars.com\/en\/wp-json\/wp\/v2\/media?parent=6546"}],"curies":[{"name":"wp","href":"https:\/\/api.w.org\/{rel}","templated":true}]}}