{"id":6488,"date":"2023-02-25T07:27:04","date_gmt":"2023-02-25T07:27:04","guid":{"rendered":"https:\/\/amian-collectioncars.com\/?page_id=6488"},"modified":"2025-12-14T19:02:52","modified_gmt":"2025-12-14T18:02:52","slug":"restauration","status":"publish","type":"page","link":"https:\/\/amian-collectioncars.com\/en\/restauration\/","title":{"rendered":"Restoration"},"content":{"rendered":"<div class=\"theme-lightbox\"><div class=\"wpb-content-wrapper\"><div class=\"vc-row-container row-stretch parent--page-title-banner parent--page-title-banner--50\"><div data-vc-full-width=\"true\"  data-vc-full-width-init=\"false\" class=\"vc_row wpb_row vc_row-fluid page-title-banner page-title-banner--50 vc_custom_1765735306525 vc_row-has-fill vc_row-o-content-bottom vc_row-flex\"><div class=\"wpb_column vc_column_container vc_col-sm-12\"><div class=\"vc_column-inner\"><div class=\"wpb_wrapper\"><h2 style=\"color: #ffffff;text-align: left\" class=\"vc_custom_heading vc_do_custom_heading h2--center-bottom wpb_animate_when_almost_visible wpb_fadeInUp fadeInUp\" >Restaurierung<\/h2><\/div><\/div><\/div><\/div><\/div><div class=\"vc-row-container container\"><div class=\"vc_row wpb_row vc_row-fluid vc_custom_1664128096155 vc_row-has-fill vc_row-o-content-middle vc_row-flex\"><div class=\"content-column--large wpb_column vc_column_container vc_col-sm-12\"><div class=\"vc_column-inner vc_custom_1664125491239\"><div class=\"wpb_wrapper\">\n\t<div class=\"wpb_text_column wpb_content_element intro-text\" >\n\t\t<div class=\"wpb_wrapper\">\n\t\t\t<p>F\u00fcr die Instandsetzung von Classic Cars bis Supercars.<\/p>\n\n\t\t<\/div>\n\t<\/div>\n\n\t<div class=\"wpb_text_column wpb_content_element\" >\n\t\t<div class=\"wpb_wrapper\">\n\t\t\t<p>Exzellenz wird durch Wissen, Sorgfalt und Zeit erreicht \u2013 diesen Leitsatz beherzigen wir, wenn wir einen Auftrag in der hauseigenen Werkstatt von Amian Collection Cars in Kerpen bei K\u00f6ln \u00fcbernehmen. Unsere Kunden sind vielbesch\u00e4ftigt und international t\u00e4tig, unser Service ist explizit auf ihre Bed\u00fcrfnisse abgestimmt. Ein einfacher Anruf bei uns gen\u00fcgt und wir holen Ihr Auto \u00fcberall auf der Welt ab. Nachdem die Arbeiten durchgef\u00fchrt wurden, liefern wir Ihr Fahrzeug direkt zu Ihnen zur\u00fcck.<\/p>\n\n\t\t<\/div>\n\t<\/div>\n<h2 style=\"text-align: left\" class=\"vc_custom_heading vc_do_custom_heading\" >Unsere hochmoderne Werkstatt \u00fcbernimmt:<\/h2>\n\t<div class=\"wpb_text_column wpb_content_element\" >\n\t\t<div class=\"wpb_wrapper\">\n\t\t\t<ul>\n<li>Komplettrestaurationen<\/li>\n<li>Mechanische Arbeiten<\/li>\n<li>Karosseriearbeiten<\/li>\n<li>Jahres-Service<\/li>\n<\/ul>\n\n\t\t<\/div>\n\t<\/div>\n<div class=\"vc_empty_space\"   style=\"height: 5px\"><span class=\"vc_empty_space_inner\"><\/span><\/div><div class=\"wpb_gallery wpb_content_element vc_clearfix wpb_content_element wpb_animate_when_almost_visible wpb_fadeIn fadeIn\" ><div class=\"wpb_wrapper\"><div class=\"wpb_gallery_slides wpb_flexslider flexslider_fade flexslider\" data-interval=\"3\" data-flex_fx=\"fade\"><ul class=\"slides\"><li><a class=\"\" href=\"https:\/\/amian-collectioncars.com\/wp-content\/uploads\/2023\/02\/DSC07253-1024x668.jpg\" data-lightbox=\"lightbox[rel-6488-570587014]\"><img loading=\"lazy\" decoding=\"async\" width=\"1600\" height=\"1043\" src=\"https:\/\/amian-collectioncars.com\/wp-content\/uploads\/2023\/02\/DSC07253.jpg\" class=\"attachment-full\" alt=\"\" title=\"DSC07253\" srcset=\"https:\/\/amian-collectioncars.com\/wp-content\/uploads\/2023\/02\/DSC07253.jpg 1600w, https:\/\/amian-collectioncars.com\/wp-content\/uploads\/2023\/02\/DSC07253-300x196.jpg 300w, https:\/\/amian-collectioncars.com\/wp-content\/uploads\/2023\/02\/DSC07253-1024x668.jpg 1024w, https:\/\/amian-collectioncars.com\/wp-content\/uploads\/2023\/02\/DSC07253-768x501.jpg 768w, https:\/\/amian-collectioncars.com\/wp-content\/uploads\/2023\/02\/DSC07253-1536x1001.jpg 1536w, https:\/\/amian-collectioncars.com\/wp-content\/uploads\/2023\/02\/DSC07253-18x12.jpg 18w, https:\/\/amian-collectioncars.com\/wp-content\/uploads\/2023\/02\/DSC07253-1116x727.jpg 1116w, https:\/\/amian-collectioncars.com\/wp-content\/uploads\/2023\/02\/DSC07253-806x525.jpg 806w, https:\/\/amian-collectioncars.com\/wp-content\/uploads\/2023\/02\/DSC07253-558x364.jpg 558w, https:\/\/amian-collectioncars.com\/wp-content\/uploads\/2023\/02\/DSC07253-655x427.jpg 655w, https:\/\/amian-collectioncars.com\/wp-content\/uploads\/2023\/02\/DSC07253-820x535.jpg 820w\" sizes=\"auto, (max-width: 1600px) 100vw, 1600px\" \/><\/a><\/li><li><a class=\"\" href=\"https:\/\/amian-collectioncars.com\/wp-content\/uploads\/2023\/02\/DSC07249-1024x732.jpg\" data-lightbox=\"lightbox[rel-6488-570587014]\"><img loading=\"lazy\" decoding=\"async\" width=\"1600\" height=\"1143\" src=\"https:\/\/amian-collectioncars.com\/wp-content\/uploads\/2023\/02\/DSC07249.jpg\" class=\"attachment-full\" alt=\"\" title=\"DSC07249\" srcset=\"https:\/\/amian-collectioncars.com\/wp-content\/uploads\/2023\/02\/DSC07249.jpg 1600w, https:\/\/amian-collectioncars.com\/wp-content\/uploads\/2023\/02\/DSC07249-300x214.jpg 300w, https:\/\/amian-collectioncars.com\/wp-content\/uploads\/2023\/02\/DSC07249-1024x732.jpg 1024w, https:\/\/amian-collectioncars.com\/wp-content\/uploads\/2023\/02\/DSC07249-768x549.jpg 768w, https:\/\/amian-collectioncars.com\/wp-content\/uploads\/2023\/02\/DSC07249-1536x1097.jpg 1536w, https:\/\/amian-collectioncars.com\/wp-content\/uploads\/2023\/02\/DSC07249-18x12.jpg 18w, https:\/\/amian-collectioncars.com\/wp-content\/uploads\/2023\/02\/DSC07249-1116x797.jpg 1116w, https:\/\/amian-collectioncars.com\/wp-content\/uploads\/2023\/02\/DSC07249-806x576.jpg 806w, https:\/\/amian-collectioncars.com\/wp-content\/uploads\/2023\/02\/DSC07249-558x399.jpg 558w, https:\/\/amian-collectioncars.com\/wp-content\/uploads\/2023\/02\/DSC07249-655x468.jpg 655w, https:\/\/amian-collectioncars.com\/wp-content\/uploads\/2023\/02\/DSC07249-820x586.jpg 820w\" sizes=\"auto, (max-width: 1600px) 100vw, 1600px\" \/><\/a><\/li><li><a class=\"\" href=\"https:\/\/amian-collectioncars.com\/wp-content\/uploads\/2023\/02\/DSC07235-1024x732.jpg\" data-lightbox=\"lightbox[rel-6488-570587014]\"><img loading=\"lazy\" decoding=\"async\" width=\"1600\" height=\"1143\" src=\"https:\/\/amian-collectioncars.com\/wp-content\/uploads\/2023\/02\/DSC07235.jpg\" class=\"attachment-full\" alt=\"\" title=\"DSC07235\" srcset=\"https:\/\/amian-collectioncars.com\/wp-content\/uploads\/2023\/02\/DSC07235.jpg 1600w, https:\/\/amian-collectioncars.com\/wp-content\/uploads\/2023\/02\/DSC07235-300x214.jpg 300w, https:\/\/amian-collectioncars.com\/wp-content\/uploads\/2023\/02\/DSC07235-1024x732.jpg 1024w, https:\/\/amian-collectioncars.com\/wp-content\/uploads\/2023\/02\/DSC07235-768x549.jpg 768w, https:\/\/amian-collectioncars.com\/wp-content\/uploads\/2023\/02\/DSC07235-1536x1097.jpg 1536w, https:\/\/amian-collectioncars.com\/wp-content\/uploads\/2023\/02\/DSC07235-18x12.jpg 18w, https:\/\/amian-collectioncars.com\/wp-content\/uploads\/2023\/02\/DSC07235-1116x797.jpg 1116w, https:\/\/amian-collectioncars.com\/wp-content\/uploads\/2023\/02\/DSC07235-806x576.jpg 806w, https:\/\/amian-collectioncars.com\/wp-content\/uploads\/2023\/02\/DSC07235-558x399.jpg 558w, https:\/\/amian-collectioncars.com\/wp-content\/uploads\/2023\/02\/DSC07235-655x468.jpg 655w, https:\/\/amian-collectioncars.com\/wp-content\/uploads\/2023\/02\/DSC07235-820x586.jpg 820w\" sizes=\"auto, (max-width: 1600px) 100vw, 1600px\" \/><\/a><\/li><\/ul><\/div><\/div><\/div><div class=\"vc_tta-container\" data-vc-action=\"collapse\"><div class=\"vc_general vc_tta vc_tta-accordion vc_tta-color-black vc_tta-style-flat vc_tta-shape-rounded vc_tta-o-shape-group vc_tta-controls-align-default\"><div class=\"vc_tta-panels-container\"><div class=\"vc_tta-panels\"><div class=\"vc_tta-panel vc_active\" id=\"1672748586756-bdac07b1-9307\" data-vc-content=\".vc_tta-panel-body\"><div class=\"vc_tta-panel-heading\"><h4 class=\"vc_tta-panel-title vc_tta-controls-icon-position-left\"><a href=\"#1672748586756-bdac07b1-9307\" data-vc-accordion data-vc-container=\".vc_tta-container\"><span class=\"vc_tta-title-text\">Komplettrestaurationen<\/span><i class=\"vc_tta-controls-icon vc_tta-controls-icon-plus\"><\/i><\/a><\/h4><\/div><div class=\"vc_tta-panel-body\">\n\t<div class=\"wpb_text_column wpb_content_element\" >\n\t\t<div class=\"wpb_wrapper\">\n\t\t\t<p>Bei Amian Cars werden alle Restaurationen nach zwei einfachen Prinzipien durchgef\u00fchrt: Originalit\u00e4t und Perfektion. Wenn wir zu Beginn eines Projekts das Gef\u00fchl haben, dass wir diese beiden Ziele nicht erreichen k\u00f6nnen, ziehen wir es vor, es nicht in Angriff zu nehmen. Unser Wunsch, Autos zu restaurieren, entspringt einzig dem Vergn\u00fcgen, ein perfektes Endergebnis zu erreichen, das Preise gewinnt oder sich in die hochkar\u00e4tige Sammlung eines Kunden einf\u00fcgt. Ganz gleich, ob Sie eine komplette Restaurierung w\u00fcnschen oder nur einen Teil Ihres Fahrzeugs perfektionieren m\u00f6chten, die Experten von Amian Collection Cars erarbeiten mit Ihnen einen Plan und suchen nach M\u00f6glichkeiten, Original-Ersatzteile zu beschaffen, f\u00fcr ein Finish, das neue Ma\u00dfst\u00e4be setzt.<\/p>\n\n\t\t<\/div>\n\t<\/div>\n<\/div><\/div><div class=\"vc_tta-panel\" id=\"1672757806541-c32970f0-e743\" data-vc-content=\".vc_tta-panel-body\"><div class=\"vc_tta-panel-heading\"><h4 class=\"vc_tta-panel-title vc_tta-controls-icon-position-left\"><a href=\"#1672757806541-c32970f0-e743\" data-vc-accordion data-vc-container=\".vc_tta-container\"><span class=\"vc_tta-title-text\">Wartung<\/span><i class=\"vc_tta-controls-icon vc_tta-controls-icon-plus\"><\/i><\/a><\/h4><\/div><div class=\"vc_tta-panel-body\">\n\t<div class=\"wpb_text_column wpb_content_element\" >\n\t\t<div class=\"wpb_wrapper\">\n\t\t\t<p>Die Leistung eines Fahrzeugs ist nur so gut wie die Wartung, die es erh\u00e4lt. Vom einfachen Batteriewechsel bei Ihrem Porsche bis zu einem kompletten Motorumbau eines klassischen Ferrari sind die Spezialisten von Amian Collection Cars Ihre professionellen Ansprechpartner. Unser Team ist erstklassig geschult bei den gro\u00dfen Marken der Branche. Wir achten darauf, dass die endg\u00fcltige Rechnung dem Kostenvoranschlag gleicht. Sp\u00e4tere Extras werden erst durch eine schriftliche Genehmigung vom Kunden best\u00e4tigt.<\/p>\n\n\t\t<\/div>\n\t<\/div>\n<\/div><\/div><div class=\"vc_tta-panel\" id=\"1672817737737-982d06e4-474b\" data-vc-content=\".vc_tta-panel-body\"><div class=\"vc_tta-panel-heading\"><h4 class=\"vc_tta-panel-title vc_tta-controls-icon-position-left\"><a href=\"#1672817737737-982d06e4-474b\" data-vc-accordion data-vc-container=\".vc_tta-container\"><span class=\"vc_tta-title-text\">Body Works<\/span><i class=\"vc_tta-controls-icon vc_tta-controls-icon-plus\"><\/i><\/a><\/h4><\/div><div class=\"vc_tta-panel-body\">\n\t<div class=\"wpb_text_column wpb_content_element\" >\n\t\t<div class=\"wpb_wrapper\">\n\t\t\t<p>Ob es sich um eine einfache Delle in Ihrem 991 Porsche handelt oder um eine komplette Neulackierung der Karosserie Ihres Ferrari 250 Lusso, die Spezialisten von Amian Collection Cars \u00fcbernehmen die Reparatur von Unfallsch\u00e4den und Kratzern, das Ausbeulen von Karosserieteilen, Farbanpassungen, Rost- und Korrosionsbehandlung, Aufarbeitung und Austausch von R\u00e4dern, Austausch von Glas und Windschutzscheiben und alles weitere. Kein Auftrag ist zu klein oder zu gro\u00df f\u00fcr uns. Wir arbeiten nach den h\u00f6chsten Industriestandards, um zu gew\u00e4hrleisten, dass Ihr Auto sicher und in perfekter Form unsere Werkstatt verl\u00e4sst.<\/p>\n\n\t\t<\/div>\n\t<\/div>\n<\/div><\/div><div class=\"vc_tta-panel\" id=\"1672822578862-c86c4734-b213\" data-vc-content=\".vc_tta-panel-body\"><div class=\"vc_tta-panel-heading\"><h4 class=\"vc_tta-panel-title vc_tta-controls-icon-position-left\"><a href=\"#1672822578862-c86c4734-b213\" data-vc-accordion data-vc-container=\".vc_tta-container\"><span class=\"vc_tta-title-text\">J\u00e4hrlicher Service<\/span><i class=\"vc_tta-controls-icon vc_tta-controls-icon-plus\"><\/i><\/a><\/h4><\/div><div class=\"vc_tta-panel-body\">\n\t<div class=\"wpb_text_column wpb_content_element\" >\n\t\t<div class=\"wpb_wrapper\">\n\t\t\t<p>Amian Collection Cars besch\u00e4ftigt Spezialisten, die von Ferrari, Lamborghini und anderen f\u00fchrenden Automobilherstellern geschult und zertifiziert wurden. Sie arbeiten in der 3.000 Quadratmeter gro\u00dfen Werkstatt in Kerpen, die mit Maschinen auf dem neuesten Stand der Technik ausgestattet ist. \u00d6l, Filter, Bremsen &#8230; was auch immer erforderlich ist f\u00fcr maximale Sicherheit, Komfort und Fahrspa\u00df setzen wir zeit- und kosteneffizient um. Wir warten Performance Cars von Porsche bis Pagani und arbeiten mit den Herstellern zusammen, um die richtigen Teile zu finden. Falls ein Stempel vom Hersteller erforderlich ist, um das Service-Buch aktuell zu halten, k\u00f6nnen wir uns gerne auch darum k\u00fcmmern.<\/p>\n\n\t\t<\/div>\n\t<\/div>\n<\/div><\/div><\/div><\/div><\/div><\/div>\n\t<div class=\"wpb_text_column wpb_content_element\" >\n\t\t<div class=\"wpb_wrapper\">\n\t\t\t<p>Wenn Sie einen Termin bei unseren Experten f\u00fcr die Reinigung buchen m\u00f6chten, schreiben Sie gerne jederzeit an <a class=\"\" href=\"mailto:info@amian-collectioncars.com\">info@amian-collectioncars.com<\/a>.<\/p>\n\n\t\t<\/div>\n\t<\/div>\n<div class=\"lab-auto-type auto-type-element\"><h4><div class=\"lab-autotype-text-entry\" id=\"el_m7gmu\"><\/div><\/h4><\/div><div class=\"vc_empty_space\"   style=\"height: 40px\"><span class=\"vc_empty_space_inner\"><\/span><\/div><\/div><\/div><\/div><\/div><\/div><div class=\"vc-row-container container\"><div class=\"vc_row wpb_row vc_row-fluid vc_custom_1664128096155 vc_row-has-fill vc_row-o-content-middle vc_row-flex\"><div class=\"content-column--large wpb_column vc_column_container vc_col-sm-12\"><div class=\"vc_column-inner vc_custom_1664125491239\"><div class=\"wpb_wrapper\"><\/div><\/div><\/div><\/div><\/div>\n<\/div><\/div>","protected":false},"excerpt":{"rendered":"Restaurierung F\u00fcr die Instandsetzung von Classic Cars bis Supercars. Exzellenz wird durch Wissen, Sorgfalt und Zeit erreicht \u2013 diesen Leitsatz beherzigen wir, wenn wir einen Auftrag in der hauseigenen Werkstatt von Amian Collection Cars in Kerpen bei K\u00f6ln \u00fcbernehmen. Unsere Kunden sind vielbesch\u00e4ftigt und international t\u00e4tig, unser Service ist explizit auf ihre Bed\u00fcrfnisse abgestimmt. Ein&hellip;","protected":false},"author":2,"featured_media":9283,"parent":0,"menu_order":0,"comment_status":"closed","ping_status":"closed","template":"","meta":{"_acf_changed":false,"inline_featured_image":false,"footnotes":""},"class_list":["post-6488","page","type-page","status-publish","has-post-thumbnail","hentry"],"acf":[],"yoast_head":"<!-- This site is optimized with the Yoast SEO plugin v27.4 - https:\/\/yoast.com\/product\/yoast-seo-wordpress\/ -->\n<title>Restaurierung - Amian Collection Cars<\/title>\n<meta name=\"description\" content=\"Ein Blick f\u00fcr Details zeichnet das Team von Amian Collection Cars aus.\" \/>\n<meta name=\"robots\" content=\"index, follow, max-snippet:-1, max-image-preview:large, max-video-preview:-1\" \/>\n<link rel=\"canonical\" href=\"https:\/\/amian-collectioncars.com\/en\/restauration\/\" \/>\n<meta property=\"og:locale\" content=\"en_GB\" \/>\n<meta property=\"og:type\" content=\"article\" \/>\n<meta property=\"og:title\" content=\"Restaurierung - Amian Collection Cars\" \/>\n<meta property=\"og:description\" content=\"Ein Blick f\u00fcr Details zeichnet das Team von Amian Collection Cars aus.\" \/>\n<meta property=\"og:url\" content=\"https:\/\/amian-collectioncars.com\/en\/restauration\/\" \/>\n<meta property=\"og:site_name\" content=\"Amian Collection Cars\" \/>\n<meta property=\"article:modified_time\" content=\"2025-12-14T18:02:52+00:00\" \/>\n<meta property=\"og:image\" content=\"https:\/\/amian-collectioncars.com\/wp-content\/uploads\/2025\/12\/Restauration-blackwhite.jpg\" \/>\n\t<meta property=\"og:image:width\" content=\"1920\" \/>\n\t<meta property=\"og:image:height\" content=\"793\" \/>\n\t<meta property=\"og:image:type\" content=\"image\/jpeg\" \/>\n<meta name=\"twitter:card\" content=\"summary_large_image\" \/>\n<meta name=\"twitter:label1\" content=\"Estimated reading time\" \/>\n\t<meta name=\"twitter:data1\" content=\"4 minutes\" \/>\n<script type=\"application\/ld+json\" class=\"yoast-schema-graph\">{\"@context\":\"https:\\\/\\\/schema.org\",\"@graph\":[{\"@type\":\"WebPage\",\"@id\":\"https:\\\/\\\/amian-collectioncars.com\\\/restauration\\\/\",\"url\":\"https:\\\/\\\/amian-collectioncars.com\\\/restauration\\\/\",\"name\":\"Restaurierung - Amian Collection Cars\",\"isPartOf\":{\"@id\":\"https:\\\/\\\/amian-collectioncars.com\\\/en\\\/#website\"},\"primaryImageOfPage\":{\"@id\":\"https:\\\/\\\/amian-collectioncars.com\\\/restauration\\\/#primaryimage\"},\"image\":{\"@id\":\"https:\\\/\\\/amian-collectioncars.com\\\/restauration\\\/#primaryimage\"},\"thumbnailUrl\":\"https:\\\/\\\/amian-collectioncars.com\\\/wp-content\\\/uploads\\\/2025\\\/12\\\/Restauration-blackwhite.jpg\",\"datePublished\":\"2023-02-25T07:27:04+00:00\",\"dateModified\":\"2025-12-14T18:02:52+00:00\",\"description\":\"Ein Blick f\u00fcr Details zeichnet das Team von Amian Collection Cars aus.\",\"breadcrumb\":{\"@id\":\"https:\\\/\\\/amian-collectioncars.com\\\/restauration\\\/#breadcrumb\"},\"inLanguage\":\"en-GB\",\"potentialAction\":[{\"@type\":\"ReadAction\",\"target\":[\"https:\\\/\\\/amian-collectioncars.com\\\/restauration\\\/\"]}]},{\"@type\":\"ImageObject\",\"inLanguage\":\"en-GB\",\"@id\":\"https:\\\/\\\/amian-collectioncars.com\\\/restauration\\\/#primaryimage\",\"url\":\"https:\\\/\\\/amian-collectioncars.com\\\/wp-content\\\/uploads\\\/2025\\\/12\\\/Restauration-blackwhite.jpg\",\"contentUrl\":\"https:\\\/\\\/amian-collectioncars.com\\\/wp-content\\\/uploads\\\/2025\\\/12\\\/Restauration-blackwhite.jpg\",\"width\":1920,\"height\":793},{\"@type\":\"BreadcrumbList\",\"@id\":\"https:\\\/\\\/amian-collectioncars.com\\\/restauration\\\/#breadcrumb\",\"itemListElement\":[{\"@type\":\"ListItem\",\"position\":1,\"name\":\"Startseite\",\"item\":\"https:\\\/\\\/amian-collectioncars.com\\\/\"},{\"@type\":\"ListItem\",\"position\":2,\"name\":\"Restaurierung\"}]},{\"@type\":\"WebSite\",\"@id\":\"https:\\\/\\\/amian-collectioncars.com\\\/en\\\/#website\",\"url\":\"https:\\\/\\\/amian-collectioncars.com\\\/en\\\/\",\"name\":\"Amian Collection Cars\",\"description\":\"Amian Exclusive Cars aus K\u00f6ln\",\"potentialAction\":[{\"@type\":\"SearchAction\",\"target\":{\"@type\":\"EntryPoint\",\"urlTemplate\":\"https:\\\/\\\/amian-collectioncars.com\\\/en\\\/?s={search_term_string}\"},\"query-input\":{\"@type\":\"PropertyValueSpecification\",\"valueRequired\":true,\"valueName\":\"search_term_string\"}}],\"inLanguage\":\"en-GB\"}]}<\/script>\n<!-- \/ Yoast SEO plugin. -->","yoast_head_json":{"title":"Restaurierung - Amian Collection Cars","description":"Ein Blick f\u00fcr Details zeichnet das Team von Amian Collection Cars aus.","robots":{"index":"index","follow":"follow","max-snippet":"max-snippet:-1","max-image-preview":"max-image-preview:large","max-video-preview":"max-video-preview:-1"},"canonical":"https:\/\/amian-collectioncars.com\/en\/restauration\/","og_locale":"en_GB","og_type":"article","og_title":"Restaurierung - Amian Collection Cars","og_description":"Ein Blick f\u00fcr Details zeichnet das Team von Amian Collection Cars aus.","og_url":"https:\/\/amian-collectioncars.com\/en\/restauration\/","og_site_name":"Amian Collection Cars","article_modified_time":"2025-12-14T18:02:52+00:00","og_image":[{"width":1920,"height":793,"url":"https:\/\/amian-collectioncars.com\/wp-content\/uploads\/2025\/12\/Restauration-blackwhite.jpg","type":"image\/jpeg"}],"twitter_card":"summary_large_image","twitter_misc":{"Estimated reading time":"4 minutes"},"schema":{"@context":"https:\/\/schema.org","@graph":[{"@type":"WebPage","@id":"https:\/\/amian-collectioncars.com\/restauration\/","url":"https:\/\/amian-collectioncars.com\/restauration\/","name":"Restaurierung - Amian Collection Cars","isPartOf":{"@id":"https:\/\/amian-collectioncars.com\/en\/#website"},"primaryImageOfPage":{"@id":"https:\/\/amian-collectioncars.com\/restauration\/#primaryimage"},"image":{"@id":"https:\/\/amian-collectioncars.com\/restauration\/#primaryimage"},"thumbnailUrl":"https:\/\/amian-collectioncars.com\/wp-content\/uploads\/2025\/12\/Restauration-blackwhite.jpg","datePublished":"2023-02-25T07:27:04+00:00","dateModified":"2025-12-14T18:02:52+00:00","description":"Ein Blick f\u00fcr Details zeichnet das Team von Amian Collection Cars aus.","breadcrumb":{"@id":"https:\/\/amian-collectioncars.com\/restauration\/#breadcrumb"},"inLanguage":"en-GB","potentialAction":[{"@type":"ReadAction","target":["https:\/\/amian-collectioncars.com\/restauration\/"]}]},{"@type":"ImageObject","inLanguage":"en-GB","@id":"https:\/\/amian-collectioncars.com\/restauration\/#primaryimage","url":"https:\/\/amian-collectioncars.com\/wp-content\/uploads\/2025\/12\/Restauration-blackwhite.jpg","contentUrl":"https:\/\/amian-collectioncars.com\/wp-content\/uploads\/2025\/12\/Restauration-blackwhite.jpg","width":1920,"height":793},{"@type":"BreadcrumbList","@id":"https:\/\/amian-collectioncars.com\/restauration\/#breadcrumb","itemListElement":[{"@type":"ListItem","position":1,"name":"Startseite","item":"https:\/\/amian-collectioncars.com\/"},{"@type":"ListItem","position":2,"name":"Restaurierung"}]},{"@type":"WebSite","@id":"https:\/\/amian-collectioncars.com\/en\/#website","url":"https:\/\/amian-collectioncars.com\/en\/","name":"Amian Collection Cars","description":"Amian Exclusive Cars aus K\u00f6ln","potentialAction":[{"@type":"SearchAction","target":{"@type":"EntryPoint","urlTemplate":"https:\/\/amian-collectioncars.com\/en\/?s={search_term_string}"},"query-input":{"@type":"PropertyValueSpecification","valueRequired":true,"valueName":"search_term_string"}}],"inLanguage":"en-GB"}]}},"jetpack_sharing_enabled":true,"_links":{"self":[{"href":"https:\/\/amian-collectioncars.com\/en\/wp-json\/wp\/v2\/pages\/6488","targetHints":{"allow":["GET"]}}],"collection":[{"href":"https:\/\/amian-collectioncars.com\/en\/wp-json\/wp\/v2\/pages"}],"about":[{"href":"https:\/\/amian-collectioncars.com\/en\/wp-json\/wp\/v2\/types\/page"}],"author":[{"embeddable":true,"href":"https:\/\/amian-collectioncars.com\/en\/wp-json\/wp\/v2\/users\/2"}],"replies":[{"embeddable":true,"href":"https:\/\/amian-collectioncars.com\/en\/wp-json\/wp\/v2\/comments?post=6488"}],"version-history":[{"count":34,"href":"https:\/\/amian-collectioncars.com\/en\/wp-json\/wp\/v2\/pages\/6488\/revisions"}],"predecessor-version":[{"id":9308,"href":"https:\/\/amian-collectioncars.com\/en\/wp-json\/wp\/v2\/pages\/6488\/revisions\/9308"}],"wp:featuredmedia":[{"embeddable":true,"href":"https:\/\/amian-collectioncars.com\/en\/wp-json\/wp\/v2\/media\/9283"}],"wp:attachment":[{"href":"https:\/\/amian-collectioncars.com\/en\/wp-json\/wp\/v2\/media?parent=6488"}],"curies":[{"name":"wp","href":"https:\/\/api.w.org\/{rel}","templated":true}]}}