{"id":6407,"date":"2023-02-16T18:00:24","date_gmt":"2023-02-16T18:00:24","guid":{"rendered":"https:\/\/amian-collectioncars.com\/?page_id=6407"},"modified":"2025-12-14T18:50:46","modified_gmt":"2025-12-14T17:50:46","slug":"lackierarbeiten","status":"publish","type":"page","link":"https:\/\/amian-collectioncars.com\/en\/lackierarbeiten\/","title":{"rendered":"Paintwork"},"content":{"rendered":"<div class=\"theme-lightbox\"><div class=\"wpb-content-wrapper\"><div class=\"vc-row-container row-stretch parent--page-title-banner parent--page-title-banner--50\"><div data-vc-full-width=\"true\"  data-vc-full-width-init=\"false\" class=\"vc_row wpb_row vc_row-fluid page-title-banner page-title-banner--50 wpb_animate_when_almost_visible wpb_bottom-to-top bottom-to-top vc_custom_1765734583110 vc_row-has-fill vc_row-o-content-bottom vc_row-flex\"><div class=\"wpb_column vc_column_container vc_col-sm-12\"><div class=\"vc_column-inner\"><div class=\"wpb_wrapper\"><h2 style=\"color: #ffffff;text-align: left\" class=\"vc_custom_heading vc_do_custom_heading h2--center-bottom wpb_animate_when_almost_visible wpb_fadeInUp fadeInUp\" >Lackier- und Karosseriearbeiten<\/h2><\/div><\/div><\/div><\/div><\/div><div class=\"vc-row-container container\"><div class=\"vc_row wpb_row vc_row-fluid vc_custom_1664128096155 vc_row-has-fill vc_row-o-content-middle vc_row-flex\"><div class=\"content-column--large wpb_column vc_column_container vc_col-sm-12\"><div class=\"vc_column-inner vc_custom_1664125491239\"><div class=\"wpb_wrapper\">\n\t<div class=\"wpb_text_column wpb_content_element intro-text\" >\n\t\t<div class=\"wpb_wrapper\">\n\t\t\t<p>Wir \u00fcbernehmen Resprays und individuelle Neulackierungen.<\/p>\n\n\t\t<\/div>\n\t<\/div>\n\n\t<div class=\"wpb_text_column wpb_content_element\" >\n\t\t<div class=\"wpb_wrapper\">\n\t\t\t<div id=\"s-303f7649-e6b4-4e40-b4a5-ad9152bc990d\" class=\"shg-c shg-align-left\">\n<div class=\"shogun-heading-component\">\n<p>In rund zwei Wochen nehmen unsere Lackierer im Studio vor Ort Anpassungen und Restaurierungen vor. Die Farbe des Lacks wird zu 100 % der Ihres Wagens angepasst, um Steinschlag, Kratzer oder verblasste Stellen auszugleichen \u2013 mit absoluter Pr\u00e4zision, die von der\u00a0Werkslackierung nicht zu unterscheiden ist.<\/p>\n<p>Sie w\u00fcnschen sich einen neuen Lack f\u00fcr Ihr Fahrzeug? Wir entfernen den Originallack, bevor wir den gew\u00fcnschten Ton auftragen. Wir arbeiten so pr\u00e4zise, dass selbst der Hersteller den Lack als Original bescheinigen w\u00fcrde. Wir beraten Sie gern.<\/p>\n<\/div>\n<\/div>\n\n\t\t<\/div>\n\t<\/div>\n<h2 style=\"text-align: left\" class=\"vc_custom_heading vc_do_custom_heading\" >Das bieten wir<\/h2>\n\t<div class=\"wpb_text_column wpb_content_element\" >\n\t\t<div class=\"wpb_wrapper\">\n\t\t\t<ul>\n<li>Ein- bis dreistufige Lackkorrektur<\/li>\n<li>Neulackierungen<\/li>\n<li><span class=\"vc_tta-title-text\">Felgenreparatur<\/span>\n<div class=\"vc_tta-panel-body\">\n<div class=\"wpb_text_column wpb_content_element post-formatting \"><\/div>\n<\/div>\n<\/li>\n<li>Abholung und R\u00fccklieferung<\/li>\n<\/ul>\n\n\t\t<\/div>\n\t<\/div>\n<div class=\"vc_empty_space\"   style=\"height: 5px\"><span class=\"vc_empty_space_inner\"><\/span><\/div><div class=\"wpb_gallery wpb_content_element vc_clearfix wpb_content_element wpb_animate_when_almost_visible wpb_fadeIn fadeIn\" ><div class=\"wpb_wrapper\"><div class=\"wpb_gallery_slides wpb_flexslider flexslider_fade flexslider\" data-interval=\"3\" data-flex_fx=\"fade\"><ul class=\"slides\"><li><a class=\"\" href=\"https:\/\/amian-collectioncars.com\/wp-content\/uploads\/2023\/02\/FBC05481-1024x668.jpg\" data-lightbox=\"lightbox[rel-6407-3547315294]\"><img loading=\"lazy\" decoding=\"async\" width=\"1600\" height=\"1043\" src=\"https:\/\/amian-collectioncars.com\/wp-content\/uploads\/2023\/02\/FBC05481.jpg\" class=\"attachment-full\" alt=\"\" title=\"FBC05481\" srcset=\"https:\/\/amian-collectioncars.com\/wp-content\/uploads\/2023\/02\/FBC05481.jpg 1600w, https:\/\/amian-collectioncars.com\/wp-content\/uploads\/2023\/02\/FBC05481-300x196.jpg 300w, https:\/\/amian-collectioncars.com\/wp-content\/uploads\/2023\/02\/FBC05481-1024x668.jpg 1024w, https:\/\/amian-collectioncars.com\/wp-content\/uploads\/2023\/02\/FBC05481-768x501.jpg 768w, https:\/\/amian-collectioncars.com\/wp-content\/uploads\/2023\/02\/FBC05481-1536x1001.jpg 1536w, https:\/\/amian-collectioncars.com\/wp-content\/uploads\/2023\/02\/FBC05481-18x12.jpg 18w, https:\/\/amian-collectioncars.com\/wp-content\/uploads\/2023\/02\/FBC05481-1116x727.jpg 1116w, https:\/\/amian-collectioncars.com\/wp-content\/uploads\/2023\/02\/FBC05481-806x525.jpg 806w, https:\/\/amian-collectioncars.com\/wp-content\/uploads\/2023\/02\/FBC05481-558x364.jpg 558w, https:\/\/amian-collectioncars.com\/wp-content\/uploads\/2023\/02\/FBC05481-655x427.jpg 655w, https:\/\/amian-collectioncars.com\/wp-content\/uploads\/2023\/02\/FBC05481-820x535.jpg 820w\" sizes=\"auto, (max-width: 1600px) 100vw, 1600px\" \/><\/a><\/li><li><a class=\"\" href=\"https:\/\/amian-collectioncars.com\/wp-content\/uploads\/2023\/02\/FBC05478-1-1024x668.jpg\" data-lightbox=\"lightbox[rel-6407-3547315294]\"><img loading=\"lazy\" decoding=\"async\" width=\"1600\" height=\"1043\" src=\"https:\/\/amian-collectioncars.com\/wp-content\/uploads\/2023\/02\/FBC05478-1.jpg\" class=\"attachment-full\" alt=\"\" title=\"FBC05478\" srcset=\"https:\/\/amian-collectioncars.com\/wp-content\/uploads\/2023\/02\/FBC05478-1.jpg 1600w, https:\/\/amian-collectioncars.com\/wp-content\/uploads\/2023\/02\/FBC05478-1-300x196.jpg 300w, https:\/\/amian-collectioncars.com\/wp-content\/uploads\/2023\/02\/FBC05478-1-1024x668.jpg 1024w, https:\/\/amian-collectioncars.com\/wp-content\/uploads\/2023\/02\/FBC05478-1-768x501.jpg 768w, https:\/\/amian-collectioncars.com\/wp-content\/uploads\/2023\/02\/FBC05478-1-1536x1001.jpg 1536w, https:\/\/amian-collectioncars.com\/wp-content\/uploads\/2023\/02\/FBC05478-1-18x12.jpg 18w, https:\/\/amian-collectioncars.com\/wp-content\/uploads\/2023\/02\/FBC05478-1-1116x727.jpg 1116w, https:\/\/amian-collectioncars.com\/wp-content\/uploads\/2023\/02\/FBC05478-1-806x525.jpg 806w, https:\/\/amian-collectioncars.com\/wp-content\/uploads\/2023\/02\/FBC05478-1-558x364.jpg 558w, https:\/\/amian-collectioncars.com\/wp-content\/uploads\/2023\/02\/FBC05478-1-655x427.jpg 655w, https:\/\/amian-collectioncars.com\/wp-content\/uploads\/2023\/02\/FBC05478-1-820x535.jpg 820w\" sizes=\"auto, (max-width: 1600px) 100vw, 1600px\" \/><\/a><\/li><\/ul><\/div><\/div><\/div><div class=\"vc_tta-container\" data-vc-action=\"collapse\"><div class=\"vc_general vc_tta vc_tta-accordion vc_tta-color-black vc_tta-style-flat vc_tta-shape-rounded vc_tta-o-shape-group vc_tta-controls-align-default\"><div class=\"vc_tta-panels-container\"><div class=\"vc_tta-panels\"><div class=\"vc_tta-panel vc_active\" id=\"1672748756359-2e98a2f7-55eb\" data-vc-content=\".vc_tta-panel-body\"><div class=\"vc_tta-panel-heading\"><h4 class=\"vc_tta-panel-title vc_tta-controls-icon-position-left\"><a href=\"#1672748756359-2e98a2f7-55eb\" data-vc-accordion data-vc-container=\".vc_tta-container\"><span class=\"vc_tta-title-text\">Lackierungen<\/span><i class=\"vc_tta-controls-icon vc_tta-controls-icon-plus\"><\/i><\/a><\/h4><\/div><div class=\"vc_tta-panel-body\">\n\t<div class=\"wpb_text_column wpb_content_element\" >\n\t\t<div class=\"wpb_wrapper\">\n\t\t\t<p>Unsere erfahrenen Lackierer restaurieren den Lack Ihres Wagens mit gr\u00f6\u00dfter Pr\u00e4zision, indem sie Steinschl\u00e4ge, Kratzer oder Blasen fachgerecht behandeln. Unsere Lackierungen sind von Werkslackierungen nicht zu unterscheiden.<\/p>\n\n\t\t<\/div>\n\t<\/div>\n<\/div><\/div><div class=\"vc_tta-panel\" id=\"1680368328650-a7dcffda-26bf\" data-vc-content=\".vc_tta-panel-body\"><div class=\"vc_tta-panel-heading\"><h4 class=\"vc_tta-panel-title vc_tta-controls-icon-position-left\"><a href=\"#1680368328650-a7dcffda-26bf\" data-vc-accordion data-vc-container=\".vc_tta-container\"><span class=\"vc_tta-title-text\">Felgenreparatur<\/span><i class=\"vc_tta-controls-icon vc_tta-controls-icon-plus\"><\/i><\/a><\/h4><\/div><div class=\"vc_tta-panel-body\">\n\t<div class=\"wpb_text_column wpb_content_element\" >\n\t\t<div class=\"wpb_wrapper\">\n\t\t\t<div class=\"vc_tta-panel-heading\"><\/div>\n<div class=\"vc_tta-panel-body\">\n<div class=\"wpb_text_column wpb_content_element post-formatting \">\n<div class=\"wpb_wrapper\">\n<p>Um angekratzte Felgen aufzuarbeiten, bieten wir umfassende Leistungen an: Reinigung, Vermessung, Reparatur, Lackierung und Pulverbeschichtung. Schicken Sie nur die Felgen oder bringen Sie den Wagen, Sie haben die Wahl.<\/p>\n<\/div>\n<\/div>\n<\/div>\n\n\t\t<\/div>\n\t<\/div>\n<\/div><\/div><\/div><\/div><\/div><\/div>\n\t<div class=\"wpb_text_column wpb_content_element\" >\n\t\t<div class=\"wpb_wrapper\">\n\t\t\t<p>Wenn Sie einen Termin bei unseren Experten f\u00fcr Lackpflege buchen m\u00f6chten, schreiben Sie gerne jederzeit an <a class=\"\" href=\"mailto:info@amian-collectioncars.com\">info@amian-collectioncars.com<\/a>.<\/p>\n\n\t\t<\/div>\n\t<\/div>\n<div class=\"lab-auto-type auto-type-element\"><h4><div class=\"lab-autotype-text-entry\" id=\"el_coz1e\"><\/div><\/h4><\/div><div class=\"vc_empty_space\"   style=\"height: 40px\"><span class=\"vc_empty_space_inner\"><\/span><\/div><\/div><\/div><\/div><\/div><\/div><div class=\"vc-row-container container\"><div class=\"vc_row wpb_row vc_row-fluid vc_custom_1664128096155 vc_row-has-fill vc_row-o-content-middle vc_row-flex\"><div class=\"content-column--large wpb_column vc_column_container vc_col-sm-12\"><div class=\"vc_column-inner vc_custom_1664125491239\"><div class=\"wpb_wrapper\"><\/div><\/div><\/div><\/div><\/div>\n<\/div><\/div>","protected":false},"excerpt":{"rendered":"Lackier- und Karosseriearbeiten Wir \u00fcbernehmen Resprays und individuelle Neulackierungen. In rund zwei Wochen nehmen unsere Lackierer im Studio vor Ort Anpassungen und Restaurierungen vor. Die Farbe des Lacks wird zu 100 % der Ihres Wagens angepasst, um Steinschlag, Kratzer oder verblasste Stellen auszugleichen \u2013 mit absoluter Pr\u00e4zision, die von der\u00a0Werkslackierung nicht zu unterscheiden ist. Sie&hellip;","protected":false},"author":2,"featured_media":9278,"parent":0,"menu_order":0,"comment_status":"closed","ping_status":"closed","template":"","meta":{"_acf_changed":false,"inline_featured_image":false,"footnotes":""},"class_list":["post-6407","page","type-page","status-publish","has-post-thumbnail","hentry"],"acf":[],"yoast_head":"<!-- This site is optimized with the Yoast SEO plugin v27.4 - https:\/\/yoast.com\/product\/yoast-seo-wordpress\/ -->\n<title>Lackierarbeiten - Amian Collection Cars<\/title>\n<meta name=\"description\" content=\"Ein Blick f\u00fcr Details zeichnet das Team von Amian Collection Cars aus.\" \/>\n<meta name=\"robots\" content=\"index, follow, max-snippet:-1, max-image-preview:large, max-video-preview:-1\" \/>\n<link rel=\"canonical\" href=\"https:\/\/amian-collectioncars.com\/en\/lackierarbeiten\/\" \/>\n<meta property=\"og:locale\" content=\"en_GB\" \/>\n<meta property=\"og:type\" content=\"article\" \/>\n<meta property=\"og:title\" content=\"Lackierarbeiten - Amian Collection Cars\" \/>\n<meta property=\"og:description\" content=\"Ein Blick f\u00fcr Details zeichnet das Team von Amian Collection Cars aus.\" \/>\n<meta property=\"og:url\" content=\"https:\/\/amian-collectioncars.com\/en\/lackierarbeiten\/\" \/>\n<meta property=\"og:site_name\" content=\"Amian Collection Cars\" \/>\n<meta property=\"article:modified_time\" content=\"2025-12-14T17:50:46+00:00\" \/>\n<meta property=\"og:image\" content=\"https:\/\/amian-collectioncars.com\/wp-content\/uploads\/2025\/12\/FBC05489.jpg\" \/>\n\t<meta property=\"og:image:width\" content=\"1920\" \/>\n\t<meta property=\"og:image:height\" content=\"668\" \/>\n\t<meta property=\"og:image:type\" content=\"image\/jpeg\" \/>\n<meta name=\"twitter:card\" content=\"summary_large_image\" \/>\n<meta name=\"twitter:label1\" content=\"Estimated reading time\" \/>\n\t<meta name=\"twitter:data1\" content=\"3 minutes\" \/>\n<script type=\"application\/ld+json\" class=\"yoast-schema-graph\">{\"@context\":\"https:\\\/\\\/schema.org\",\"@graph\":[{\"@type\":\"WebPage\",\"@id\":\"https:\\\/\\\/amian-collectioncars.com\\\/lackierarbeiten\\\/\",\"url\":\"https:\\\/\\\/amian-collectioncars.com\\\/lackierarbeiten\\\/\",\"name\":\"Lackierarbeiten - Amian Collection Cars\",\"isPartOf\":{\"@id\":\"https:\\\/\\\/amian-collectioncars.com\\\/en\\\/#website\"},\"primaryImageOfPage\":{\"@id\":\"https:\\\/\\\/amian-collectioncars.com\\\/lackierarbeiten\\\/#primaryimage\"},\"image\":{\"@id\":\"https:\\\/\\\/amian-collectioncars.com\\\/lackierarbeiten\\\/#primaryimage\"},\"thumbnailUrl\":\"https:\\\/\\\/amian-collectioncars.com\\\/wp-content\\\/uploads\\\/2025\\\/12\\\/FBC05489.jpg\",\"datePublished\":\"2023-02-16T18:00:24+00:00\",\"dateModified\":\"2025-12-14T17:50:46+00:00\",\"description\":\"Ein Blick f\u00fcr Details zeichnet das Team von Amian Collection Cars aus.\",\"breadcrumb\":{\"@id\":\"https:\\\/\\\/amian-collectioncars.com\\\/lackierarbeiten\\\/#breadcrumb\"},\"inLanguage\":\"en-GB\",\"potentialAction\":[{\"@type\":\"ReadAction\",\"target\":[\"https:\\\/\\\/amian-collectioncars.com\\\/lackierarbeiten\\\/\"]}]},{\"@type\":\"ImageObject\",\"inLanguage\":\"en-GB\",\"@id\":\"https:\\\/\\\/amian-collectioncars.com\\\/lackierarbeiten\\\/#primaryimage\",\"url\":\"https:\\\/\\\/amian-collectioncars.com\\\/wp-content\\\/uploads\\\/2025\\\/12\\\/FBC05489.jpg\",\"contentUrl\":\"https:\\\/\\\/amian-collectioncars.com\\\/wp-content\\\/uploads\\\/2025\\\/12\\\/FBC05489.jpg\",\"width\":1920,\"height\":668},{\"@type\":\"BreadcrumbList\",\"@id\":\"https:\\\/\\\/amian-collectioncars.com\\\/lackierarbeiten\\\/#breadcrumb\",\"itemListElement\":[{\"@type\":\"ListItem\",\"position\":1,\"name\":\"Startseite\",\"item\":\"https:\\\/\\\/amian-collectioncars.com\\\/\"},{\"@type\":\"ListItem\",\"position\":2,\"name\":\"Lackierarbeiten\"}]},{\"@type\":\"WebSite\",\"@id\":\"https:\\\/\\\/amian-collectioncars.com\\\/en\\\/#website\",\"url\":\"https:\\\/\\\/amian-collectioncars.com\\\/en\\\/\",\"name\":\"Amian Collection Cars\",\"description\":\"Amian Exclusive Cars aus K\u00f6ln\",\"potentialAction\":[{\"@type\":\"SearchAction\",\"target\":{\"@type\":\"EntryPoint\",\"urlTemplate\":\"https:\\\/\\\/amian-collectioncars.com\\\/en\\\/?s={search_term_string}\"},\"query-input\":{\"@type\":\"PropertyValueSpecification\",\"valueRequired\":true,\"valueName\":\"search_term_string\"}}],\"inLanguage\":\"en-GB\"}]}<\/script>\n<!-- \/ Yoast SEO plugin. -->","yoast_head_json":{"title":"Lackierarbeiten - Amian Collection Cars","description":"Ein Blick f\u00fcr Details zeichnet das Team von Amian Collection Cars aus.","robots":{"index":"index","follow":"follow","max-snippet":"max-snippet:-1","max-image-preview":"max-image-preview:large","max-video-preview":"max-video-preview:-1"},"canonical":"https:\/\/amian-collectioncars.com\/en\/lackierarbeiten\/","og_locale":"en_GB","og_type":"article","og_title":"Lackierarbeiten - Amian Collection Cars","og_description":"Ein Blick f\u00fcr Details zeichnet das Team von Amian Collection Cars aus.","og_url":"https:\/\/amian-collectioncars.com\/en\/lackierarbeiten\/","og_site_name":"Amian Collection Cars","article_modified_time":"2025-12-14T17:50:46+00:00","og_image":[{"width":1920,"height":668,"url":"https:\/\/amian-collectioncars.com\/wp-content\/uploads\/2025\/12\/FBC05489.jpg","type":"image\/jpeg"}],"twitter_card":"summary_large_image","twitter_misc":{"Estimated reading time":"3 minutes"},"schema":{"@context":"https:\/\/schema.org","@graph":[{"@type":"WebPage","@id":"https:\/\/amian-collectioncars.com\/lackierarbeiten\/","url":"https:\/\/amian-collectioncars.com\/lackierarbeiten\/","name":"Lackierarbeiten - Amian Collection Cars","isPartOf":{"@id":"https:\/\/amian-collectioncars.com\/en\/#website"},"primaryImageOfPage":{"@id":"https:\/\/amian-collectioncars.com\/lackierarbeiten\/#primaryimage"},"image":{"@id":"https:\/\/amian-collectioncars.com\/lackierarbeiten\/#primaryimage"},"thumbnailUrl":"https:\/\/amian-collectioncars.com\/wp-content\/uploads\/2025\/12\/FBC05489.jpg","datePublished":"2023-02-16T18:00:24+00:00","dateModified":"2025-12-14T17:50:46+00:00","description":"Ein Blick f\u00fcr Details zeichnet das Team von Amian Collection Cars aus.","breadcrumb":{"@id":"https:\/\/amian-collectioncars.com\/lackierarbeiten\/#breadcrumb"},"inLanguage":"en-GB","potentialAction":[{"@type":"ReadAction","target":["https:\/\/amian-collectioncars.com\/lackierarbeiten\/"]}]},{"@type":"ImageObject","inLanguage":"en-GB","@id":"https:\/\/amian-collectioncars.com\/lackierarbeiten\/#primaryimage","url":"https:\/\/amian-collectioncars.com\/wp-content\/uploads\/2025\/12\/FBC05489.jpg","contentUrl":"https:\/\/amian-collectioncars.com\/wp-content\/uploads\/2025\/12\/FBC05489.jpg","width":1920,"height":668},{"@type":"BreadcrumbList","@id":"https:\/\/amian-collectioncars.com\/lackierarbeiten\/#breadcrumb","itemListElement":[{"@type":"ListItem","position":1,"name":"Startseite","item":"https:\/\/amian-collectioncars.com\/"},{"@type":"ListItem","position":2,"name":"Lackierarbeiten"}]},{"@type":"WebSite","@id":"https:\/\/amian-collectioncars.com\/en\/#website","url":"https:\/\/amian-collectioncars.com\/en\/","name":"Amian Collection Cars","description":"Amian Exclusive Cars aus K\u00f6ln","potentialAction":[{"@type":"SearchAction","target":{"@type":"EntryPoint","urlTemplate":"https:\/\/amian-collectioncars.com\/en\/?s={search_term_string}"},"query-input":{"@type":"PropertyValueSpecification","valueRequired":true,"valueName":"search_term_string"}}],"inLanguage":"en-GB"}]}},"jetpack_sharing_enabled":true,"_links":{"self":[{"href":"https:\/\/amian-collectioncars.com\/en\/wp-json\/wp\/v2\/pages\/6407","targetHints":{"allow":["GET"]}}],"collection":[{"href":"https:\/\/amian-collectioncars.com\/en\/wp-json\/wp\/v2\/pages"}],"about":[{"href":"https:\/\/amian-collectioncars.com\/en\/wp-json\/wp\/v2\/types\/page"}],"author":[{"embeddable":true,"href":"https:\/\/amian-collectioncars.com\/en\/wp-json\/wp\/v2\/users\/2"}],"replies":[{"embeddable":true,"href":"https:\/\/amian-collectioncars.com\/en\/wp-json\/wp\/v2\/comments?post=6407"}],"version-history":[{"count":23,"href":"https:\/\/amian-collectioncars.com\/en\/wp-json\/wp\/v2\/pages\/6407\/revisions"}],"predecessor-version":[{"id":9306,"href":"https:\/\/amian-collectioncars.com\/en\/wp-json\/wp\/v2\/pages\/6407\/revisions\/9306"}],"wp:featuredmedia":[{"embeddable":true,"href":"https:\/\/amian-collectioncars.com\/en\/wp-json\/wp\/v2\/media\/9278"}],"wp:attachment":[{"href":"https:\/\/amian-collectioncars.com\/en\/wp-json\/wp\/v2\/media?parent=6407"}],"curies":[{"name":"wp","href":"https:\/\/api.w.org\/{rel}","templated":true}]}}