{"id":6384,"date":"2023-02-11T11:55:41","date_gmt":"2023-02-11T11:55:41","guid":{"rendered":"https:\/\/amian-collectioncars.com\/?page_id=6384"},"modified":"2025-12-14T18:56:53","modified_gmt":"2025-12-14T17:56:53","slug":"lackschutzfolierung","status":"publish","type":"page","link":"https:\/\/amian-collectioncars.com\/en\/lackschutzfolierung\/","title":{"rendered":"Paint protection film"},"content":{"rendered":"<div class=\"theme-lightbox\"><div class=\"wpb-content-wrapper\"><div class=\"vc-row-container row-stretch parent--page-title-banner parent--page-title-banner--50\"><div data-vc-full-width=\"true\"  data-vc-full-width-init=\"false\" class=\"vc_row wpb_row vc_row-fluid page-title-banner page-title-banner--50 vc_custom_1765734938948 vc_row-has-fill vc_row-o-content-bottom vc_row-flex\"><div class=\"wpb_column vc_column_container vc_col-sm-12\"><div class=\"vc_column-inner\"><div class=\"wpb_wrapper\"><h2 style=\"color: #ffffff;text-align: left\" class=\"vc_custom_heading vc_do_custom_heading h2--center-bottom wpb_animate_when_almost_visible wpb_fadeInUp fadeInUp\" >Lackschutzfolierung<\/h2><\/div><\/div><\/div><\/div><\/div><div class=\"vc-row-container container\"><div class=\"vc_row wpb_row vc_row-fluid vc_custom_1664128096155 vc_row-has-fill vc_row-o-content-middle vc_row-flex\"><div class=\"content-column--large wpb_column vc_column_container vc_col-sm-12\"><div class=\"vc_column-inner vc_custom_1664125491239\"><div class=\"wpb_wrapper\">\n\t<div class=\"wpb_text_column wpb_content_element intro-text\" >\n\t\t<div class=\"wpb_wrapper\">\n\t\t\t<p>F\u00fcr die Erhaltung Ihrer automobilen Wertanlage.<\/p>\n\n\t\t<\/div>\n\t<\/div>\n\n\t<div class=\"wpb_text_column wpb_content_element\" >\n\t\t<div class=\"wpb_wrapper\">\n\t\t\t<p><span style=\"color: #000000;\">Amian Collection Cars versteht sich als professioneller Ansprechpartner in allen Fragen rund um Ihr Luxusfahrzeug. Lackschutz ist ein wichtiges Thema f\u00fcr unsere Kunden. In unserer hochmodernen Werkstatt bieten deshalb erfahrene Fachleute die weltweit f\u00fchrenden Techniken f\u00fcr Lackschutzfolierung von Classic und Luxury Cars an.\u00a0<\/span><\/p>\n<p><span style=\"color: #000000;\">Wir garantieren gr\u00f6\u00dftm\u00f6gliche Qualit\u00e4t. Fragen Sie nach unseren in Deutschland einzigartigen Servicepaketen f\u00fcr die Werterhaltung Ihrer automobilen Wertanlage \u2013 von Lackpflege bis Lackschutz \u2013 innen wie au\u00dfen.<\/span><\/p>\n\n\t\t<\/div>\n\t<\/div>\n<h2 style=\"text-align: left\" class=\"vc_custom_heading vc_do_custom_heading\" >Das bieten wir<\/h2>\n\t<div class=\"wpb_text_column wpb_content_element\" >\n\t\t<div class=\"wpb_wrapper\">\n\t\t\t<ul>\n<li style=\"list-style-type: none;\">\n<ul>\n<li style=\"list-style-type: none;\">\n<ul>\n<li>Folierung von Sto\u00dfstangen<\/li>\n<li>Vollst\u00e4ndige Frontabdeckung<\/li>\n<li>Abdeckung aller lackierten Au\u00dfenteile<\/li>\n<li>Abholung und R\u00fccklieferung<\/li>\n<\/ul>\n<\/li>\n<\/ul>\n<\/li>\n<\/ul>\n\n\t\t<\/div>\n\t<\/div>\n<div class=\"vc_empty_space\"   style=\"height: 5px\"><span class=\"vc_empty_space_inner\"><\/span><\/div><div class=\"wpb_gallery wpb_content_element vc_clearfix wpb_content_element wpb_animate_when_almost_visible wpb_fadeIn fadeIn\" ><div class=\"wpb_wrapper\"><div class=\"wpb_gallery_slides wpb_flexslider flexslider_fade flexslider\" data-interval=\"3\" data-flex_fx=\"fade\"><ul class=\"slides\"><li><a class=\"\" href=\"https:\/\/amian-collectioncars.com\/wp-content\/uploads\/2023\/02\/Foiling2_Web-1024x732.jpg\" data-lightbox=\"lightbox[rel-6384-1262696998]\"><img loading=\"lazy\" decoding=\"async\" width=\"1600\" height=\"1143\" src=\"https:\/\/amian-collectioncars.com\/wp-content\/uploads\/2023\/02\/Foiling2_Web.jpg\" class=\"attachment-full\" alt=\"\" title=\"Foiling2_Web\" srcset=\"https:\/\/amian-collectioncars.com\/wp-content\/uploads\/2023\/02\/Foiling2_Web.jpg 1600w, https:\/\/amian-collectioncars.com\/wp-content\/uploads\/2023\/02\/Foiling2_Web-300x214.jpg 300w, https:\/\/amian-collectioncars.com\/wp-content\/uploads\/2023\/02\/Foiling2_Web-1024x732.jpg 1024w, https:\/\/amian-collectioncars.com\/wp-content\/uploads\/2023\/02\/Foiling2_Web-768x549.jpg 768w, https:\/\/amian-collectioncars.com\/wp-content\/uploads\/2023\/02\/Foiling2_Web-1536x1097.jpg 1536w, https:\/\/amian-collectioncars.com\/wp-content\/uploads\/2023\/02\/Foiling2_Web-18x12.jpg 18w, https:\/\/amian-collectioncars.com\/wp-content\/uploads\/2023\/02\/Foiling2_Web-1116x797.jpg 1116w, https:\/\/amian-collectioncars.com\/wp-content\/uploads\/2023\/02\/Foiling2_Web-806x576.jpg 806w, https:\/\/amian-collectioncars.com\/wp-content\/uploads\/2023\/02\/Foiling2_Web-558x399.jpg 558w, https:\/\/amian-collectioncars.com\/wp-content\/uploads\/2023\/02\/Foiling2_Web-655x468.jpg 655w, https:\/\/amian-collectioncars.com\/wp-content\/uploads\/2023\/02\/Foiling2_Web-820x586.jpg 820w\" sizes=\"auto, (max-width: 1600px) 100vw, 1600px\" \/><\/a><\/li><li><a class=\"\" href=\"https:\/\/amian-collectioncars.com\/wp-content\/uploads\/2023\/02\/Foiling-3_Web-1024x732.jpg\" data-lightbox=\"lightbox[rel-6384-1262696998]\"><img loading=\"lazy\" decoding=\"async\" width=\"1600\" height=\"1143\" src=\"https:\/\/amian-collectioncars.com\/wp-content\/uploads\/2023\/02\/Foiling-3_Web.jpg\" class=\"attachment-full\" alt=\"\" title=\"Foiling-3_Web\" srcset=\"https:\/\/amian-collectioncars.com\/wp-content\/uploads\/2023\/02\/Foiling-3_Web.jpg 1600w, https:\/\/amian-collectioncars.com\/wp-content\/uploads\/2023\/02\/Foiling-3_Web-300x214.jpg 300w, https:\/\/amian-collectioncars.com\/wp-content\/uploads\/2023\/02\/Foiling-3_Web-1024x732.jpg 1024w, https:\/\/amian-collectioncars.com\/wp-content\/uploads\/2023\/02\/Foiling-3_Web-768x549.jpg 768w, https:\/\/amian-collectioncars.com\/wp-content\/uploads\/2023\/02\/Foiling-3_Web-1536x1097.jpg 1536w, https:\/\/amian-collectioncars.com\/wp-content\/uploads\/2023\/02\/Foiling-3_Web-18x12.jpg 18w, https:\/\/amian-collectioncars.com\/wp-content\/uploads\/2023\/02\/Foiling-3_Web-1116x797.jpg 1116w, https:\/\/amian-collectioncars.com\/wp-content\/uploads\/2023\/02\/Foiling-3_Web-806x576.jpg 806w, https:\/\/amian-collectioncars.com\/wp-content\/uploads\/2023\/02\/Foiling-3_Web-558x399.jpg 558w, https:\/\/amian-collectioncars.com\/wp-content\/uploads\/2023\/02\/Foiling-3_Web-655x468.jpg 655w, https:\/\/amian-collectioncars.com\/wp-content\/uploads\/2023\/02\/Foiling-3_Web-820x586.jpg 820w\" sizes=\"auto, (max-width: 1600px) 100vw, 1600px\" \/><\/a><\/li><\/ul><\/div><\/div><\/div><div class=\"vc_tta-container\" data-vc-action=\"collapse\"><div class=\"vc_general vc_tta vc_tta-accordion vc_tta-color-black vc_tta-style-flat vc_tta-shape-rounded vc_tta-o-shape-group vc_tta-controls-align-default\"><div class=\"vc_tta-panels-container\"><div class=\"vc_tta-panels\"><div class=\"vc_tta-panel vc_active\" id=\"1672748586765-28003c41-0de5\" data-vc-content=\".vc_tta-panel-body\"><div class=\"vc_tta-panel-heading\"><h4 class=\"vc_tta-panel-title vc_tta-controls-icon-position-left\"><a href=\"#1672748586765-28003c41-0de5\" data-vc-accordion data-vc-container=\".vc_tta-container\"><span class=\"vc_tta-title-text\">Schutzfolierung<\/span><i class=\"vc_tta-controls-icon vc_tta-controls-icon-plus\"><\/i><\/a><\/h4><\/div><div class=\"vc_tta-panel-body\">\n\t<div class=\"wpb_text_column wpb_content_element\" >\n\t\t<div class=\"wpb_wrapper\">\n\t\t\t<p>Lackschutzfolien wurden urspr\u00fcnglich vom US-Milit\u00e4r konzipiert, um Hubschrauberrotoren zu sch\u00fctzen. Heute wird damit Autolack langlebig versiegelt. Moderne PPF-Folien sind beinahe unsichtbar. Sie bieten Schutz vor Steinschlag, Abrieb, UV-Strahlung und Witterung. Design, Passform und Optik unserer modernen Folien dienen dazu, Ihre automobile Investition langfristig werthaltig zu bewahren.<\/p>\n\n\t\t<\/div>\n\t<\/div>\n<\/div><\/div><\/div><\/div><\/div><\/div>\n\t<div class=\"wpb_text_column wpb_content_element\" >\n\t\t<div class=\"wpb_wrapper\">\n\t\t\t<p>Wenn Sie einen Termin bei unseren Experten f\u00fcr Lackschutz und -pflege buchen m\u00f6chten, schreiben Sie gerne jederzeit an <a class=\"\" href=\"mailto:info@amian-collectioncars.com\">info@amian-collectioncars.com<\/a>.<\/p>\n\n\t\t<\/div>\n\t<\/div>\n<div class=\"lab-auto-type auto-type-element\"><h4><div class=\"lab-autotype-text-entry\" id=\"el_so39z\"><\/div><\/h4><\/div><div class=\"vc_empty_space\"   style=\"height: 40px\"><span class=\"vc_empty_space_inner\"><\/span><\/div><\/div><\/div><\/div><\/div><\/div><div class=\"vc-row-container container\"><div class=\"vc_row wpb_row vc_row-fluid vc_custom_1664128096155 vc_row-has-fill vc_row-o-content-middle vc_row-flex\"><div class=\"content-column--large wpb_column vc_column_container vc_col-sm-12\"><div class=\"vc_column-inner vc_custom_1664125491239\"><div class=\"wpb_wrapper\"><\/div><\/div><\/div><\/div><\/div>\n<\/div><\/div>","protected":false},"excerpt":{"rendered":"Lackschutzfolierung F\u00fcr die Erhaltung Ihrer automobilen Wertanlage. Amian Collection Cars versteht sich als professioneller Ansprechpartner in allen Fragen rund um Ihr Luxusfahrzeug. Lackschutz ist ein wichtiges Thema f\u00fcr unsere Kunden. In unserer hochmodernen Werkstatt bieten deshalb erfahrene Fachleute die weltweit f\u00fchrenden Techniken f\u00fcr Lackschutzfolierung von Classic und Luxury Cars an.\u00a0 Wir garantieren gr\u00f6\u00dftm\u00f6gliche Qualit\u00e4t. Fragen&hellip;","protected":false},"author":2,"featured_media":9280,"parent":0,"menu_order":0,"comment_status":"closed","ping_status":"closed","template":"","meta":{"_acf_changed":false,"inline_featured_image":false,"footnotes":""},"class_list":["post-6384","page","type-page","status-publish","has-post-thumbnail","hentry"],"acf":[],"yoast_head":"<!-- This site is optimized with the Yoast SEO plugin v27.4 - https:\/\/yoast.com\/product\/yoast-seo-wordpress\/ -->\n<title>Lackschutzfolierung - Amian Collection Cars<\/title>\n<meta name=\"description\" content=\"Lackschutz ist ein wichtiges Thema f\u00fcr unsere Kunden.\" \/>\n<meta name=\"robots\" content=\"index, follow, max-snippet:-1, max-image-preview:large, max-video-preview:-1\" \/>\n<link rel=\"canonical\" href=\"https:\/\/amian-collectioncars.com\/en\/lackschutzfolierung\/\" \/>\n<meta property=\"og:locale\" content=\"en_GB\" \/>\n<meta property=\"og:type\" content=\"article\" \/>\n<meta property=\"og:title\" content=\"Lackschutzfolierung - Amian Collection Cars\" \/>\n<meta property=\"og:description\" content=\"Lackschutz ist ein wichtiges Thema f\u00fcr unsere Kunden.\" \/>\n<meta property=\"og:url\" content=\"https:\/\/amian-collectioncars.com\/en\/lackschutzfolierung\/\" \/>\n<meta property=\"og:site_name\" content=\"Amian Collection Cars\" \/>\n<meta property=\"article:modified_time\" content=\"2025-12-14T17:56:53+00:00\" \/>\n<meta property=\"og:image\" content=\"https:\/\/amian-collectioncars.com\/wp-content\/uploads\/2025\/12\/Banner_Foling-blackwhite.jpg\" \/>\n\t<meta property=\"og:image:width\" content=\"1920\" \/>\n\t<meta property=\"og:image:height\" content=\"668\" \/>\n\t<meta property=\"og:image:type\" content=\"image\/jpeg\" \/>\n<meta name=\"twitter:card\" content=\"summary_large_image\" \/>\n<meta name=\"twitter:label1\" content=\"Estimated reading time\" \/>\n\t<meta name=\"twitter:data1\" content=\"2 minutes\" \/>\n<script type=\"application\/ld+json\" class=\"yoast-schema-graph\">{\"@context\":\"https:\\\/\\\/schema.org\",\"@graph\":[{\"@type\":\"WebPage\",\"@id\":\"https:\\\/\\\/amian-collectioncars.com\\\/lackschutzfolierung\\\/\",\"url\":\"https:\\\/\\\/amian-collectioncars.com\\\/lackschutzfolierung\\\/\",\"name\":\"Lackschutzfolierung - Amian Collection Cars\",\"isPartOf\":{\"@id\":\"https:\\\/\\\/amian-collectioncars.com\\\/en\\\/#website\"},\"primaryImageOfPage\":{\"@id\":\"https:\\\/\\\/amian-collectioncars.com\\\/lackschutzfolierung\\\/#primaryimage\"},\"image\":{\"@id\":\"https:\\\/\\\/amian-collectioncars.com\\\/lackschutzfolierung\\\/#primaryimage\"},\"thumbnailUrl\":\"https:\\\/\\\/amian-collectioncars.com\\\/wp-content\\\/uploads\\\/2025\\\/12\\\/Banner_Foling-blackwhite.jpg\",\"datePublished\":\"2023-02-11T11:55:41+00:00\",\"dateModified\":\"2025-12-14T17:56:53+00:00\",\"description\":\"Lackschutz ist ein wichtiges Thema f\u00fcr unsere Kunden.\",\"breadcrumb\":{\"@id\":\"https:\\\/\\\/amian-collectioncars.com\\\/lackschutzfolierung\\\/#breadcrumb\"},\"inLanguage\":\"en-GB\",\"potentialAction\":[{\"@type\":\"ReadAction\",\"target\":[\"https:\\\/\\\/amian-collectioncars.com\\\/lackschutzfolierung\\\/\"]}]},{\"@type\":\"ImageObject\",\"inLanguage\":\"en-GB\",\"@id\":\"https:\\\/\\\/amian-collectioncars.com\\\/lackschutzfolierung\\\/#primaryimage\",\"url\":\"https:\\\/\\\/amian-collectioncars.com\\\/wp-content\\\/uploads\\\/2025\\\/12\\\/Banner_Foling-blackwhite.jpg\",\"contentUrl\":\"https:\\\/\\\/amian-collectioncars.com\\\/wp-content\\\/uploads\\\/2025\\\/12\\\/Banner_Foling-blackwhite.jpg\",\"width\":1920,\"height\":668},{\"@type\":\"BreadcrumbList\",\"@id\":\"https:\\\/\\\/amian-collectioncars.com\\\/lackschutzfolierung\\\/#breadcrumb\",\"itemListElement\":[{\"@type\":\"ListItem\",\"position\":1,\"name\":\"Startseite\",\"item\":\"https:\\\/\\\/amian-collectioncars.com\\\/\"},{\"@type\":\"ListItem\",\"position\":2,\"name\":\"Lackschutzfolierung\"}]},{\"@type\":\"WebSite\",\"@id\":\"https:\\\/\\\/amian-collectioncars.com\\\/en\\\/#website\",\"url\":\"https:\\\/\\\/amian-collectioncars.com\\\/en\\\/\",\"name\":\"Amian Collection Cars\",\"description\":\"Amian Exclusive Cars aus K\u00f6ln\",\"potentialAction\":[{\"@type\":\"SearchAction\",\"target\":{\"@type\":\"EntryPoint\",\"urlTemplate\":\"https:\\\/\\\/amian-collectioncars.com\\\/en\\\/?s={search_term_string}\"},\"query-input\":{\"@type\":\"PropertyValueSpecification\",\"valueRequired\":true,\"valueName\":\"search_term_string\"}}],\"inLanguage\":\"en-GB\"}]}<\/script>\n<!-- \/ Yoast SEO plugin. -->","yoast_head_json":{"title":"Lackschutzfolierung - Amian Collection Cars","description":"Lackschutz ist ein wichtiges Thema f\u00fcr unsere Kunden.","robots":{"index":"index","follow":"follow","max-snippet":"max-snippet:-1","max-image-preview":"max-image-preview:large","max-video-preview":"max-video-preview:-1"},"canonical":"https:\/\/amian-collectioncars.com\/en\/lackschutzfolierung\/","og_locale":"en_GB","og_type":"article","og_title":"Lackschutzfolierung - Amian Collection Cars","og_description":"Lackschutz ist ein wichtiges Thema f\u00fcr unsere Kunden.","og_url":"https:\/\/amian-collectioncars.com\/en\/lackschutzfolierung\/","og_site_name":"Amian Collection Cars","article_modified_time":"2025-12-14T17:56:53+00:00","og_image":[{"width":1920,"height":668,"url":"https:\/\/amian-collectioncars.com\/wp-content\/uploads\/2025\/12\/Banner_Foling-blackwhite.jpg","type":"image\/jpeg"}],"twitter_card":"summary_large_image","twitter_misc":{"Estimated reading time":"2 minutes"},"schema":{"@context":"https:\/\/schema.org","@graph":[{"@type":"WebPage","@id":"https:\/\/amian-collectioncars.com\/lackschutzfolierung\/","url":"https:\/\/amian-collectioncars.com\/lackschutzfolierung\/","name":"Lackschutzfolierung - Amian Collection Cars","isPartOf":{"@id":"https:\/\/amian-collectioncars.com\/en\/#website"},"primaryImageOfPage":{"@id":"https:\/\/amian-collectioncars.com\/lackschutzfolierung\/#primaryimage"},"image":{"@id":"https:\/\/amian-collectioncars.com\/lackschutzfolierung\/#primaryimage"},"thumbnailUrl":"https:\/\/amian-collectioncars.com\/wp-content\/uploads\/2025\/12\/Banner_Foling-blackwhite.jpg","datePublished":"2023-02-11T11:55:41+00:00","dateModified":"2025-12-14T17:56:53+00:00","description":"Lackschutz ist ein wichtiges Thema f\u00fcr unsere Kunden.","breadcrumb":{"@id":"https:\/\/amian-collectioncars.com\/lackschutzfolierung\/#breadcrumb"},"inLanguage":"en-GB","potentialAction":[{"@type":"ReadAction","target":["https:\/\/amian-collectioncars.com\/lackschutzfolierung\/"]}]},{"@type":"ImageObject","inLanguage":"en-GB","@id":"https:\/\/amian-collectioncars.com\/lackschutzfolierung\/#primaryimage","url":"https:\/\/amian-collectioncars.com\/wp-content\/uploads\/2025\/12\/Banner_Foling-blackwhite.jpg","contentUrl":"https:\/\/amian-collectioncars.com\/wp-content\/uploads\/2025\/12\/Banner_Foling-blackwhite.jpg","width":1920,"height":668},{"@type":"BreadcrumbList","@id":"https:\/\/amian-collectioncars.com\/lackschutzfolierung\/#breadcrumb","itemListElement":[{"@type":"ListItem","position":1,"name":"Startseite","item":"https:\/\/amian-collectioncars.com\/"},{"@type":"ListItem","position":2,"name":"Lackschutzfolierung"}]},{"@type":"WebSite","@id":"https:\/\/amian-collectioncars.com\/en\/#website","url":"https:\/\/amian-collectioncars.com\/en\/","name":"Amian Collection Cars","description":"Amian Exclusive Cars aus K\u00f6ln","potentialAction":[{"@type":"SearchAction","target":{"@type":"EntryPoint","urlTemplate":"https:\/\/amian-collectioncars.com\/en\/?s={search_term_string}"},"query-input":{"@type":"PropertyValueSpecification","valueRequired":true,"valueName":"search_term_string"}}],"inLanguage":"en-GB"}]}},"jetpack_sharing_enabled":true,"_links":{"self":[{"href":"https:\/\/amian-collectioncars.com\/en\/wp-json\/wp\/v2\/pages\/6384","targetHints":{"allow":["GET"]}}],"collection":[{"href":"https:\/\/amian-collectioncars.com\/en\/wp-json\/wp\/v2\/pages"}],"about":[{"href":"https:\/\/amian-collectioncars.com\/en\/wp-json\/wp\/v2\/types\/page"}],"author":[{"embeddable":true,"href":"https:\/\/amian-collectioncars.com\/en\/wp-json\/wp\/v2\/users\/2"}],"replies":[{"embeddable":true,"href":"https:\/\/amian-collectioncars.com\/en\/wp-json\/wp\/v2\/comments?post=6384"}],"version-history":[{"count":19,"href":"https:\/\/amian-collectioncars.com\/en\/wp-json\/wp\/v2\/pages\/6384\/revisions"}],"predecessor-version":[{"id":9307,"href":"https:\/\/amian-collectioncars.com\/en\/wp-json\/wp\/v2\/pages\/6384\/revisions\/9307"}],"wp:featuredmedia":[{"embeddable":true,"href":"https:\/\/amian-collectioncars.com\/en\/wp-json\/wp\/v2\/media\/9280"}],"wp:attachment":[{"href":"https:\/\/amian-collectioncars.com\/en\/wp-json\/wp\/v2\/media?parent=6384"}],"curies":[{"name":"wp","href":"https:\/\/api.w.org\/{rel}","templated":true}]}}