{"id":6288,"date":"2023-01-15T14:56:07","date_gmt":"2023-01-15T14:56:07","guid":{"rendered":"https:\/\/amian-collectioncars.com\/?page_id=6288"},"modified":"2025-12-14T18:41:39","modified_gmt":"2025-12-14T17:41:39","slug":"car-storage","status":"publish","type":"page","link":"https:\/\/amian-collectioncars.com\/en\/car-storage\/","title":{"rendered":"Car Storage"},"content":{"rendered":"<div class=\"theme-lightbox\"><div class=\"wpb-content-wrapper\"><div class=\"vc-row-container row-stretch parent--page-title-banner parent--page-title-banner--50\"><div data-vc-full-width=\"true\"  data-vc-full-width-init=\"false\" class=\"vc_row wpb_row vc_row-fluid page-title-banner page-title-banner--50 wpb_animate_when_almost_visible wpb_bottom-to-top bottom-to-top vc_custom_1765733850631 vc_row-has-fill vc_row-o-content-bottom vc_row-flex\"><div class=\"wpb_column vc_column_container vc_col-sm-12\"><div class=\"vc_column-inner\"><div class=\"wpb_wrapper\"><h2 style=\"color: #ffffff;text-align: left\" class=\"vc_custom_heading vc_do_custom_heading h2--center-bottom wpb_animate_when_almost_visible wpb_fadeInUp fadeInUp\" >Fahrzeug\u00adaufbewahrung<\/h2><\/div><\/div><\/div><\/div><\/div><div class=\"vc-row-container container\"><div class=\"vc_row wpb_row vc_row-fluid wpb_animate_when_almost_visible wpb_fadeIn fadeIn vc_custom_1763237614332 vc_row-has-fill vc_row-o-content-middle vc_row-flex\"><div class=\"content-column--large wpb_column vc_column_container vc_col-sm-12\"><div class=\"vc_column-inner vc_custom_1664125491239\"><div class=\"wpb_wrapper\">\n\t<div class=\"wpb_text_column wpb_content_element intro-text\" >\n\t\t<div class=\"wpb_wrapper\">\n\t\t\t<p>Einzigartig im Rheinland. Das Team von Amian Collection Cars ist spezialisiert auf die Lagerung von einzigartigen Supersportwagen und Oldtimern. Der neue Flagship Store des Unternehmens liegt gut erreichbar im f\u00fcr den Rennsport bekannten Kerpen\/Manheim vor den Toren K\u00f6lns. Die Mietdauer richtet sich nach Ihren Anforderungen \u2013 von kurzfristig pro Monat bis langfristig auf Jahre \u2013, damit f\u00fcr alle F\u00e4lle immer die sichere Aufbewahrung Ihrer automobilen Wertanlagen gew\u00e4hrleistet ist.<\/p>\n\n\t\t<\/div>\n\t<\/div>\n<h2 style=\"text-align: left\" class=\"vc_custom_heading vc_do_custom_heading\" >Exklusiv<\/h2>\n\t<div class=\"wpb_text_column wpb_content_element\" >\n\t\t<div class=\"wpb_wrapper\">\n\t\t\t<ul>\n<li>Klimatisierte Stellpl\u00e4tze auf zwei Ebenen<\/li>\n<li>Car Storage auf h\u00f6chstem Sicherheits-Standard<\/li>\n<li>Hochwertige Car Cover<\/li>\n<li>Echtzeit-Fernu\u0308berwachung (innen und au\u00dfen)<\/li>\n<li>Webcam f\u00fcr jeden Stellplatz (optional)<\/li>\n<li>Individuell w\u00e4hlbare Stellplatzabmessung<\/li>\n<\/ul>\n\n\t\t<\/div>\n\t<\/div>\n<div class=\"vc_empty_space\"   style=\"height: 5px\"><span class=\"vc_empty_space_inner\"><\/span><\/div><div class=\"wpb_gallery wpb_content_element vc_clearfix wpb_content_element wpb_animate_when_almost_visible wpb_fadeIn fadeIn\" ><div class=\"wpb_wrapper\"><div class=\"wpb_gallery_slides wpb_flexslider flexslider_fade flexslider\" data-interval=\"3\" data-flex_fx=\"fade\"><ul class=\"slides\"><li><a class=\"\" href=\"https:\/\/amian-collectioncars.com\/wp-content\/uploads\/2023\/01\/Storage-13-1024x732.jpg\" data-lightbox=\"lightbox[rel-6288-2202570607]\"><img loading=\"lazy\" decoding=\"async\" width=\"1600\" height=\"1143\" src=\"https:\/\/amian-collectioncars.com\/wp-content\/uploads\/2023\/01\/Storage-13.jpg\" class=\"attachment-full\" alt=\"\" title=\"Storage-13\" srcset=\"https:\/\/amian-collectioncars.com\/wp-content\/uploads\/2023\/01\/Storage-13.jpg 1600w, https:\/\/amian-collectioncars.com\/wp-content\/uploads\/2023\/01\/Storage-13-300x214.jpg 300w, https:\/\/amian-collectioncars.com\/wp-content\/uploads\/2023\/01\/Storage-13-1024x732.jpg 1024w, https:\/\/amian-collectioncars.com\/wp-content\/uploads\/2023\/01\/Storage-13-768x549.jpg 768w, https:\/\/amian-collectioncars.com\/wp-content\/uploads\/2023\/01\/Storage-13-1536x1097.jpg 1536w, https:\/\/amian-collectioncars.com\/wp-content\/uploads\/2023\/01\/Storage-13-18x12.jpg 18w, https:\/\/amian-collectioncars.com\/wp-content\/uploads\/2023\/01\/Storage-13-1116x797.jpg 1116w, https:\/\/amian-collectioncars.com\/wp-content\/uploads\/2023\/01\/Storage-13-806x576.jpg 806w, https:\/\/amian-collectioncars.com\/wp-content\/uploads\/2023\/01\/Storage-13-558x399.jpg 558w, https:\/\/amian-collectioncars.com\/wp-content\/uploads\/2023\/01\/Storage-13-655x468.jpg 655w, https:\/\/amian-collectioncars.com\/wp-content\/uploads\/2023\/01\/Storage-13-820x586.jpg 820w\" sizes=\"auto, (max-width: 1600px) 100vw, 1600px\" \/><\/a><\/li><li><a class=\"\" href=\"https:\/\/amian-collectioncars.com\/wp-content\/uploads\/2023\/01\/Storage-7-1024x732.jpg\" data-lightbox=\"lightbox[rel-6288-2202570607]\"><img loading=\"lazy\" decoding=\"async\" width=\"1600\" height=\"1144\" src=\"https:\/\/amian-collectioncars.com\/wp-content\/uploads\/2023\/01\/Storage-7.jpg\" class=\"attachment-full\" alt=\"\" title=\"Storage-7\" srcset=\"https:\/\/amian-collectioncars.com\/wp-content\/uploads\/2023\/01\/Storage-7.jpg 1600w, https:\/\/amian-collectioncars.com\/wp-content\/uploads\/2023\/01\/Storage-7-300x215.jpg 300w, https:\/\/amian-collectioncars.com\/wp-content\/uploads\/2023\/01\/Storage-7-1024x732.jpg 1024w, https:\/\/amian-collectioncars.com\/wp-content\/uploads\/2023\/01\/Storage-7-768x549.jpg 768w, https:\/\/amian-collectioncars.com\/wp-content\/uploads\/2023\/01\/Storage-7-1536x1098.jpg 1536w, https:\/\/amian-collectioncars.com\/wp-content\/uploads\/2023\/01\/Storage-7-18x12.jpg 18w, https:\/\/amian-collectioncars.com\/wp-content\/uploads\/2023\/01\/Storage-7-1116x798.jpg 1116w, https:\/\/amian-collectioncars.com\/wp-content\/uploads\/2023\/01\/Storage-7-806x576.jpg 806w, https:\/\/amian-collectioncars.com\/wp-content\/uploads\/2023\/01\/Storage-7-558x399.jpg 558w, https:\/\/amian-collectioncars.com\/wp-content\/uploads\/2023\/01\/Storage-7-655x468.jpg 655w, https:\/\/amian-collectioncars.com\/wp-content\/uploads\/2023\/01\/Storage-7-820x586.jpg 820w\" sizes=\"auto, (max-width: 1600px) 100vw, 1600px\" \/><\/a><\/li><li><a class=\"\" href=\"https:\/\/amian-collectioncars.com\/wp-content\/uploads\/2023\/01\/Storage-8-1024x732.jpg\" data-lightbox=\"lightbox[rel-6288-2202570607]\"><img loading=\"lazy\" decoding=\"async\" width=\"1600\" height=\"1143\" src=\"https:\/\/amian-collectioncars.com\/wp-content\/uploads\/2023\/01\/Storage-8.jpg\" class=\"attachment-full\" alt=\"\" title=\"Storage-8\" srcset=\"https:\/\/amian-collectioncars.com\/wp-content\/uploads\/2023\/01\/Storage-8.jpg 1600w, https:\/\/amian-collectioncars.com\/wp-content\/uploads\/2023\/01\/Storage-8-300x214.jpg 300w, https:\/\/amian-collectioncars.com\/wp-content\/uploads\/2023\/01\/Storage-8-1024x732.jpg 1024w, https:\/\/amian-collectioncars.com\/wp-content\/uploads\/2023\/01\/Storage-8-768x549.jpg 768w, https:\/\/amian-collectioncars.com\/wp-content\/uploads\/2023\/01\/Storage-8-1536x1097.jpg 1536w, https:\/\/amian-collectioncars.com\/wp-content\/uploads\/2023\/01\/Storage-8-18x12.jpg 18w, https:\/\/amian-collectioncars.com\/wp-content\/uploads\/2023\/01\/Storage-8-1116x797.jpg 1116w, https:\/\/amian-collectioncars.com\/wp-content\/uploads\/2023\/01\/Storage-8-806x576.jpg 806w, https:\/\/amian-collectioncars.com\/wp-content\/uploads\/2023\/01\/Storage-8-558x399.jpg 558w, https:\/\/amian-collectioncars.com\/wp-content\/uploads\/2023\/01\/Storage-8-655x468.jpg 655w, https:\/\/amian-collectioncars.com\/wp-content\/uploads\/2023\/01\/Storage-8-820x586.jpg 820w\" sizes=\"auto, (max-width: 1600px) 100vw, 1600px\" \/><\/a><\/li><\/ul><\/div><\/div><\/div>\n\t<div class=\"wpb_text_column wpb_content_element\" >\n\t\t<div class=\"wpb_wrapper\">\n\t\t\t<p>Um unseren Kunden den gr\u00f6\u00dftm\u00f6glichen Komfort zu bieten, veranlassen wir auf Wunsch f\u00fcr Abholung und R\u00fccklieferung den Transport durch spezialisierte Logistiker.<\/p>\n<p>Mieter des Car Storage k\u00f6nnen neben dem Basis-Paket ab 350 Euro exklusive Mehrwertsteuer optional ein Upgrade inklusive professioneller Wartung durch unser erfahrenes Service-Team vor Ort sowie weitere Dienstleistungen buchen. Absolute Diskretion ist selbstverst\u00e4ndlich. F\u00fcr Fragen zu individuellen Preisen und Verf\u00fcgbarkeiten stehen wir Ihnen sehr gerne jederzeit zur Verf\u00fcgung \u2013 telefonisch oder per E-Mail unter <a class=\"\" style=\"font-family: -apple-system, BlinkMacSystemFont, 'Segoe UI', Roboto, Oxygen-Sans, Ubuntu, Cantarell, 'Helvetica Neue', sans-serif;\" href=\"mailto:info@amian-collectioncars.com\">info@amian-collectioncars.com<\/a><span style=\"font-family: -apple-system, BlinkMacSystemFont, 'Segoe UI', Roboto, Oxygen-Sans, Ubuntu, Cantarell, 'Helvetica Neue', sans-serif;\">.<\/span><\/p>\n\n\t\t<\/div>\n\t<\/div>\n<div class=\"lab-auto-type auto-type-element\"><h4><div class=\"lab-autotype-text-entry\" id=\"el_s0v60\"><\/div><\/h4><\/div><div class=\"vc_empty_space\"   style=\"height: 40px\"><span class=\"vc_empty_space_inner\"><\/span><\/div><\/div><\/div><\/div><\/div><\/div><div class=\"vc-row-container container\"><div class=\"vc_row wpb_row vc_row-fluid vc_custom_1664128096155 vc_row-has-fill vc_row-o-content-middle vc_row-flex\"><div class=\"content-column--large wpb_column vc_column_container vc_col-sm-12\"><div class=\"vc_column-inner vc_custom_1664125491239\"><div class=\"wpb_wrapper\"><\/div><\/div><\/div><\/div><\/div>\n<\/div><\/div>","protected":false},"excerpt":{"rendered":"Fahrzeug\u00adaufbewahrung Einzigartig im Rheinland. Das Team von Amian Collection Cars ist spezialisiert auf die Lagerung von einzigartigen Supersportwagen und Oldtimern. Der neue Flagship Store des Unternehmens liegt gut erreichbar im f\u00fcr den Rennsport bekannten Kerpen\/Manheim vor den Toren K\u00f6lns. Die Mietdauer richtet sich nach Ihren Anforderungen \u2013 von kurzfristig pro Monat bis langfristig auf Jahre&hellip;","protected":false},"author":2,"featured_media":6290,"parent":0,"menu_order":0,"comment_status":"closed","ping_status":"open","template":"","meta":{"_acf_changed":false,"inline_featured_image":false,"footnotes":""},"class_list":["post-6288","page","type-page","status-publish","has-post-thumbnail","hentry"],"acf":[],"yoast_head":"<!-- This site is optimized with the Yoast SEO plugin v27.4 - https:\/\/yoast.com\/product\/yoast-seo-wordpress\/ -->\n<title>Car Storage - Amian Collection Cars<\/title>\n<meta name=\"description\" content=\"Amian Collection Cars bietet mit dem Car Safe Parkpl\u00e4tze f\u00fcr Supersportwagen.\" \/>\n<meta name=\"robots\" content=\"index, follow, max-snippet:-1, max-image-preview:large, max-video-preview:-1\" \/>\n<link rel=\"canonical\" href=\"https:\/\/amian-collectioncars.com\/en\/car-storage\/\" \/>\n<meta property=\"og:locale\" content=\"en_GB\" \/>\n<meta property=\"og:type\" content=\"article\" \/>\n<meta property=\"og:title\" content=\"Car Storage - Amian Collection Cars\" \/>\n<meta property=\"og:description\" content=\"Amian Collection Cars bietet mit dem Car Safe Parkpl\u00e4tze f\u00fcr Supersportwagen.\" \/>\n<meta property=\"og:url\" content=\"https:\/\/amian-collectioncars.com\/en\/car-storage\/\" \/>\n<meta property=\"og:site_name\" content=\"Amian Collection Cars\" \/>\n<meta property=\"article:modified_time\" content=\"2025-12-14T17:41:39+00:00\" \/>\n<meta property=\"og:image\" content=\"https:\/\/amian-collectioncars.com\/wp-content\/uploads\/2023\/01\/Storage-4.jpg\" \/>\n\t<meta property=\"og:image:width\" content=\"1920\" \/>\n\t<meta property=\"og:image:height\" content=\"669\" \/>\n\t<meta property=\"og:image:type\" content=\"image\/jpeg\" \/>\n<meta name=\"twitter:card\" content=\"summary_large_image\" \/>\n<meta name=\"twitter:label1\" content=\"Estimated reading time\" \/>\n\t<meta name=\"twitter:data1\" content=\"2 minutes\" \/>\n<script type=\"application\/ld+json\" class=\"yoast-schema-graph\">{\"@context\":\"https:\\\/\\\/schema.org\",\"@graph\":[{\"@type\":\"WebPage\",\"@id\":\"https:\\\/\\\/amian-collectioncars.com\\\/car-storage\\\/\",\"url\":\"https:\\\/\\\/amian-collectioncars.com\\\/car-storage\\\/\",\"name\":\"Car Storage - Amian Collection Cars\",\"isPartOf\":{\"@id\":\"https:\\\/\\\/amian-collectioncars.com\\\/en\\\/#website\"},\"primaryImageOfPage\":{\"@id\":\"https:\\\/\\\/amian-collectioncars.com\\\/car-storage\\\/#primaryimage\"},\"image\":{\"@id\":\"https:\\\/\\\/amian-collectioncars.com\\\/car-storage\\\/#primaryimage\"},\"thumbnailUrl\":\"https:\\\/\\\/amian-collectioncars.com\\\/wp-content\\\/uploads\\\/2023\\\/01\\\/Storage-4.jpg\",\"datePublished\":\"2023-01-15T14:56:07+00:00\",\"dateModified\":\"2025-12-14T17:41:39+00:00\",\"description\":\"Amian Collection Cars bietet mit dem Car Safe Parkpl\u00e4tze f\u00fcr Supersportwagen.\",\"breadcrumb\":{\"@id\":\"https:\\\/\\\/amian-collectioncars.com\\\/car-storage\\\/#breadcrumb\"},\"inLanguage\":\"en-GB\",\"potentialAction\":[{\"@type\":\"ReadAction\",\"target\":[\"https:\\\/\\\/amian-collectioncars.com\\\/car-storage\\\/\"]}]},{\"@type\":\"ImageObject\",\"inLanguage\":\"en-GB\",\"@id\":\"https:\\\/\\\/amian-collectioncars.com\\\/car-storage\\\/#primaryimage\",\"url\":\"https:\\\/\\\/amian-collectioncars.com\\\/wp-content\\\/uploads\\\/2023\\\/01\\\/Storage-4.jpg\",\"contentUrl\":\"https:\\\/\\\/amian-collectioncars.com\\\/wp-content\\\/uploads\\\/2023\\\/01\\\/Storage-4.jpg\",\"width\":1920,\"height\":669,\"caption\":\"Supercar Storage\"},{\"@type\":\"BreadcrumbList\",\"@id\":\"https:\\\/\\\/amian-collectioncars.com\\\/car-storage\\\/#breadcrumb\",\"itemListElement\":[{\"@type\":\"ListItem\",\"position\":1,\"name\":\"Startseite\",\"item\":\"https:\\\/\\\/amian-collectioncars.com\\\/\"},{\"@type\":\"ListItem\",\"position\":2,\"name\":\"Car Storage\"}]},{\"@type\":\"WebSite\",\"@id\":\"https:\\\/\\\/amian-collectioncars.com\\\/en\\\/#website\",\"url\":\"https:\\\/\\\/amian-collectioncars.com\\\/en\\\/\",\"name\":\"Amian Collection Cars\",\"description\":\"Amian Exclusive Cars aus K\u00f6ln\",\"potentialAction\":[{\"@type\":\"SearchAction\",\"target\":{\"@type\":\"EntryPoint\",\"urlTemplate\":\"https:\\\/\\\/amian-collectioncars.com\\\/en\\\/?s={search_term_string}\"},\"query-input\":{\"@type\":\"PropertyValueSpecification\",\"valueRequired\":true,\"valueName\":\"search_term_string\"}}],\"inLanguage\":\"en-GB\"}]}<\/script>\n<!-- \/ Yoast SEO plugin. -->","yoast_head_json":{"title":"Car Storage - Amian Collection Cars","description":"Amian Collection Cars bietet mit dem Car Safe Parkpl\u00e4tze f\u00fcr Supersportwagen.","robots":{"index":"index","follow":"follow","max-snippet":"max-snippet:-1","max-image-preview":"max-image-preview:large","max-video-preview":"max-video-preview:-1"},"canonical":"https:\/\/amian-collectioncars.com\/en\/car-storage\/","og_locale":"en_GB","og_type":"article","og_title":"Car Storage - Amian Collection Cars","og_description":"Amian Collection Cars bietet mit dem Car Safe Parkpl\u00e4tze f\u00fcr Supersportwagen.","og_url":"https:\/\/amian-collectioncars.com\/en\/car-storage\/","og_site_name":"Amian Collection Cars","article_modified_time":"2025-12-14T17:41:39+00:00","og_image":[{"width":1920,"height":669,"url":"https:\/\/amian-collectioncars.com\/wp-content\/uploads\/2023\/01\/Storage-4.jpg","type":"image\/jpeg"}],"twitter_card":"summary_large_image","twitter_misc":{"Estimated reading time":"2 minutes"},"schema":{"@context":"https:\/\/schema.org","@graph":[{"@type":"WebPage","@id":"https:\/\/amian-collectioncars.com\/car-storage\/","url":"https:\/\/amian-collectioncars.com\/car-storage\/","name":"Car Storage - Amian Collection Cars","isPartOf":{"@id":"https:\/\/amian-collectioncars.com\/en\/#website"},"primaryImageOfPage":{"@id":"https:\/\/amian-collectioncars.com\/car-storage\/#primaryimage"},"image":{"@id":"https:\/\/amian-collectioncars.com\/car-storage\/#primaryimage"},"thumbnailUrl":"https:\/\/amian-collectioncars.com\/wp-content\/uploads\/2023\/01\/Storage-4.jpg","datePublished":"2023-01-15T14:56:07+00:00","dateModified":"2025-12-14T17:41:39+00:00","description":"Amian Collection Cars bietet mit dem Car Safe Parkpl\u00e4tze f\u00fcr Supersportwagen.","breadcrumb":{"@id":"https:\/\/amian-collectioncars.com\/car-storage\/#breadcrumb"},"inLanguage":"en-GB","potentialAction":[{"@type":"ReadAction","target":["https:\/\/amian-collectioncars.com\/car-storage\/"]}]},{"@type":"ImageObject","inLanguage":"en-GB","@id":"https:\/\/amian-collectioncars.com\/car-storage\/#primaryimage","url":"https:\/\/amian-collectioncars.com\/wp-content\/uploads\/2023\/01\/Storage-4.jpg","contentUrl":"https:\/\/amian-collectioncars.com\/wp-content\/uploads\/2023\/01\/Storage-4.jpg","width":1920,"height":669,"caption":"Supercar Storage"},{"@type":"BreadcrumbList","@id":"https:\/\/amian-collectioncars.com\/car-storage\/#breadcrumb","itemListElement":[{"@type":"ListItem","position":1,"name":"Startseite","item":"https:\/\/amian-collectioncars.com\/"},{"@type":"ListItem","position":2,"name":"Car Storage"}]},{"@type":"WebSite","@id":"https:\/\/amian-collectioncars.com\/en\/#website","url":"https:\/\/amian-collectioncars.com\/en\/","name":"Amian Collection Cars","description":"Amian Exclusive Cars aus K\u00f6ln","potentialAction":[{"@type":"SearchAction","target":{"@type":"EntryPoint","urlTemplate":"https:\/\/amian-collectioncars.com\/en\/?s={search_term_string}"},"query-input":{"@type":"PropertyValueSpecification","valueRequired":true,"valueName":"search_term_string"}}],"inLanguage":"en-GB"}]}},"jetpack_sharing_enabled":true,"_links":{"self":[{"href":"https:\/\/amian-collectioncars.com\/en\/wp-json\/wp\/v2\/pages\/6288","targetHints":{"allow":["GET"]}}],"collection":[{"href":"https:\/\/amian-collectioncars.com\/en\/wp-json\/wp\/v2\/pages"}],"about":[{"href":"https:\/\/amian-collectioncars.com\/en\/wp-json\/wp\/v2\/types\/page"}],"author":[{"embeddable":true,"href":"https:\/\/amian-collectioncars.com\/en\/wp-json\/wp\/v2\/users\/2"}],"replies":[{"embeddable":true,"href":"https:\/\/amian-collectioncars.com\/en\/wp-json\/wp\/v2\/comments?post=6288"}],"version-history":[{"count":18,"href":"https:\/\/amian-collectioncars.com\/en\/wp-json\/wp\/v2\/pages\/6288\/revisions"}],"predecessor-version":[{"id":9304,"href":"https:\/\/amian-collectioncars.com\/en\/wp-json\/wp\/v2\/pages\/6288\/revisions\/9304"}],"wp:featuredmedia":[{"embeddable":true,"href":"https:\/\/amian-collectioncars.com\/en\/wp-json\/wp\/v2\/media\/6290"}],"wp:attachment":[{"href":"https:\/\/amian-collectioncars.com\/en\/wp-json\/wp\/v2\/media?parent=6288"}],"curies":[{"name":"wp","href":"https:\/\/api.w.org\/{rel}","templated":true}]}}