{"id":6128,"date":"2023-01-03T10:10:45","date_gmt":"2023-01-03T10:10:45","guid":{"rendered":"https:\/\/amian-collectioncars.com\/?page_id=6128"},"modified":"2025-12-14T18:45:46","modified_gmt":"2025-12-14T17:45:46","slug":"detailing","status":"publish","type":"page","link":"https:\/\/amian-collectioncars.com\/en\/detailing\/","title":{"rendered":"Detailing"},"content":{"rendered":"<div class=\"theme-lightbox\"><div class=\"wpb-content-wrapper\"><div class=\"vc-row-container row-stretch parent--page-title-banner parent--page-title-banner--50\"><div data-vc-full-width=\"true\"  data-vc-full-width-init=\"false\" class=\"vc_row wpb_row vc_row-fluid page-title-banner page-title-banner--50 wpb_animate_when_almost_visible wpb_bottom-to-top bottom-to-top vc_custom_1765734271448 vc_row-has-fill vc_row-o-content-bottom vc_row-flex\"><div class=\"wpb_column vc_column_container vc_col-sm-12\"><div class=\"vc_column-inner\"><div class=\"wpb_wrapper\"><h2 style=\"color: #ffffff;text-align: left\" class=\"vc_custom_heading vc_do_custom_heading h2--center-bottom wpb_animate_when_almost_visible wpb_fadeInUp fadeInUp\" >Detailing<\/h2><\/div><\/div><\/div><\/div><\/div><div class=\"vc-row-container container\"><div class=\"vc_row wpb_row vc_row-fluid wpb_animate_when_almost_visible wpb_fadeIn fadeIn vc_custom_1763298976681 vc_row-has-fill vc_row-o-content-middle vc_row-flex\"><div class=\"content-column--large wpb_column vc_column_container vc_col-sm-12\"><div class=\"vc_column-inner vc_custom_1664125491239\"><div class=\"wpb_wrapper\">\n\t<div class=\"wpb_text_column wpb_content_element intro-text\" >\n\t\t<div class=\"wpb_wrapper\">\n\t\t\t<p>Professionelle Pflege f\u00fcr Ihre automobile Wertanlage. Amian Collection Cars versteht sich als professioneller Ansprechpartner in allen Fragen rund um Ihr Luxusfahrzeug. Pflege und Schutz sind wichtige Themen f\u00fcr unsere Kunden. In unserer hochmodernen Werkstatt bieten deshalb erfahrene Fachleute die weltweit f\u00fchrenden Techniken f\u00fcr das Detailing von Classic und Luxury Cars an.<\/p>\n\n\t\t<\/div>\n\t<\/div>\n\n\t<div class=\"wpb_text_column wpb_content_element\" >\n\t\t<div class=\"wpb_wrapper\">\n\t\t\t<p>Wir garantieren gr\u00f6\u00dftm\u00f6gliche Qualit\u00e4t. Fragen Sie nach unseren in Deutschland einzigartigen Servicepaketen f\u00fcr die Pflege Ihrer automobilen Wertanlage \u2013 innen wie au\u00dfen.<\/p>\n\n\t\t<\/div>\n\t<\/div>\n<h2 style=\"text-align: left\" class=\"vc_custom_heading vc_do_custom_heading\" >Das bieten wir<\/h2>\n\t<div class=\"wpb_text_column wpb_content_element\" >\n\t\t<div class=\"wpb_wrapper\">\n\t\t\t<ul>\n<li>Detailing zur Reinigung und Dekontamination der \u00e4u\u00dferen Karosserie<\/li>\n<li>Detailing von Motorraum und Unterboden<\/li>\n<li>Reinigung der Innenausstattung<\/li>\n<li>Lederreinigung und -reparatur<\/li>\n<li>Felgenreparatur<\/li>\n<li>Abholung und R\u00fccklieferung<\/li>\n<\/ul>\n\n\t\t<\/div>\n\t<\/div>\n<div class=\"vc_empty_space\"   style=\"height: 5px\"><span class=\"vc_empty_space_inner\"><\/span><\/div><div class=\"wpb_gallery wpb_content_element vc_clearfix wpb_content_element wpb_animate_when_almost_visible wpb_fadeIn fadeIn\" ><div class=\"wpb_wrapper\"><div class=\"wpb_gallery_slides wpb_flexslider flexslider_fade flexslider\" data-interval=\"3\" data-flex_fx=\"fade\"><ul class=\"slides\"><li><a class=\"\" href=\"https:\/\/amian-collectioncars.com\/wp-content\/uploads\/2023\/01\/DSC_8252_1600x1043-1024x668.jpg\" data-lightbox=\"lightbox[rel-6128-108909783]\"><img loading=\"lazy\" decoding=\"async\" width=\"1600\" height=\"1043\" src=\"https:\/\/amian-collectioncars.com\/wp-content\/uploads\/2023\/01\/DSC_8252_1600x1043.jpg\" class=\"attachment-full\" alt=\"\" title=\"Detailing\" srcset=\"https:\/\/amian-collectioncars.com\/wp-content\/uploads\/2023\/01\/DSC_8252_1600x1043.jpg 1600w, https:\/\/amian-collectioncars.com\/wp-content\/uploads\/2023\/01\/DSC_8252_1600x1043-300x196.jpg 300w, https:\/\/amian-collectioncars.com\/wp-content\/uploads\/2023\/01\/DSC_8252_1600x1043-1024x668.jpg 1024w, https:\/\/amian-collectioncars.com\/wp-content\/uploads\/2023\/01\/DSC_8252_1600x1043-768x501.jpg 768w, https:\/\/amian-collectioncars.com\/wp-content\/uploads\/2023\/01\/DSC_8252_1600x1043-1536x1001.jpg 1536w, https:\/\/amian-collectioncars.com\/wp-content\/uploads\/2023\/01\/DSC_8252_1600x1043-18x12.jpg 18w, https:\/\/amian-collectioncars.com\/wp-content\/uploads\/2023\/01\/DSC_8252_1600x1043-1116x727.jpg 1116w, https:\/\/amian-collectioncars.com\/wp-content\/uploads\/2023\/01\/DSC_8252_1600x1043-806x525.jpg 806w, https:\/\/amian-collectioncars.com\/wp-content\/uploads\/2023\/01\/DSC_8252_1600x1043-558x364.jpg 558w, https:\/\/amian-collectioncars.com\/wp-content\/uploads\/2023\/01\/DSC_8252_1600x1043-655x427.jpg 655w, https:\/\/amian-collectioncars.com\/wp-content\/uploads\/2023\/01\/DSC_8252_1600x1043-820x535.jpg 820w\" sizes=\"auto, (max-width: 1600px) 100vw, 1600px\" \/><\/a><\/li><li><a class=\"\" href=\"https:\/\/amian-collectioncars.com\/wp-content\/uploads\/2022\/11\/DSC_2754-1024x668.jpg\" data-lightbox=\"lightbox[rel-6128-108909783]\"><img loading=\"lazy\" decoding=\"async\" width=\"1600\" height=\"1043\" src=\"https:\/\/amian-collectioncars.com\/wp-content\/uploads\/2022\/11\/DSC_2754.jpg\" class=\"attachment-full\" alt=\"\" title=\"DSC_2754\" srcset=\"https:\/\/amian-collectioncars.com\/wp-content\/uploads\/2022\/11\/DSC_2754.jpg 1600w, https:\/\/amian-collectioncars.com\/wp-content\/uploads\/2022\/11\/DSC_2754-300x196.jpg 300w, https:\/\/amian-collectioncars.com\/wp-content\/uploads\/2022\/11\/DSC_2754-1024x668.jpg 1024w, https:\/\/amian-collectioncars.com\/wp-content\/uploads\/2022\/11\/DSC_2754-768x501.jpg 768w, https:\/\/amian-collectioncars.com\/wp-content\/uploads\/2022\/11\/DSC_2754-1536x1001.jpg 1536w, https:\/\/amian-collectioncars.com\/wp-content\/uploads\/2022\/11\/DSC_2754-18x12.jpg 18w, https:\/\/amian-collectioncars.com\/wp-content\/uploads\/2022\/11\/DSC_2754-1116x727.jpg 1116w, https:\/\/amian-collectioncars.com\/wp-content\/uploads\/2022\/11\/DSC_2754-806x525.jpg 806w, https:\/\/amian-collectioncars.com\/wp-content\/uploads\/2022\/11\/DSC_2754-558x364.jpg 558w, https:\/\/amian-collectioncars.com\/wp-content\/uploads\/2022\/11\/DSC_2754-655x427.jpg 655w, https:\/\/amian-collectioncars.com\/wp-content\/uploads\/2022\/11\/DSC_2754-820x535.jpg 820w\" sizes=\"auto, (max-width: 1600px) 100vw, 1600px\" \/><\/a><\/li><li><a class=\"\" href=\"https:\/\/amian-collectioncars.com\/wp-content\/uploads\/2022\/11\/DSC_9513-2-1024x668.jpg\" data-lightbox=\"lightbox[rel-6128-108909783]\"><img loading=\"lazy\" decoding=\"async\" width=\"1600\" height=\"1043\" src=\"https:\/\/amian-collectioncars.com\/wp-content\/uploads\/2022\/11\/DSC_9513-2.jpg\" class=\"attachment-full\" alt=\"\" title=\"DSC_9513-2\" srcset=\"https:\/\/amian-collectioncars.com\/wp-content\/uploads\/2022\/11\/DSC_9513-2.jpg 1600w, https:\/\/amian-collectioncars.com\/wp-content\/uploads\/2022\/11\/DSC_9513-2-300x196.jpg 300w, https:\/\/amian-collectioncars.com\/wp-content\/uploads\/2022\/11\/DSC_9513-2-1024x668.jpg 1024w, https:\/\/amian-collectioncars.com\/wp-content\/uploads\/2022\/11\/DSC_9513-2-768x501.jpg 768w, https:\/\/amian-collectioncars.com\/wp-content\/uploads\/2022\/11\/DSC_9513-2-1536x1001.jpg 1536w, https:\/\/amian-collectioncars.com\/wp-content\/uploads\/2022\/11\/DSC_9513-2-18x12.jpg 18w, https:\/\/amian-collectioncars.com\/wp-content\/uploads\/2022\/11\/DSC_9513-2-1116x727.jpg 1116w, https:\/\/amian-collectioncars.com\/wp-content\/uploads\/2022\/11\/DSC_9513-2-806x525.jpg 806w, https:\/\/amian-collectioncars.com\/wp-content\/uploads\/2022\/11\/DSC_9513-2-558x364.jpg 558w, https:\/\/amian-collectioncars.com\/wp-content\/uploads\/2022\/11\/DSC_9513-2-655x427.jpg 655w, https:\/\/amian-collectioncars.com\/wp-content\/uploads\/2022\/11\/DSC_9513-2-820x535.jpg 820w\" sizes=\"auto, (max-width: 1600px) 100vw, 1600px\" \/><\/a><\/li><li><a class=\"\" href=\"https:\/\/amian-collectioncars.com\/wp-content\/uploads\/2022\/11\/DSC_9456-1024x668.jpg\" data-lightbox=\"lightbox[rel-6128-108909783]\"><img loading=\"lazy\" decoding=\"async\" width=\"1600\" height=\"1043\" src=\"https:\/\/amian-collectioncars.com\/wp-content\/uploads\/2022\/11\/DSC_9456.jpg\" class=\"attachment-full\" alt=\"\" title=\"DSC_9456\" srcset=\"https:\/\/amian-collectioncars.com\/wp-content\/uploads\/2022\/11\/DSC_9456.jpg 1600w, https:\/\/amian-collectioncars.com\/wp-content\/uploads\/2022\/11\/DSC_9456-300x196.jpg 300w, https:\/\/amian-collectioncars.com\/wp-content\/uploads\/2022\/11\/DSC_9456-1024x668.jpg 1024w, https:\/\/amian-collectioncars.com\/wp-content\/uploads\/2022\/11\/DSC_9456-768x501.jpg 768w, https:\/\/amian-collectioncars.com\/wp-content\/uploads\/2022\/11\/DSC_9456-1536x1001.jpg 1536w, https:\/\/amian-collectioncars.com\/wp-content\/uploads\/2022\/11\/DSC_9456-18x12.jpg 18w, https:\/\/amian-collectioncars.com\/wp-content\/uploads\/2022\/11\/DSC_9456-1116x727.jpg 1116w, https:\/\/amian-collectioncars.com\/wp-content\/uploads\/2022\/11\/DSC_9456-806x525.jpg 806w, https:\/\/amian-collectioncars.com\/wp-content\/uploads\/2022\/11\/DSC_9456-558x364.jpg 558w, https:\/\/amian-collectioncars.com\/wp-content\/uploads\/2022\/11\/DSC_9456-655x427.jpg 655w, https:\/\/amian-collectioncars.com\/wp-content\/uploads\/2022\/11\/DSC_9456-820x535.jpg 820w\" sizes=\"auto, (max-width: 1600px) 100vw, 1600px\" \/><\/a><\/li><\/ul><\/div><\/div><\/div><div class=\"vc_tta-container\" data-vc-action=\"collapseAll\"><h2>Unsere Services<\/h2><div class=\"vc_general vc_tta vc_tta-accordion vc_tta-color-black vc_tta-style-flat vc_tta-shape-rounded vc_tta-o-shape-group vc_tta-controls-align-default vc_tta-o-all-clickable vc_custom_1684327081617\"><div class=\"vc_tta-panels-container\"><div class=\"vc_tta-panels\"><div class=\"vc_tta-panel vc_active\" id=\"1672748586756-bdac07b1-9307\" data-vc-content=\".vc_tta-panel-body\"><div class=\"vc_tta-panel-heading\"><h4 class=\"vc_tta-panel-title vc_tta-controls-icon-position-left\"><a href=\"#1672748586756-bdac07b1-9307\" data-vc-accordion data-vc-container=\".vc_tta-container\"><span class=\"vc_tta-title-text\">Detailing<\/span><i class=\"vc_tta-controls-icon vc_tta-controls-icon-plus\"><\/i><\/a><\/h4><\/div><div class=\"vc_tta-panel-body\">\n\t<div class=\"wpb_text_column wpb_content_element\" >\n\t\t<div class=\"wpb_wrapper\">\n\t\t\t<p>Unser Detailing-Service umfasst die gr\u00fcndliche Tiefenreinigung des gesamten Fahrzeugs \u2013 innen wie au\u00dfen. F\u00fcr die perfekte Pflege empfehlen wir unser Signature Detailing. Der Klarlack erh\u00e4lt hier ein glasartiges Finish, das jede Unebenheit nivelliert. Die Behandlungen sind abgestimmt auf Fahrzeuge, die Sie viele Jahre lang behalten m\u00f6chten. \u201eWie neu\u201c ist unser Anspruch.<\/p>\n\n\t\t<\/div>\n\t<\/div>\n<\/div><\/div><div class=\"vc_tta-panel\" id=\"1672757806541-c32970f0-e743\" data-vc-content=\".vc_tta-panel-body\"><div class=\"vc_tta-panel-heading\"><h4 class=\"vc_tta-panel-title vc_tta-controls-icon-position-left\"><a href=\"#1672757806541-c32970f0-e743\" data-vc-accordion data-vc-container=\".vc_tta-container\"><span class=\"vc_tta-title-text\">Lederpflege<\/span><i class=\"vc_tta-controls-icon vc_tta-controls-icon-plus\"><\/i><\/a><\/h4><\/div><div class=\"vc_tta-panel-body\">\n\t<div class=\"wpb_text_column wpb_content_element\" >\n\t\t<div class=\"wpb_wrapper\">\n\t\t\t<p>F\u00fcr Reinigung und Reparatur von Leder bis zur g\u00e4nzlich neuen Ausstattung des Innenraums k\u00f6nnen Sie sich auf unsere Werkstatt-Meister verlassen, die h\u00f6chste Anspr\u00fcche an die Qualit\u00e4t ihrer Arbeit stellen. Wir legen gr\u00f6\u00dften Wert auf Haltbarkeit und Farbgenauigkeit bei der originalgetreuen Instandsetzung von Sitzen, Armaturen und Details.<\/p>\n\n\t\t<\/div>\n\t<\/div>\n<\/div><\/div><div class=\"vc_tta-panel\" id=\"1672817737737-982d06e4-474b\" data-vc-content=\".vc_tta-panel-body\"><div class=\"vc_tta-panel-heading\"><h4 class=\"vc_tta-panel-title vc_tta-controls-icon-position-left\"><a href=\"#1672817737737-982d06e4-474b\" data-vc-accordion data-vc-container=\".vc_tta-container\"><span class=\"vc_tta-title-text\">Trockeneisreinigung<\/span><i class=\"vc_tta-controls-icon vc_tta-controls-icon-plus\"><\/i><\/a><\/h4><\/div><div class=\"vc_tta-panel-body\">\n\t<div class=\"wpb_text_column wpb_content_element\" >\n\t\t<div class=\"wpb_wrapper\">\n\t\t\t<p>Unterboden, Innenraum und Radh\u00e4user werden von uns umweltfreundlich mit Trockeneis bei -78,5 \u00b0C gereinigt. Das geruchlose Gas dient als effektiver Sandstrahler, mit dem sich schonend und zeitsparend Schmutz von Oberfl\u00e4chen l\u00f6sen l\u00e4sst.<\/p>\n\n\t\t<\/div>\n\t<\/div>\n<\/div><\/div><div class=\"vc_tta-panel\" id=\"1672822578862-c86c4734-b213\" data-vc-content=\".vc_tta-panel-body\"><div class=\"vc_tta-panel-heading\"><h4 class=\"vc_tta-panel-title vc_tta-controls-icon-position-left\"><a href=\"#1672822578862-c86c4734-b213\" data-vc-accordion data-vc-container=\".vc_tta-container\"><span class=\"vc_tta-title-text\">Felgenreparatur<\/span><i class=\"vc_tta-controls-icon vc_tta-controls-icon-plus\"><\/i><\/a><\/h4><\/div><div class=\"vc_tta-panel-body\">\n\t<div class=\"wpb_text_column wpb_content_element\" >\n\t\t<div class=\"wpb_wrapper\">\n\t\t\t<p>Um angekratzte Felgen aufzuarbeiten, bieten wir umfassende Leistungen an: Reinigung, Vermessung, Reparatur, Lackierung und Pulverbeschichtung. Schicken Sie nur die Felgen oder bringen Sie den Wagen, Sie haben die Wahl.<\/p>\n\n\t\t<\/div>\n\t<\/div>\n<\/div><\/div><\/div><\/div><\/div><\/div>\n\t<div class=\"wpb_text_column wpb_content_element\" >\n\t\t<div class=\"wpb_wrapper\">\n\t\t\t<p>Wenn Sie einen Termin bei unseren Experten f\u00fcr die Reinigung buchen m\u00f6chten, schreiben Sie gerne jederzeit an <a class=\"\" href=\"mailto:info@amian-collectioncars.com\">info@amian-collectioncars.com<\/a>.<\/p>\n\n\t\t<\/div>\n\t<\/div>\n<div class=\"lab-auto-type auto-type-element\"><h4><div class=\"lab-autotype-text-entry\" id=\"el_azsgg\"><\/div><\/h4><\/div><div class=\"vc_empty_space\"   style=\"height: 40px\"><span class=\"vc_empty_space_inner\"><\/span><\/div><\/div><\/div><\/div><\/div><\/div><div class=\"vc-row-container container\"><div class=\"vc_row wpb_row vc_row-fluid vc_custom_1664128096155 vc_row-has-fill vc_row-o-content-middle vc_row-flex\"><div class=\"content-column--large wpb_column vc_column_container vc_col-sm-12\"><div class=\"vc_column-inner vc_custom_1664125491239\"><div class=\"wpb_wrapper\"><\/div><\/div><\/div><\/div><\/div>\n<\/div><\/div>","protected":false},"excerpt":{"rendered":"Detailing Professionelle Pflege f\u00fcr Ihre automobile Wertanlage. Amian Collection Cars versteht sich als professioneller Ansprechpartner in allen Fragen rund um Ihr Luxusfahrzeug. Pflege und Schutz sind wichtige Themen f\u00fcr unsere Kunden. In unserer hochmodernen Werkstatt bieten deshalb erfahrene Fachleute die weltweit f\u00fchrenden Techniken f\u00fcr das Detailing von Classic und Luxury Cars an. Wir garantieren gr\u00f6\u00dftm\u00f6gliche&hellip;","protected":false},"author":2,"featured_media":6198,"parent":0,"menu_order":0,"comment_status":"closed","ping_status":"closed","template":"","meta":{"_acf_changed":false,"inline_featured_image":false,"footnotes":""},"class_list":["post-6128","page","type-page","status-publish","has-post-thumbnail","hentry"],"acf":[],"yoast_head":"<!-- This site is optimized with the Yoast SEO plugin v27.4 - https:\/\/yoast.com\/product\/yoast-seo-wordpress\/ -->\n<title>Detailing - Amian Collection Cars<\/title>\n<meta name=\"description\" content=\"Ein Blick f\u00fcr Details zeichnet das Team von Amian Collection Cars aus.\" \/>\n<meta name=\"robots\" content=\"index, follow, max-snippet:-1, max-image-preview:large, max-video-preview:-1\" \/>\n<link rel=\"canonical\" href=\"https:\/\/amian-collectioncars.com\/en\/detailing\/\" \/>\n<meta property=\"og:locale\" content=\"en_GB\" \/>\n<meta property=\"og:type\" content=\"article\" \/>\n<meta property=\"og:title\" content=\"Detailing - Amian Collection Cars\" \/>\n<meta property=\"og:description\" content=\"Ein Blick f\u00fcr Details zeichnet das Team von Amian Collection Cars aus.\" \/>\n<meta property=\"og:url\" content=\"https:\/\/amian-collectioncars.com\/en\/detailing\/\" \/>\n<meta property=\"og:site_name\" content=\"Amian Collection Cars\" \/>\n<meta property=\"article:modified_time\" content=\"2025-12-14T17:45:46+00:00\" \/>\n<meta property=\"og:image\" content=\"https:\/\/amian-collectioncars.com\/wp-content\/uploads\/2023\/01\/Banner.jpg\" \/>\n\t<meta property=\"og:image:width\" content=\"1920\" \/>\n\t<meta property=\"og:image:height\" content=\"668\" \/>\n\t<meta property=\"og:image:type\" content=\"image\/jpeg\" \/>\n<meta name=\"twitter:card\" content=\"summary_large_image\" \/>\n<meta name=\"twitter:label1\" content=\"Estimated reading time\" \/>\n\t<meta name=\"twitter:data1\" content=\"3 minutes\" \/>\n<script type=\"application\/ld+json\" class=\"yoast-schema-graph\">{\"@context\":\"https:\\\/\\\/schema.org\",\"@graph\":[{\"@type\":\"WebPage\",\"@id\":\"https:\\\/\\\/amian-collectioncars.com\\\/detailing\\\/\",\"url\":\"https:\\\/\\\/amian-collectioncars.com\\\/detailing\\\/\",\"name\":\"Detailing - Amian Collection Cars\",\"isPartOf\":{\"@id\":\"https:\\\/\\\/amian-collectioncars.com\\\/en\\\/#website\"},\"primaryImageOfPage\":{\"@id\":\"https:\\\/\\\/amian-collectioncars.com\\\/detailing\\\/#primaryimage\"},\"image\":{\"@id\":\"https:\\\/\\\/amian-collectioncars.com\\\/detailing\\\/#primaryimage\"},\"thumbnailUrl\":\"https:\\\/\\\/amian-collectioncars.com\\\/wp-content\\\/uploads\\\/2023\\\/01\\\/Banner.jpg\",\"datePublished\":\"2023-01-03T10:10:45+00:00\",\"dateModified\":\"2025-12-14T17:45:46+00:00\",\"description\":\"Ein Blick f\u00fcr Details zeichnet das Team von Amian Collection Cars aus.\",\"breadcrumb\":{\"@id\":\"https:\\\/\\\/amian-collectioncars.com\\\/detailing\\\/#breadcrumb\"},\"inLanguage\":\"en-GB\",\"potentialAction\":[{\"@type\":\"ReadAction\",\"target\":[\"https:\\\/\\\/amian-collectioncars.com\\\/detailing\\\/\"]}]},{\"@type\":\"ImageObject\",\"inLanguage\":\"en-GB\",\"@id\":\"https:\\\/\\\/amian-collectioncars.com\\\/detailing\\\/#primaryimage\",\"url\":\"https:\\\/\\\/amian-collectioncars.com\\\/wp-content\\\/uploads\\\/2023\\\/01\\\/Banner.jpg\",\"contentUrl\":\"https:\\\/\\\/amian-collectioncars.com\\\/wp-content\\\/uploads\\\/2023\\\/01\\\/Banner.jpg\",\"width\":1920,\"height\":668,\"caption\":\"Detailing\"},{\"@type\":\"BreadcrumbList\",\"@id\":\"https:\\\/\\\/amian-collectioncars.com\\\/detailing\\\/#breadcrumb\",\"itemListElement\":[{\"@type\":\"ListItem\",\"position\":1,\"name\":\"Startseite\",\"item\":\"https:\\\/\\\/amian-collectioncars.com\\\/\"},{\"@type\":\"ListItem\",\"position\":2,\"name\":\"Detailing\"}]},{\"@type\":\"WebSite\",\"@id\":\"https:\\\/\\\/amian-collectioncars.com\\\/en\\\/#website\",\"url\":\"https:\\\/\\\/amian-collectioncars.com\\\/en\\\/\",\"name\":\"Amian Collection Cars\",\"description\":\"Amian Exclusive Cars aus K\u00f6ln\",\"potentialAction\":[{\"@type\":\"SearchAction\",\"target\":{\"@type\":\"EntryPoint\",\"urlTemplate\":\"https:\\\/\\\/amian-collectioncars.com\\\/en\\\/?s={search_term_string}\"},\"query-input\":{\"@type\":\"PropertyValueSpecification\",\"valueRequired\":true,\"valueName\":\"search_term_string\"}}],\"inLanguage\":\"en-GB\"}]}<\/script>\n<!-- \/ Yoast SEO plugin. -->","yoast_head_json":{"title":"Detailing - Amian Collection Cars","description":"Ein Blick f\u00fcr Details zeichnet das Team von Amian Collection Cars aus.","robots":{"index":"index","follow":"follow","max-snippet":"max-snippet:-1","max-image-preview":"max-image-preview:large","max-video-preview":"max-video-preview:-1"},"canonical":"https:\/\/amian-collectioncars.com\/en\/detailing\/","og_locale":"en_GB","og_type":"article","og_title":"Detailing - Amian Collection Cars","og_description":"Ein Blick f\u00fcr Details zeichnet das Team von Amian Collection Cars aus.","og_url":"https:\/\/amian-collectioncars.com\/en\/detailing\/","og_site_name":"Amian Collection Cars","article_modified_time":"2025-12-14T17:45:46+00:00","og_image":[{"width":1920,"height":668,"url":"https:\/\/amian-collectioncars.com\/wp-content\/uploads\/2023\/01\/Banner.jpg","type":"image\/jpeg"}],"twitter_card":"summary_large_image","twitter_misc":{"Estimated reading time":"3 minutes"},"schema":{"@context":"https:\/\/schema.org","@graph":[{"@type":"WebPage","@id":"https:\/\/amian-collectioncars.com\/detailing\/","url":"https:\/\/amian-collectioncars.com\/detailing\/","name":"Detailing - Amian Collection Cars","isPartOf":{"@id":"https:\/\/amian-collectioncars.com\/en\/#website"},"primaryImageOfPage":{"@id":"https:\/\/amian-collectioncars.com\/detailing\/#primaryimage"},"image":{"@id":"https:\/\/amian-collectioncars.com\/detailing\/#primaryimage"},"thumbnailUrl":"https:\/\/amian-collectioncars.com\/wp-content\/uploads\/2023\/01\/Banner.jpg","datePublished":"2023-01-03T10:10:45+00:00","dateModified":"2025-12-14T17:45:46+00:00","description":"Ein Blick f\u00fcr Details zeichnet das Team von Amian Collection Cars aus.","breadcrumb":{"@id":"https:\/\/amian-collectioncars.com\/detailing\/#breadcrumb"},"inLanguage":"en-GB","potentialAction":[{"@type":"ReadAction","target":["https:\/\/amian-collectioncars.com\/detailing\/"]}]},{"@type":"ImageObject","inLanguage":"en-GB","@id":"https:\/\/amian-collectioncars.com\/detailing\/#primaryimage","url":"https:\/\/amian-collectioncars.com\/wp-content\/uploads\/2023\/01\/Banner.jpg","contentUrl":"https:\/\/amian-collectioncars.com\/wp-content\/uploads\/2023\/01\/Banner.jpg","width":1920,"height":668,"caption":"Detailing"},{"@type":"BreadcrumbList","@id":"https:\/\/amian-collectioncars.com\/detailing\/#breadcrumb","itemListElement":[{"@type":"ListItem","position":1,"name":"Startseite","item":"https:\/\/amian-collectioncars.com\/"},{"@type":"ListItem","position":2,"name":"Detailing"}]},{"@type":"WebSite","@id":"https:\/\/amian-collectioncars.com\/en\/#website","url":"https:\/\/amian-collectioncars.com\/en\/","name":"Amian Collection Cars","description":"Amian Exclusive Cars aus K\u00f6ln","potentialAction":[{"@type":"SearchAction","target":{"@type":"EntryPoint","urlTemplate":"https:\/\/amian-collectioncars.com\/en\/?s={search_term_string}"},"query-input":{"@type":"PropertyValueSpecification","valueRequired":true,"valueName":"search_term_string"}}],"inLanguage":"en-GB"}]}},"jetpack_sharing_enabled":true,"_links":{"self":[{"href":"https:\/\/amian-collectioncars.com\/en\/wp-json\/wp\/v2\/pages\/6128","targetHints":{"allow":["GET"]}}],"collection":[{"href":"https:\/\/amian-collectioncars.com\/en\/wp-json\/wp\/v2\/pages"}],"about":[{"href":"https:\/\/amian-collectioncars.com\/en\/wp-json\/wp\/v2\/types\/page"}],"author":[{"embeddable":true,"href":"https:\/\/amian-collectioncars.com\/en\/wp-json\/wp\/v2\/users\/2"}],"replies":[{"embeddable":true,"href":"https:\/\/amian-collectioncars.com\/en\/wp-json\/wp\/v2\/comments?post=6128"}],"version-history":[{"count":112,"href":"https:\/\/amian-collectioncars.com\/en\/wp-json\/wp\/v2\/pages\/6128\/revisions"}],"predecessor-version":[{"id":9305,"href":"https:\/\/amian-collectioncars.com\/en\/wp-json\/wp\/v2\/pages\/6128\/revisions\/9305"}],"wp:featuredmedia":[{"embeddable":true,"href":"https:\/\/amian-collectioncars.com\/en\/wp-json\/wp\/v2\/media\/6198"}],"wp:attachment":[{"href":"https:\/\/amian-collectioncars.com\/en\/wp-json\/wp\/v2\/media?parent=6128"}],"curies":[{"name":"wp","href":"https:\/\/api.w.org\/{rel}","templated":true}]}}