{"id":4469,"date":"2017-10-23T13:35:39","date_gmt":"2017-10-23T13:35:39","guid":{"rendered":"https:\/\/demo-content.kaliumtheme.com\/automotive\/?page_id=17"},"modified":"2025-12-14T16:10:11","modified_gmt":"2025-12-14T15:10:11","slug":"ueber-uns","status":"publish","type":"page","link":"https:\/\/amian-collectioncars.com\/en\/ueber-uns\/","title":{"rendered":"About us"},"content":{"rendered":"<div class=\"theme-lightbox\"><div class=\"wpb-content-wrapper\"><div class=\"vc-row-container row-stretch parent--page-title-banner parent--page-title-banner--50\"><div data-vc-full-width=\"true\"  data-vc-full-width-init=\"false\" class=\"vc_row wpb_row vc_row-fluid page-title-banner page-title-banner--50 vc_custom_1765724971534 vc_row-has-fill vc_row-o-content-bottom vc_row-flex\"><div class=\"wpb_animate_when_almost_visible wpb_fadeIn fadeIn wpb_column vc_column_container vc_col-sm-12\"><div class=\"vc_column-inner\"><div class=\"wpb_wrapper\"><h2 style=\"color: #ffffff;text-align: left\" class=\"vc_custom_heading vc_do_custom_heading h2--center-bottom wpb_animate_when_almost_visible wpb_fadeInUp fadeInUp\" >\u00dcber uns<\/h2><\/div><\/div><\/div><\/div><\/div><div class=\"vc-row-container container\"><div class=\"vc_row wpb_row vc_row-fluid vc_custom_1664128096155 vc_row-has-fill vc_row-o-content-middle vc_row-flex\"><div class=\"content-column--large wpb_column vc_column_container vc_col-sm-12\"><div class=\"vc_column-inner vc_custom_1664125491239\"><div class=\"wpb_wrapper\">\n\t<div class=\"wpb_text_column wpb_content_element intro-text\" >\n\t\t<div class=\"wpb_wrapper\">\n\t\t\t<p>Dominik Amian und sein Team er\u00f6ffneten im Sommer 2022 ein vision\u00e4res Zentrum f\u00fcr Luxus-Limousinen und Supersportwagen. Sein Unternehmen wurde bereits 2015 von GT Spirit zum exklusivsten Showroom seiner Branche in ganz Europa gew\u00e4hlt. Durch die langj\u00e4hrige Expertise des Gr\u00fcnders im Bereich Luxury Car Brand Management entstand eine neuartige und unkonventionelle Plattform f\u00fcr den Vertrieb von automobilen Wertanlagen.<\/p>\n\n\t\t<\/div>\n\t<\/div>\n<div class=\"vc_row wpb_row vc_inner vc_row-fluid\"><div class=\"wpb_column vc_column_container vc_col-sm-12\"><div class=\"vc_column-inner\"><div class=\"wpb_wrapper\"><div class=\"wpb_gallery wpb_content_element vc_clearfix wpb_content_element\" ><div class=\"wpb_wrapper\"><div class=\"wpb_gallery_slides wpb_flexslider flexslider_fade flexslider\" data-interval=\"3\" data-flex_fx=\"fade\"><ul class=\"slides\"><li><a class=\"\" href=\"https:\/\/amian-collectioncars.com\/wp-content\/uploads\/2023\/03\/Showroom_Storage_23-1024x732.jpg\" data-lightbox=\"lightbox[rel-4469-2168431921]\"><img loading=\"lazy\" decoding=\"async\" width=\"1600\" height=\"1143\" src=\"https:\/\/amian-collectioncars.com\/wp-content\/uploads\/2023\/03\/Showroom_Storage_23.jpg\" class=\"attachment-full\" alt=\"\" title=\"Showroom_Storage_23\" srcset=\"https:\/\/amian-collectioncars.com\/wp-content\/uploads\/2023\/03\/Showroom_Storage_23.jpg 1600w, https:\/\/amian-collectioncars.com\/wp-content\/uploads\/2023\/03\/Showroom_Storage_23-300x214.jpg 300w, https:\/\/amian-collectioncars.com\/wp-content\/uploads\/2023\/03\/Showroom_Storage_23-1024x732.jpg 1024w, https:\/\/amian-collectioncars.com\/wp-content\/uploads\/2023\/03\/Showroom_Storage_23-768x549.jpg 768w, https:\/\/amian-collectioncars.com\/wp-content\/uploads\/2023\/03\/Showroom_Storage_23-1536x1097.jpg 1536w, https:\/\/amian-collectioncars.com\/wp-content\/uploads\/2023\/03\/Showroom_Storage_23-18x12.jpg 18w, https:\/\/amian-collectioncars.com\/wp-content\/uploads\/2023\/03\/Showroom_Storage_23-1116x797.jpg 1116w, https:\/\/amian-collectioncars.com\/wp-content\/uploads\/2023\/03\/Showroom_Storage_23-806x576.jpg 806w, https:\/\/amian-collectioncars.com\/wp-content\/uploads\/2023\/03\/Showroom_Storage_23-558x399.jpg 558w, https:\/\/amian-collectioncars.com\/wp-content\/uploads\/2023\/03\/Showroom_Storage_23-655x468.jpg 655w, https:\/\/amian-collectioncars.com\/wp-content\/uploads\/2023\/03\/Showroom_Storage_23-820x586.jpg 820w, https:\/\/amian-collectioncars.com\/wp-content\/uploads\/2023\/03\/Showroom_Storage_23-600x429.jpg 600w\" sizes=\"auto, (max-width: 1600px) 100vw, 1600px\" \/><\/a><\/li><li><a class=\"\" href=\"https:\/\/amian-collectioncars.com\/wp-content\/uploads\/2023\/03\/Showroom-u.-Storage-20-1024x732.jpg\" data-lightbox=\"lightbox[rel-4469-2168431921]\"><img loading=\"lazy\" decoding=\"async\" width=\"1600\" height=\"1143\" src=\"https:\/\/amian-collectioncars.com\/wp-content\/uploads\/2023\/03\/Showroom-u.-Storage-20.jpg\" class=\"attachment-full\" alt=\"\" title=\"Showroom u. Storage-20\" srcset=\"https:\/\/amian-collectioncars.com\/wp-content\/uploads\/2023\/03\/Showroom-u.-Storage-20.jpg 1600w, https:\/\/amian-collectioncars.com\/wp-content\/uploads\/2023\/03\/Showroom-u.-Storage-20-300x214.jpg 300w, https:\/\/amian-collectioncars.com\/wp-content\/uploads\/2023\/03\/Showroom-u.-Storage-20-1024x732.jpg 1024w, https:\/\/amian-collectioncars.com\/wp-content\/uploads\/2023\/03\/Showroom-u.-Storage-20-768x549.jpg 768w, https:\/\/amian-collectioncars.com\/wp-content\/uploads\/2023\/03\/Showroom-u.-Storage-20-1536x1097.jpg 1536w, https:\/\/amian-collectioncars.com\/wp-content\/uploads\/2023\/03\/Showroom-u.-Storage-20-18x12.jpg 18w, https:\/\/amian-collectioncars.com\/wp-content\/uploads\/2023\/03\/Showroom-u.-Storage-20-1116x797.jpg 1116w, https:\/\/amian-collectioncars.com\/wp-content\/uploads\/2023\/03\/Showroom-u.-Storage-20-806x576.jpg 806w, https:\/\/amian-collectioncars.com\/wp-content\/uploads\/2023\/03\/Showroom-u.-Storage-20-558x399.jpg 558w, https:\/\/amian-collectioncars.com\/wp-content\/uploads\/2023\/03\/Showroom-u.-Storage-20-655x468.jpg 655w, https:\/\/amian-collectioncars.com\/wp-content\/uploads\/2023\/03\/Showroom-u.-Storage-20-820x586.jpg 820w\" sizes=\"auto, (max-width: 1600px) 100vw, 1600px\" \/><\/a><\/li><li><a class=\"\" href=\"https:\/\/amian-collectioncars.com\/wp-content\/uploads\/2023\/03\/Showroom-u.-Storage-14-1024x732.jpg\" data-lightbox=\"lightbox[rel-4469-2168431921]\"><img loading=\"lazy\" decoding=\"async\" width=\"1600\" height=\"1143\" src=\"https:\/\/amian-collectioncars.com\/wp-content\/uploads\/2023\/03\/Showroom-u.-Storage-14.jpg\" class=\"attachment-full\" alt=\"\" title=\"Showroom u. Storage-14\" srcset=\"https:\/\/amian-collectioncars.com\/wp-content\/uploads\/2023\/03\/Showroom-u.-Storage-14.jpg 1600w, https:\/\/amian-collectioncars.com\/wp-content\/uploads\/2023\/03\/Showroom-u.-Storage-14-300x214.jpg 300w, https:\/\/amian-collectioncars.com\/wp-content\/uploads\/2023\/03\/Showroom-u.-Storage-14-1024x732.jpg 1024w, https:\/\/amian-collectioncars.com\/wp-content\/uploads\/2023\/03\/Showroom-u.-Storage-14-768x549.jpg 768w, https:\/\/amian-collectioncars.com\/wp-content\/uploads\/2023\/03\/Showroom-u.-Storage-14-1536x1097.jpg 1536w, https:\/\/amian-collectioncars.com\/wp-content\/uploads\/2023\/03\/Showroom-u.-Storage-14-18x12.jpg 18w, https:\/\/amian-collectioncars.com\/wp-content\/uploads\/2023\/03\/Showroom-u.-Storage-14-1116x797.jpg 1116w, https:\/\/amian-collectioncars.com\/wp-content\/uploads\/2023\/03\/Showroom-u.-Storage-14-806x576.jpg 806w, https:\/\/amian-collectioncars.com\/wp-content\/uploads\/2023\/03\/Showroom-u.-Storage-14-558x399.jpg 558w, https:\/\/amian-collectioncars.com\/wp-content\/uploads\/2023\/03\/Showroom-u.-Storage-14-655x468.jpg 655w, https:\/\/amian-collectioncars.com\/wp-content\/uploads\/2023\/03\/Showroom-u.-Storage-14-820x586.jpg 820w\" sizes=\"auto, (max-width: 1600px) 100vw, 1600px\" \/><\/a><\/li><li><a class=\"\" href=\"https:\/\/amian-collectioncars.com\/wp-content\/uploads\/2023\/04\/Showroom-u.-Storage-13_72dpi-1024x732.jpg\" data-lightbox=\"lightbox[rel-4469-2168431921]\"><img loading=\"lazy\" decoding=\"async\" width=\"1600\" height=\"1143\" src=\"https:\/\/amian-collectioncars.com\/wp-content\/uploads\/2023\/04\/Showroom-u.-Storage-13_72dpi.jpg\" class=\"attachment-full\" alt=\"\" title=\"Showroom u. Storage-13_72dpi\" srcset=\"https:\/\/amian-collectioncars.com\/wp-content\/uploads\/2023\/04\/Showroom-u.-Storage-13_72dpi.jpg 1600w, https:\/\/amian-collectioncars.com\/wp-content\/uploads\/2023\/04\/Showroom-u.-Storage-13_72dpi-300x214.jpg 300w, https:\/\/amian-collectioncars.com\/wp-content\/uploads\/2023\/04\/Showroom-u.-Storage-13_72dpi-1024x732.jpg 1024w, https:\/\/amian-collectioncars.com\/wp-content\/uploads\/2023\/04\/Showroom-u.-Storage-13_72dpi-768x549.jpg 768w, https:\/\/amian-collectioncars.com\/wp-content\/uploads\/2023\/04\/Showroom-u.-Storage-13_72dpi-1536x1097.jpg 1536w, https:\/\/amian-collectioncars.com\/wp-content\/uploads\/2023\/04\/Showroom-u.-Storage-13_72dpi-18x12.jpg 18w, https:\/\/amian-collectioncars.com\/wp-content\/uploads\/2023\/04\/Showroom-u.-Storage-13_72dpi-1116x797.jpg 1116w, https:\/\/amian-collectioncars.com\/wp-content\/uploads\/2023\/04\/Showroom-u.-Storage-13_72dpi-806x576.jpg 806w, https:\/\/amian-collectioncars.com\/wp-content\/uploads\/2023\/04\/Showroom-u.-Storage-13_72dpi-558x399.jpg 558w, https:\/\/amian-collectioncars.com\/wp-content\/uploads\/2023\/04\/Showroom-u.-Storage-13_72dpi-655x468.jpg 655w, https:\/\/amian-collectioncars.com\/wp-content\/uploads\/2023\/04\/Showroom-u.-Storage-13_72dpi-820x586.jpg 820w\" sizes=\"auto, (max-width: 1600px) 100vw, 1600px\" \/><\/a><\/li><\/ul><\/div><\/div><\/div><\/div><\/div><\/div><\/div><div class=\"vc_empty_space\"   style=\"height: 10px\"><span class=\"vc_empty_space_inner\"><\/span><\/div><h2 style=\"text-align: left\" class=\"vc_custom_heading vc_do_custom_heading\" >Erfolgreiche Kooperationen mit Markenpartnern<\/h2>\n\t<div class=\"wpb_text_column wpb_content_element\" >\n\t\t<div class=\"wpb_wrapper\">\n\t\t\t<p style=\"text-align: left;\">In Zusammenarbeit mit bekannten Markenpartnern zeigt Amian Collection Cars au\u00dfergew\u00f6hnliche Sondermodelle, ber\u00e4t zu Tuning und Wartung und \u00fcbernimmt An- oder Ummeldung f\u00fcr Ihre Fahrzeuge. Europas branchenf\u00fchrender Schutzfolienspezialist er\u00f6ffnet hier den ersten deutschen Hub f\u00fcr ma\u00dfgeschneiderte Lackveredelung.<\/p>\n\n\t\t<\/div>\n\t<\/div>\n<div class=\"vc_empty_space\"   style=\"height: 10px\"><span class=\"vc_empty_space_inner\"><\/span><\/div>\n\t\t\t<!-- START About REVOLUTION SLIDER 6.7.38 --><p class=\"rs-p-wp-fix\"><\/p>\n\t\t\t<rs-module-wrap id=\"rev_slider_3_1_wrapper\" data-source=\"gallery\" style=\"visibility:hidden;background:transparent;padding:0;margin:0px auto;margin-top:0;margin-bottom:0;\">\n\t\t\t\t<rs-module id=\"rev_slider_3_1\" style=\"\" data-version=\"6.7.38\">\n\t\t\t\t\t<rs-slides style=\"overflow: hidden; position: absolute;\">\n\t\t\t\t\t\t<rs-slide style=\"position: absolute;\" data-key=\"rs-5\" data-title=\"Slide\" data-anim=\"adpr:false;\" data-in=\"o:0;\" data-out=\"a:false;\">\n\t\t\t\t\t\t\t<img decoding=\"async\" src=\"\/\/amian-collectioncars.com\/wp-content\/plugins\/revslider\/sr6\/assets\/assets\/dummy.png\" alt=\"Slide\" title=\"\u00dcber uns\" class=\"rev-slidebg tp-rs-img rs-lazyload\" data-lazyload=\"\/\/amian-collectioncars.com\/wp-content\/plugins\/revslider\/sr6\/assets\/assets\/transparent.png\" data-parallax=\"off\" data-no-retina>\n<!--\n\t\t\t\t\t\t\t--><rs-layer\n\t\t\t\t\t\t\t\tid=\"slider-3-slide-5-layer-2\" \n\t\t\t\t\t\t\t\tclass=\"rs-fsv rs-layer-video intrinsic-ignore\"\n\t\t\t\t\t\t\t\tdata-type=\"video\"\n\t\t\t\t\t\t\t\tdata-rsp_ch=\"on\"\n\t\t\t\t\t\t\t\tdata-xy=\"x:0;y:0;\"\n\t\t\t\t\t\t\t\tdata-text=\"l:22;a:inherit;\"\n\t\t\t\t\t\t\t\tdata-dim=\"w:100%;h:100%;\"\n\t\t\t\t\t\t\t\tdata-basealign=\"slide\"\n\t\t\t\t\t\t\t\tdata-video=\"vd:0;sta:0:09;end:2:16;rwd:f;fc:true;l:false;ptimer:false;nse:f;sav:f;inl:f;\"\n\t\t\t\t\t\t\t\tdata-poster=\"\/\/amian-collectioncars.com\/wp-content\/uploads\/2022\/10\/221006_Bugatti-Veyron-2.jpg\"\n\t\t\t\t\t\t\t\tdata-ytid=\"nXZlOgXNN3s\"\n\t\t\t\t\t\t\t\tdata-vatr=\"version=3&amp;enablejsapi=1&amp;html5=1&amp;hd=1&amp;wmode=opaque&amp;showinfo=0&amp;rel=0&amp;start=09&amp;end=136&amp;origin=https:\/\/amian-collectioncars.com;\"\n\t\t\t\t\t\t\t\tdata-frame_1=\"sR:10;\"\n\t\t\t\t\t\t\t\tdata-frame_999=\"o:0;st:w;sR:8690;\"\n\t\t\t\t\t\t\t\tstyle=\"z-index:5;\"\n\t\t\t\t\t\t\t>\n\t\t\t\t\t\t\t<\/rs-layer><!--\n-->\t\t\t\t\t<\/rs-slide>\n\t\t\t\t\t<\/rs-slides>\n\t\t\t\t<\/rs-module>\n\t\t\t\t<script data-jetpack-boost=\"ignore\">\n\t\t\t\t\tsetREVStartSize({c: 'rev_slider_3_1',rl:[1240,1024,778,480],el:[500],gw:[1240],gh:[500],type:'standard',justify:'',layout:'fullwidth',mh:\"0\"});if (window.RS_MODULES!==undefined && window.RS_MODULES.modules!==undefined && window.RS_MODULES.modules[\"revslider31\"]!==undefined) {window.RS_MODULES.modules[\"revslider31\"].once = false;window.revapi3 = undefined;if (window.RS_MODULES.checkMinimal!==undefined) window.RS_MODULES.checkMinimal()}\n\t\t\t\t<\/script>\n\t\t\t<\/rs-module-wrap>\n\t\t\t<!-- END REVOLUTION SLIDER -->\n<div class=\"vc_empty_space\"   style=\"height: 60px\"><span class=\"vc_empty_space_inner\"><\/span><\/div><h2 style=\"text-align: left\" class=\"vc_custom_heading vc_do_custom_heading\" >Limited Edition: Investition in emotionale Werte<\/h2>\n\t<div class=\"wpb_text_column wpb_content_element wpb_animate_when_almost_visible wpb_fadeIn fadeIn\" >\n\t\t<div class=\"wpb_wrapper\">\n\t\t\t<p>Automobile Wertanlagen sch\u00fctzen Kapital nachhaltig und generieren in Zeiten niedriger Zinsen h\u00f6here Ertr\u00e4ge als Geldwertanlagen. Finanzexperten empfehlen, Wertanlagen zu diversifizieren und auch in physische Werte zu investieren, die nur in limitierter Auflage zur Verf\u00fcgung stehen. Luxusfahrzeuge wie ein Bugatti \u201eOne of One\u201c, ein seltener Lamborghini oder ein Ferrari in Sonderausstattung weisen \u00fcber l\u00e4ngere Zeitr\u00e4ume hinweg eine positive Wertentwicklung auf und gelten als sichere Anlage. Die Nachfrage nach wertbest\u00e4ndigen Fahrzeugen als emotionalem Besitz, der jederzeit bewegt werden kann, h\u00e4lt sich konstant. Das Management von Amian Collection Cars unterh\u00e4lt pers\u00f6nliche Kontakte zu privaten Sammlern in aller Welt und kann so auch seltene Modelle aufsp\u00fcren. F\u00fcr ein limitiertes Sammlerst\u00fcck bekannter Luxusautomobilhersteller kann der Besitzer in der Regel nach wenigen Jahren einen h\u00f6heren Verkaufspreis erzielen. Vor der \u00dcbergabe gut restaurierte Oldtimer werden hoch gehandelt. Amian Collection Cars ber\u00e4t Sie gerne zur Instandsetzung Ihres Sammlerst\u00fccks in der firmeneigenen Werkstatt.<\/p>\n\n\t\t<\/div>\n\t<\/div>\n<div class=\"vc_empty_space\"   style=\"height: 10px\"><span class=\"vc_empty_space_inner\"><\/span><\/div>\n\t<div  class=\"wpb_single_image wpb_content_element vc_align_left wpb_content_element\">\n\t\t\n\t\t<figure class=\"wpb_wrapper vc_figure\">\n\t\t\t<div class=\"vc_single_image-wrapper   vc_box_border_grey\"><img loading=\"lazy\" decoding=\"async\" width=\"1602\" height=\"1143\" src=\"https:\/\/amian-collectioncars.com\/wp-content\/uploads\/2023\/03\/Dominik-34.jpg\" class=\"vc_single_image-img attachment-full\" alt=\"\" title=\"Dominik-34\" srcset=\"https:\/\/amian-collectioncars.com\/wp-content\/uploads\/2023\/03\/Dominik-34.jpg 1602w, https:\/\/amian-collectioncars.com\/wp-content\/uploads\/2023\/03\/Dominik-34-300x214.jpg 300w, https:\/\/amian-collectioncars.com\/wp-content\/uploads\/2023\/03\/Dominik-34-1024x731.jpg 1024w, https:\/\/amian-collectioncars.com\/wp-content\/uploads\/2023\/03\/Dominik-34-768x548.jpg 768w, https:\/\/amian-collectioncars.com\/wp-content\/uploads\/2023\/03\/Dominik-34-1536x1096.jpg 1536w, https:\/\/amian-collectioncars.com\/wp-content\/uploads\/2023\/03\/Dominik-34-18x12.jpg 18w, https:\/\/amian-collectioncars.com\/wp-content\/uploads\/2023\/03\/Dominik-34-1116x796.jpg 1116w, https:\/\/amian-collectioncars.com\/wp-content\/uploads\/2023\/03\/Dominik-34-806x575.jpg 806w, https:\/\/amian-collectioncars.com\/wp-content\/uploads\/2023\/03\/Dominik-34-558x398.jpg 558w, https:\/\/amian-collectioncars.com\/wp-content\/uploads\/2023\/03\/Dominik-34-655x467.jpg 655w, https:\/\/amian-collectioncars.com\/wp-content\/uploads\/2023\/03\/Dominik-34-820x585.jpg 820w\" sizes=\"auto, (max-width: 1602px) 100vw, 1602px\" \/><\/div>\n\t\t<\/figure>\n\t<\/div>\n<div class=\"vc_empty_space\"   style=\"height: 10px\"><span class=\"vc_empty_space_inner\"><\/span><\/div>\n\t<div class=\"wpb_text_column wpb_content_element\" >\n\t\t<div class=\"wpb_wrapper\">\n\t\t\t\n\t\t<\/div>\n\t<\/div>\n<h2 style=\"text-align: left\" class=\"vc_custom_heading vc_do_custom_heading\" >Viewings nach Terminvereinbarung<\/h2>\n\t<div class=\"wpb_text_column wpb_content_element\" >\n\t\t<div class=\"wpb_wrapper\">\n\t\t\t<p>Vereinbaren Sie jetzt Ihren pers\u00f6nlichen Termin mit Dominik Amian und seinem Team. Bei einem Private Viewing stellen wir Ihnen gerne alle Abteilungen des neuen Flagship Stores in Kerpen vor. Mehr \u00fcber unsere Services erfahren Sie <a href=\"https:\/\/amian-collectioncars.com\/services\/\">hier<\/a>.<\/p>\n\n\t\t<\/div>\n\t<\/div>\n<div class=\"vc_empty_space\"   style=\"height: 40px\"><span class=\"vc_empty_space_inner\"><\/span><\/div><\/div><\/div><\/div><\/div><\/div>\n<\/div><\/div>","protected":false},"excerpt":{"rendered":"\u00dcber uns Dominik Amian und sein Team er\u00f6ffneten im Sommer 2022 ein vision\u00e4res Zentrum f\u00fcr Luxus-Limousinen und Supersportwagen. Sein Unternehmen wurde bereits 2015 von GT Spirit zum exklusivsten Showroom seiner Branche in ganz Europa gew\u00e4hlt. Durch die langj\u00e4hrige Expertise des Gr\u00fcnders im Bereich Luxury Car Brand Management entstand eine neuartige und unkonventionelle Plattform f\u00fcr den&hellip;","protected":false},"author":1,"featured_media":6638,"parent":0,"menu_order":0,"comment_status":"closed","ping_status":"closed","template":"","meta":{"_acf_changed":false,"inline_featured_image":false,"footnotes":""},"class_list":["post-4469","page","type-page","status-publish","has-post-thumbnail","hentry"],"acf":[],"yoast_head":"<!-- This site is optimized with the Yoast SEO plugin v27.4 - https:\/\/yoast.com\/product\/yoast-seo-wordpress\/ -->\n<title>\u00dcber uns - Amian Collection Cars<\/title>\n<meta name=\"description\" content=\"Amian Collection Cars bietet mit dem Car Storage Parkpl\u00e4tze f\u00fcr Supersportwagen.\" \/>\n<meta name=\"robots\" content=\"index, follow, max-snippet:-1, max-image-preview:large, max-video-preview:-1\" \/>\n<link rel=\"canonical\" href=\"https:\/\/amian-collectioncars.com\/en\/ueber-uns\/\" \/>\n<meta property=\"og:locale\" content=\"en_GB\" \/>\n<meta property=\"og:type\" content=\"article\" \/>\n<meta property=\"og:title\" content=\"\u00dcber uns - Amian Collection Cars\" \/>\n<meta property=\"og:description\" content=\"Amian Collection Cars bietet mit dem Car Storage Parkpl\u00e4tze f\u00fcr Supersportwagen.\" \/>\n<meta property=\"og:url\" content=\"https:\/\/amian-collectioncars.com\/en\/ueber-uns\/\" \/>\n<meta property=\"og:site_name\" content=\"Amian Collection Cars\" \/>\n<meta property=\"article:modified_time\" content=\"2025-12-14T15:10:11+00:00\" \/>\n<meta property=\"og:image\" content=\"https:\/\/amian-collectioncars.com\/wp-content\/uploads\/2023\/03\/Showroom_Storage_23.jpg\" \/>\n\t<meta property=\"og:image:width\" content=\"1600\" \/>\n\t<meta property=\"og:image:height\" content=\"1143\" \/>\n\t<meta property=\"og:image:type\" content=\"image\/jpeg\" \/>\n<meta name=\"twitter:card\" content=\"summary_large_image\" \/>\n<meta name=\"twitter:label1\" content=\"Estimated reading time\" \/>\n\t<meta name=\"twitter:data1\" content=\"4 minutes\" \/>\n<script type=\"application\/ld+json\" class=\"yoast-schema-graph\">{\"@context\":\"https:\\\/\\\/schema.org\",\"@graph\":[{\"@type\":\"WebPage\",\"@id\":\"https:\\\/\\\/amian-collectioncars.com\\\/ueber-uns\\\/\",\"url\":\"https:\\\/\\\/amian-collectioncars.com\\\/ueber-uns\\\/\",\"name\":\"\u00dcber uns - Amian Collection Cars\",\"isPartOf\":{\"@id\":\"https:\\\/\\\/amian-collectioncars.com\\\/en\\\/#website\"},\"primaryImageOfPage\":{\"@id\":\"https:\\\/\\\/amian-collectioncars.com\\\/ueber-uns\\\/#primaryimage\"},\"image\":{\"@id\":\"https:\\\/\\\/amian-collectioncars.com\\\/ueber-uns\\\/#primaryimage\"},\"thumbnailUrl\":\"https:\\\/\\\/amian-collectioncars.com\\\/wp-content\\\/uploads\\\/2023\\\/03\\\/Showroom_Storage_23.jpg\",\"datePublished\":\"2017-10-23T13:35:39+00:00\",\"dateModified\":\"2025-12-14T15:10:11+00:00\",\"description\":\"Amian Collection Cars bietet mit dem Car Storage Parkpl\u00e4tze f\u00fcr Supersportwagen.\",\"breadcrumb\":{\"@id\":\"https:\\\/\\\/amian-collectioncars.com\\\/ueber-uns\\\/#breadcrumb\"},\"inLanguage\":\"en-GB\",\"potentialAction\":[{\"@type\":\"ReadAction\",\"target\":[\"https:\\\/\\\/amian-collectioncars.com\\\/ueber-uns\\\/\"]}]},{\"@type\":\"ImageObject\",\"inLanguage\":\"en-GB\",\"@id\":\"https:\\\/\\\/amian-collectioncars.com\\\/ueber-uns\\\/#primaryimage\",\"url\":\"https:\\\/\\\/amian-collectioncars.com\\\/wp-content\\\/uploads\\\/2023\\\/03\\\/Showroom_Storage_23.jpg\",\"contentUrl\":\"https:\\\/\\\/amian-collectioncars.com\\\/wp-content\\\/uploads\\\/2023\\\/03\\\/Showroom_Storage_23.jpg\",\"width\":1600,\"height\":1143},{\"@type\":\"BreadcrumbList\",\"@id\":\"https:\\\/\\\/amian-collectioncars.com\\\/ueber-uns\\\/#breadcrumb\",\"itemListElement\":[{\"@type\":\"ListItem\",\"position\":1,\"name\":\"Startseite\",\"item\":\"https:\\\/\\\/amian-collectioncars.com\\\/\"},{\"@type\":\"ListItem\",\"position\":2,\"name\":\"\u00dcber uns\"}]},{\"@type\":\"WebSite\",\"@id\":\"https:\\\/\\\/amian-collectioncars.com\\\/en\\\/#website\",\"url\":\"https:\\\/\\\/amian-collectioncars.com\\\/en\\\/\",\"name\":\"Amian Collection Cars\",\"description\":\"Amian Exclusive Cars aus K\u00f6ln\",\"potentialAction\":[{\"@type\":\"SearchAction\",\"target\":{\"@type\":\"EntryPoint\",\"urlTemplate\":\"https:\\\/\\\/amian-collectioncars.com\\\/en\\\/?s={search_term_string}\"},\"query-input\":{\"@type\":\"PropertyValueSpecification\",\"valueRequired\":true,\"valueName\":\"search_term_string\"}}],\"inLanguage\":\"en-GB\"}]}<\/script>\n<!-- \/ Yoast SEO plugin. -->","yoast_head_json":{"title":"\u00dcber uns - Amian Collection Cars","description":"Amian Collection Cars bietet mit dem Car Storage Parkpl\u00e4tze f\u00fcr Supersportwagen.","robots":{"index":"index","follow":"follow","max-snippet":"max-snippet:-1","max-image-preview":"max-image-preview:large","max-video-preview":"max-video-preview:-1"},"canonical":"https:\/\/amian-collectioncars.com\/en\/ueber-uns\/","og_locale":"en_GB","og_type":"article","og_title":"\u00dcber uns - Amian Collection Cars","og_description":"Amian Collection Cars bietet mit dem Car Storage Parkpl\u00e4tze f\u00fcr Supersportwagen.","og_url":"https:\/\/amian-collectioncars.com\/en\/ueber-uns\/","og_site_name":"Amian Collection Cars","article_modified_time":"2025-12-14T15:10:11+00:00","og_image":[{"width":1600,"height":1143,"url":"https:\/\/amian-collectioncars.com\/wp-content\/uploads\/2023\/03\/Showroom_Storage_23.jpg","type":"image\/jpeg"}],"twitter_card":"summary_large_image","twitter_misc":{"Estimated reading time":"4 minutes"},"schema":{"@context":"https:\/\/schema.org","@graph":[{"@type":"WebPage","@id":"https:\/\/amian-collectioncars.com\/ueber-uns\/","url":"https:\/\/amian-collectioncars.com\/ueber-uns\/","name":"\u00dcber uns - Amian Collection Cars","isPartOf":{"@id":"https:\/\/amian-collectioncars.com\/en\/#website"},"primaryImageOfPage":{"@id":"https:\/\/amian-collectioncars.com\/ueber-uns\/#primaryimage"},"image":{"@id":"https:\/\/amian-collectioncars.com\/ueber-uns\/#primaryimage"},"thumbnailUrl":"https:\/\/amian-collectioncars.com\/wp-content\/uploads\/2023\/03\/Showroom_Storage_23.jpg","datePublished":"2017-10-23T13:35:39+00:00","dateModified":"2025-12-14T15:10:11+00:00","description":"Amian Collection Cars bietet mit dem Car Storage Parkpl\u00e4tze f\u00fcr Supersportwagen.","breadcrumb":{"@id":"https:\/\/amian-collectioncars.com\/ueber-uns\/#breadcrumb"},"inLanguage":"en-GB","potentialAction":[{"@type":"ReadAction","target":["https:\/\/amian-collectioncars.com\/ueber-uns\/"]}]},{"@type":"ImageObject","inLanguage":"en-GB","@id":"https:\/\/amian-collectioncars.com\/ueber-uns\/#primaryimage","url":"https:\/\/amian-collectioncars.com\/wp-content\/uploads\/2023\/03\/Showroom_Storage_23.jpg","contentUrl":"https:\/\/amian-collectioncars.com\/wp-content\/uploads\/2023\/03\/Showroom_Storage_23.jpg","width":1600,"height":1143},{"@type":"BreadcrumbList","@id":"https:\/\/amian-collectioncars.com\/ueber-uns\/#breadcrumb","itemListElement":[{"@type":"ListItem","position":1,"name":"Startseite","item":"https:\/\/amian-collectioncars.com\/"},{"@type":"ListItem","position":2,"name":"\u00dcber uns"}]},{"@type":"WebSite","@id":"https:\/\/amian-collectioncars.com\/en\/#website","url":"https:\/\/amian-collectioncars.com\/en\/","name":"Amian Collection Cars","description":"Amian Exclusive Cars aus K\u00f6ln","potentialAction":[{"@type":"SearchAction","target":{"@type":"EntryPoint","urlTemplate":"https:\/\/amian-collectioncars.com\/en\/?s={search_term_string}"},"query-input":{"@type":"PropertyValueSpecification","valueRequired":true,"valueName":"search_term_string"}}],"inLanguage":"en-GB"}]}},"jetpack_sharing_enabled":true,"_links":{"self":[{"href":"https:\/\/amian-collectioncars.com\/en\/wp-json\/wp\/v2\/pages\/4469","targetHints":{"allow":["GET"]}}],"collection":[{"href":"https:\/\/amian-collectioncars.com\/en\/wp-json\/wp\/v2\/pages"}],"about":[{"href":"https:\/\/amian-collectioncars.com\/en\/wp-json\/wp\/v2\/types\/page"}],"author":[{"embeddable":true,"href":"https:\/\/amian-collectioncars.com\/en\/wp-json\/wp\/v2\/users\/1"}],"replies":[{"embeddable":true,"href":"https:\/\/amian-collectioncars.com\/en\/wp-json\/wp\/v2\/comments?post=4469"}],"version-history":[{"count":178,"href":"https:\/\/amian-collectioncars.com\/en\/wp-json\/wp\/v2\/pages\/4469\/revisions"}],"predecessor-version":[{"id":9294,"href":"https:\/\/amian-collectioncars.com\/en\/wp-json\/wp\/v2\/pages\/4469\/revisions\/9294"}],"wp:featuredmedia":[{"embeddable":true,"href":"https:\/\/amian-collectioncars.com\/en\/wp-json\/wp\/v2\/media\/6638"}],"wp:attachment":[{"href":"https:\/\/amian-collectioncars.com\/en\/wp-json\/wp\/v2\/media?parent=4469"}],"curies":[{"name":"wp","href":"https:\/\/api.w.org\/{rel}","templated":true}]}}